{"id":36083,"date":"2018-12-11T14:24:36","date_gmt":"2018-12-11T13:24:36","guid":{"rendered":"https:\/\/zambello.it\/?page_id=36083"},"modified":"2026-02-09T10:46:37","modified_gmt":"2026-02-09T09:46:37","slug":"sedi-in-europa","status":"publish","type":"page","link":"https:\/\/zambello.it\/en\/aziende\/zambello-nel-mondo\/sedi-in-europa\/","title":{"rendered":"Branches in Europe"},"content":{"rendered":"<p>[vc_row][vc_column][vc_empty_space][vc_column_text]<\/p>\n<h2 style=\"text-align: right;\">Branches in Europe<\/h2>\n<p>[\/vc_column_text][vc_empty_space][vc_empty_space][\/vc_column][\/vc_row][vc_row][vc_column width=&#8221;1\/3&#8243;][vc_widget_sidebar show_bg=&#8221;false&#8221; sidebar_id=&#8221;sidebar_4&#8243;][\/vc_column][vc_column width=&#8221;1\/3&#8243;][\/vc_column][vc_column width=&#8221;1\/3&#8243;][vc_column_text]<\/p>\n<p style=\"text-align: right;\"><b>GERMANY, AUSTRIA, SWITZERLAND<\/b><br \/>\nSTUPPI ENGINEERING GmbH<br \/>\nIm Eichacker 6<br \/>\nD-66629 Freisen<br \/>\nTel.: +49 (0) 6855 3330 270<br \/>\ninfo@stuppi-engineering.de<br \/>\nContact person: Mr. Tim Stuppi<\/p>\n<p>[\/vc_column_text][\/vc_column][\/vc_row][vc_row][vc_column width=&#8221;1\/3&#8243;][\/vc_column][vc_column width=&#8221;1\/3&#8243;][\/vc_column][vc_column width=&#8221;1\/3&#8243;][vc_column_text]<\/p>\n<p style=\"text-align: right;\"><b>SPAIN<\/b><br \/>\nWTS &#8211; WAPF TECHNOLOGICAL SOLUTIONS S.L.<br \/>\nCalle Mas Coll, 19<br \/>\nE 08328 Alella (BCN) Spain<br \/>\nTel: +34 93 540 86 61 &#8211; Mob: +34 615 74 27 77<br \/>\nch.wapf@wtsolutions.es<br \/>\nContact Person: Mr. Christopher Wapf<\/p>\n<p>[\/vc_column_text][\/vc_column][\/vc_row][vc_row][vc_column width=&#8221;1\/3&#8243;][\/vc_column][vc_column width=&#8221;1\/3&#8243;][\/vc_column][vc_column width=&#8221;1\/3&#8243;][vc_column_text]<\/p>\n<p style=\"text-align: right;\"><b>BENELUX <\/b><br \/>\nWTS &#8211; WAPF TECHNOLOGICAL SOLUTIONS S.L.<br \/>\nCalle Mas Coll, 19<br \/>\nE 08328 Alella (BCN) Spain<br \/>\nTel: +34 93 540 86 61 &#8211; Mob: +34 615 74 27 77<br \/>\nch.wapf@wtsolutions.es<br \/>\nContact Person: Mr. Christopher Wapf<\/p>\n<p>[\/vc_column_text][\/vc_column][\/vc_row][vc_row][vc_column width=&#8221;1\/3&#8243;][\/vc_column][vc_column width=&#8221;1\/3&#8243;][\/vc_column][vc_column width=&#8221;1\/3&#8243;][vc_column_text]<\/p>\n<p style=\"text-align: right;\"><b>GREAT BRITAIN<\/b><\/p>\n<p style=\"text-align: right;\">ANDANTEX LTD<br \/>\nPrecision Engineering Solutions<br \/>\nUnit 3B, Lythalls Lane Industrial Estate, Lythalls Lane, Coventry, CV6 6FL<br \/>\nTel: 02476 307722<br \/>\nMob: 07811 964246<br \/>\nwww.andantex.co.uk<br \/>\nContact Person: Mr. Phil Spencer<\/p>\n<p>[\/vc_column_text][\/vc_column][\/vc_row][vc_row][vc_column width=&#8221;1\/3&#8243;][\/vc_column][vc_column width=&#8221;1\/3&#8243;][\/vc_column][vc_column width=&#8221;1\/3&#8243;][vc_column_text]<\/p>\n<p style=\"text-align: right;\"><b>RUSSIA <\/b><br \/>\nENCE GmbH<br \/>\n105082 Moscow, Malaya Pochtovaya str. 10<br \/>\nTel: +7 499 261-07-21<br \/>\nFax: +7 499 263-13-37<br \/>\nEmail: info@ence.ch<br \/>\nCommercial director: Mr. Sergey V.Uvarov<\/p>\n<p>[\/vc_column_text][\/vc_column][\/vc_row][vc_row][vc_column width=&#8221;1\/3&#8243;][\/vc_column][vc_column width=&#8221;1\/3&#8243;][\/vc_column][vc_column width=&#8221;1\/3&#8243;][vc_column_text]<\/p>\n<p style=\"text-align: right;\"><b>TURKEY <\/b><br \/>\nADEN END\u00dcSTR\u00ddYEL \u00dcR\u00dcNLER SAN. VE DI\u00de T\u00ddC. LTD.<br \/>\n\u00det\u00fd, \u00dd.O.S.B. Triko Center Sanayi Sitesi M-3 Blok No 58 P.K 34294 \u00ddkitelli \/ \u00ddstanbul<br \/>\nTel: +90 (212) 438 67 33-34- Fax: +90 (212) 438 67 35<br \/>\nE-mail: info@adenindustrial.com<br \/>\ncontact person: Mr. Hakan Dogusoy<\/p>\n<p>[\/vc_column_text][\/vc_column][\/vc_row][vc_row][vc_column][\/vc_column][\/vc_row]<\/p>","protected":false},"excerpt":{"rendered":"<p>[vc_row][vc_column][vc_empty_space][vc_column_text] Branches in Europe [\/vc_column_text][vc_empty_space][vc_empty_space][\/vc_column][\/vc_row][vc_row][vc_column width=&#8221;1\/3&#8243;][vc_widget_sidebar show_bg=&#8221;false&#8221; sidebar_id=&#8221;sidebar_4&#8243;][\/vc_column][vc_column width=&#8221;1\/3&#8243;][\/vc_column][vc_column width=&#8221;1\/3&#8243;][vc_column_text] GERMANY, AUSTRIA, SWITZERLAND STUPPI ENGINEERING GmbH Im Eichacker 6 D-66629 Freisen Tel.: +49 (0) 6855 3330 270 info@stuppi-engineering.de Contact person: Mr. Tim Stuppi [\/vc_column_text][\/vc_column][\/vc_row][vc_row][vc_column width=&#8221;1\/3&#8243;][\/vc_column][vc_column width=&#8221;1\/3&#8243;][\/vc_column][vc_column width=&#8221;1\/3&#8243;][vc_column_text] SPAIN WTS &#8211; WAPF TECHNOLOGICAL SOLUTIONS S.L. Calle Mas Coll, 19 E 08328 Alella (BCN) Spain Tel: +34&hellip;<\/p>\n","protected":false},"author":1,"featured_media":0,"parent":1525,"menu_order":0,"comment_status":"closed","ping_status":"closed","template":"","meta":[],"class_list":["post-36083","page","type-page","status-publish","hentry","description-off"],"yoast_head":"<!-- This site is optimized with the Yoast SEO plugin v27.2 - https:\/\/yoast.com\/product\/yoast-seo-wordpress\/ -->\n<title>Branches in Europe - Zambello group<\/title>\n<meta name=\"robots\" content=\"index, follow, max-snippet:-1, max-image-preview:large, max-video-preview:-1\" \/>\n<link rel=\"canonical\" href=\"https:\/\/zambello.it\/aziende\/zambello-nel-mondo\/sedi-in-europa\/\" \/>\n<meta property=\"og:locale\" content=\"en_US\" \/>\n<meta property=\"og:type\" content=\"article\" \/>\n<meta property=\"og:title\" content=\"Branches in Europe - Zambello group\" \/>\n<meta property=\"og:description\" content=\"[vc_row][vc_column][vc_empty_space][vc_column_text] Branches in Europe [\/vc_column_text][vc_empty_space][vc_empty_space][\/vc_column][\/vc_row][vc_row][vc_column width=&#8221;1\/3&#8243;][vc_widget_sidebar show_bg=&#8221;false&#8221; sidebar_id=&#8221;sidebar_4&#8243;][\/vc_column][vc_column width=&#8221;1\/3&#8243;][\/vc_column][vc_column width=&#8221;1\/3&#8243;][vc_column_text] GERMANY, AUSTRIA, SWITZERLAND STUPPI ENGINEERING GmbH Im Eichacker 6 D-66629 Freisen Tel.: +49 (0) 6855 3330 270 info@stuppi-engineering.de Contact person: Mr. Tim Stuppi [\/vc_column_text][\/vc_column][\/vc_row][vc_row][vc_column width=&#8221;1\/3&#8243;][\/vc_column][vc_column width=&#8221;1\/3&#8243;][\/vc_column][vc_column width=&#8221;1\/3&#8243;][vc_column_text] SPAIN WTS &#8211; WAPF TECHNOLOGICAL SOLUTIONS S.L. Calle Mas Coll, 19 E 08328 Alella (BCN) Spain Tel: +34&hellip;\" \/>\n<meta property=\"og:url\" content=\"https:\/\/zambello.it\/aziende\/zambello-nel-mondo\/sedi-in-europa\/\" \/>\n<meta property=\"og:site_name\" content=\"Zambello group\" \/>\n<meta property=\"article:modified_time\" content=\"2026-02-09T09:46:37+00:00\" \/>\n<meta name=\"twitter:card\" content=\"summary_large_image\" \/>\n<meta name=\"twitter:label1\" content=\"Est. reading time\" \/>\n\t<meta name=\"twitter:data1\" content=\"2 minutes\" \/>\n<script type=\"application\/ld+json\" class=\"yoast-schema-graph\">{\"@context\":\"https:\/\/schema.org\",\"@graph\":[{\"@type\":\"WebPage\",\"@id\":\"https:\/\/zambello.it\/aziende\/zambello-nel-mondo\/sedi-in-europa\/\",\"url\":\"https:\/\/zambello.it\/aziende\/zambello-nel-mondo\/sedi-in-europa\/\",\"name\":\"Branches in Europe - Zambello group\",\"isPartOf\":{\"@id\":\"https:\/\/zambello.it\/#website\"},\"datePublished\":\"2018-12-11T13:24:36+00:00\",\"dateModified\":\"2026-02-09T09:46:37+00:00\",\"breadcrumb\":{\"@id\":\"https:\/\/zambello.it\/aziende\/zambello-nel-mondo\/sedi-in-europa\/#breadcrumb\"},\"inLanguage\":\"en-US\",\"potentialAction\":[{\"@type\":\"ReadAction\",\"target\":[\"https:\/\/zambello.it\/aziende\/zambello-nel-mondo\/sedi-in-europa\/\"]}]},{\"@type\":\"BreadcrumbList\",\"@id\":\"https:\/\/zambello.it\/aziende\/zambello-nel-mondo\/sedi-in-europa\/#breadcrumb\",\"itemListElement\":[{\"@type\":\"ListItem\",\"position\":1,\"name\":\"Home\",\"item\":\"https:\/\/zambello.it\/\"},{\"@type\":\"ListItem\",\"position\":2,\"name\":\"Aziende\",\"item\":\"https:\/\/zambello.it\/aziende\/\"},{\"@type\":\"ListItem\",\"position\":3,\"name\":\"Zambello nel mondo\",\"item\":\"https:\/\/zambello.it\/aziende\/zambello-nel-mondo\/\"},{\"@type\":\"ListItem\",\"position\":4,\"name\":\"Sedi in Europa\"}]},{\"@type\":\"WebSite\",\"@id\":\"https:\/\/zambello.it\/#website\",\"url\":\"https:\/\/zambello.it\/\",\"name\":\"Zambello group\",\"description\":\"Advanced technology for extruders\",\"publisher\":{\"@id\":\"https:\/\/zambello.it\/#organization\"},\"potentialAction\":[{\"@type\":\"SearchAction\",\"target\":{\"@type\":\"EntryPoint\",\"urlTemplate\":\"https:\/\/zambello.it\/?s={search_term_string}\"},\"query-input\":{\"@type\":\"PropertyValueSpecification\",\"valueRequired\":true,\"valueName\":\"search_term_string\"}}],\"inLanguage\":\"en-US\"},{\"@type\":\"Organization\",\"@id\":\"https:\/\/zambello.it\/#organization\",\"name\":\"Zambello Group\",\"url\":\"https:\/\/zambello.it\/\",\"logo\":{\"@type\":\"ImageObject\",\"inLanguage\":\"en-US\",\"@id\":\"https:\/\/zambello.it\/#\/schema\/logo\/image\/\",\"url\":\"https:\/\/zambello.it\/wp-content\/uploads\/2018\/11\/LOGO28XI_350.png\",\"contentUrl\":\"https:\/\/zambello.it\/wp-content\/uploads\/2018\/11\/LOGO28XI_350.png\",\"width\":350,\"height\":64,\"caption\":\"Zambello Group\"},\"image\":{\"@id\":\"https:\/\/zambello.it\/#\/schema\/logo\/image\/\"}}]}<\/script>\n<!-- \/ Yoast SEO plugin. -->","yoast_head_json":{"title":"Branches in Europe - Zambello group","robots":{"index":"index","follow":"follow","max-snippet":"max-snippet:-1","max-image-preview":"max-image-preview:large","max-video-preview":"max-video-preview:-1"},"canonical":"https:\/\/zambello.it\/aziende\/zambello-nel-mondo\/sedi-in-europa\/","og_locale":"en_US","og_type":"article","og_title":"Branches in Europe - Zambello group","og_description":"[vc_row][vc_column][vc_empty_space][vc_column_text] Branches in Europe [\/vc_column_text][vc_empty_space][vc_empty_space][\/vc_column][\/vc_row][vc_row][vc_column width=&#8221;1\/3&#8243;][vc_widget_sidebar show_bg=&#8221;false&#8221; sidebar_id=&#8221;sidebar_4&#8243;][\/vc_column][vc_column width=&#8221;1\/3&#8243;][\/vc_column][vc_column width=&#8221;1\/3&#8243;][vc_column_text] GERMANY, AUSTRIA, SWITZERLAND STUPPI ENGINEERING GmbH Im Eichacker 6 D-66629 Freisen Tel.: +49 (0) 6855 3330 270 info@stuppi-engineering.de Contact person: Mr. Tim Stuppi [\/vc_column_text][\/vc_column][\/vc_row][vc_row][vc_column width=&#8221;1\/3&#8243;][\/vc_column][vc_column width=&#8221;1\/3&#8243;][\/vc_column][vc_column width=&#8221;1\/3&#8243;][vc_column_text] SPAIN WTS &#8211; WAPF TECHNOLOGICAL SOLUTIONS S.L. Calle Mas Coll, 19 E 08328 Alella (BCN) Spain Tel: +34&hellip;","og_url":"https:\/\/zambello.it\/aziende\/zambello-nel-mondo\/sedi-in-europa\/","og_site_name":"Zambello group","article_modified_time":"2026-02-09T09:46:37+00:00","twitter_card":"summary_large_image","twitter_misc":{"Est. reading time":"2 minutes"},"schema":{"@context":"https:\/\/schema.org","@graph":[{"@type":"WebPage","@id":"https:\/\/zambello.it\/aziende\/zambello-nel-mondo\/sedi-in-europa\/","url":"https:\/\/zambello.it\/aziende\/zambello-nel-mondo\/sedi-in-europa\/","name":"Branches in Europe - Zambello group","isPartOf":{"@id":"https:\/\/zambello.it\/#website"},"datePublished":"2018-12-11T13:24:36+00:00","dateModified":"2026-02-09T09:46:37+00:00","breadcrumb":{"@id":"https:\/\/zambello.it\/aziende\/zambello-nel-mondo\/sedi-in-europa\/#breadcrumb"},"inLanguage":"en-US","potentialAction":[{"@type":"ReadAction","target":["https:\/\/zambello.it\/aziende\/zambello-nel-mondo\/sedi-in-europa\/"]}]},{"@type":"BreadcrumbList","@id":"https:\/\/zambello.it\/aziende\/zambello-nel-mondo\/sedi-in-europa\/#breadcrumb","itemListElement":[{"@type":"ListItem","position":1,"name":"Home","item":"https:\/\/zambello.it\/"},{"@type":"ListItem","position":2,"name":"Aziende","item":"https:\/\/zambello.it\/aziende\/"},{"@type":"ListItem","position":3,"name":"Zambello nel mondo","item":"https:\/\/zambello.it\/aziende\/zambello-nel-mondo\/"},{"@type":"ListItem","position":4,"name":"Sedi in Europa"}]},{"@type":"WebSite","@id":"https:\/\/zambello.it\/#website","url":"https:\/\/zambello.it\/","name":"Zambello group","description":"Advanced technology for extruders","publisher":{"@id":"https:\/\/zambello.it\/#organization"},"potentialAction":[{"@type":"SearchAction","target":{"@type":"EntryPoint","urlTemplate":"https:\/\/zambello.it\/?s={search_term_string}"},"query-input":{"@type":"PropertyValueSpecification","valueRequired":true,"valueName":"search_term_string"}}],"inLanguage":"en-US"},{"@type":"Organization","@id":"https:\/\/zambello.it\/#organization","name":"Zambello Group","url":"https:\/\/zambello.it\/","logo":{"@type":"ImageObject","inLanguage":"en-US","@id":"https:\/\/zambello.it\/#\/schema\/logo\/image\/","url":"https:\/\/zambello.it\/wp-content\/uploads\/2018\/11\/LOGO28XI_350.png","contentUrl":"https:\/\/zambello.it\/wp-content\/uploads\/2018\/11\/LOGO28XI_350.png","width":350,"height":64,"caption":"Zambello Group"},"image":{"@id":"https:\/\/zambello.it\/#\/schema\/logo\/image\/"}}]}},"_links":{"self":[{"href":"https:\/\/zambello.it\/en\/wp-json\/wp\/v2\/pages\/36083","targetHints":{"allow":["GET"]}}],"collection":[{"href":"https:\/\/zambello.it\/en\/wp-json\/wp\/v2\/pages"}],"about":[{"href":"https:\/\/zambello.it\/en\/wp-json\/wp\/v2\/types\/page"}],"author":[{"embeddable":true,"href":"https:\/\/zambello.it\/en\/wp-json\/wp\/v2\/users\/1"}],"replies":[{"embeddable":true,"href":"https:\/\/zambello.it\/en\/wp-json\/wp\/v2\/comments?post=36083"}],"version-history":[{"count":21,"href":"https:\/\/zambello.it\/en\/wp-json\/wp\/v2\/pages\/36083\/revisions"}],"predecessor-version":[{"id":38220,"href":"https:\/\/zambello.it\/en\/wp-json\/wp\/v2\/pages\/36083\/revisions\/38220"}],"up":[{"embeddable":true,"href":"https:\/\/zambello.it\/en\/wp-json\/wp\/v2\/pages\/1525"}],"wp:attachment":[{"href":"https:\/\/zambello.it\/en\/wp-json\/wp\/v2\/media?parent=36083"}],"curies":[{"name":"wp","href":"https:\/\/api.w.org\/{rel}","templated":true}]}}