{"id":38006,"date":"2025-03-05T15:22:34","date_gmt":"2025-03-05T14:22:34","guid":{"rendered":"https:\/\/zambello.it\/?page_id=38006"},"modified":"2026-02-19T12:48:47","modified_gmt":"2026-02-19T11:48:47","slug":"certificazioni","status":"publish","type":"page","link":"https:\/\/zambello.it\/de\/certificazioni\/","title":{"rendered":"Zertifizierungen"},"content":{"rendered":"<p><\/p>\n<p>[vc_row][vc_column width=&#8220;1\/4&#8243;][vc_empty_space][vc_empty_space][vc_widget_sidebar show_bg=&#8220;false&#8220; sidebar_id=&#8220;sidebar_6&#8243;][\/vc_column][vc_column width=&#8220;3\/4&#8243;][vc_empty_space][vc_column_text]<\/p>\n<h2 style=\"text-align: right;\">Zertifizierungen<\/h2>\n<p>[\/vc_column_text][vc_empty_space][vc_column_text]<\/p>\n<p style=\"text-align: right;\">Die Zambello Group ist ISO 9001 zertifiziert.<br \/>\nDiese Zertifizierung ist eine Anerkennung unseres kontinuierlichen Engagements f\u00fcr Qualit\u00e4t<br \/>\nund Exzellenz in allen unseren Gesch\u00e4ftsprozessen.<br \/>\nDie ISO 9001-Norm ist ein internationaler Standard, der die Anforderungen an ein Qualit\u00e4tsmanagementsystem definiert.<br \/>\nZambello Group hat ein effektives Qualit\u00e4tsmanagementsystem implementiert, das sich auf Kundenzufriedenheit,<br \/>\nkontinuierliche Verbesserung und operative Effizienz konzentriert.<\/p>\n<p style=\"text-align: right;\">Unsere Verpflichtungen:<\/p>\n<p style=\"text-align: right;\"><strong>Konstante Qualit\u00e4t.<\/strong> Wir verpflichten uns, hohe Qualit\u00e4tsstandards<br \/>\nin jeder Phase aufrechtzuerhalten \u2013 von der Planung \u00fcber die Produktion bis hin zum After-Sales-Support.<\/p>\n<p style=\"text-align: right;\"><strong>Kundenzufriedenheit.<\/strong> Die Zufriedenheit unserer Kunden hat f\u00fcr uns h\u00f6chste Priorit\u00e4t.<br \/>\nWir arbeiten t\u00e4glich daran, sicherzustellen, dass unsere Produkte und Dienstleistungen<br \/>\ndie Erwartungen unserer Kunden erf\u00fcllen und \u00fcbertreffen.<\/p>\n<p style=\"text-align: right;\"><strong>Kontinuierliche Verbesserung.<\/strong> Wir sind bestrebt, unsere Produktionsprozesse<br \/>\nund die Leistung unserer Produkte kontinuierlich zu verbessern, um unseren Kunden stets das Beste zu bieten.<\/p>\n<p style=\"text-align: right;\">Die Zambello Group garantiert ihren Kunden:<\/p>\n<p style=\"text-align: right;\">Hochwertige Produkte und Dienstleistungen<br \/>\nZuverl\u00e4ssigkeit und Best\u00e4ndigkeit<br \/>\nEinen vertrauensw\u00fcrdigen Partner, der sich der Kundenzufriedenheit verpflichtet f\u00fchlt<\/p>\n<p>[\/vc_column_text][vc_empty_space][vc_empty_space][vc_empty_space][\/vc_column][\/vc_row][vc_row][vc_column][vc_empty_space][vc_media_grid item=&#8220;masonryMedia_Default&#8220; grid_id=&#8220;vc_gid:1771501704862-3a071c53-988d-10&#8243; include=&#8220;38008,38009,38036,38035,38225&#8243;][\/vc_column][\/vc_row][vc_row][vc_column][vc_empty_space][vc_empty_space][vc_empty_space][vc_empty_space][\/vc_column][\/vc_row]<\/p>\n<p><\/p>","protected":false},"excerpt":{"rendered":"<p>[vc_row][vc_column width=&#8220;1\/4&#8243;][vc_empty_space][vc_empty_space][vc_widget_sidebar show_bg=&#8220;false&#8220; sidebar_id=&#8220;sidebar_6&#8243;][\/vc_column][vc_column width=&#8220;3\/4&#8243;][vc_empty_space][vc_column_text] Zertifizierungen [\/vc_column_text][vc_empty_space][vc_column_text] Die Zambello Group ist ISO 9001 zertifiziert. Diese Zertifizierung ist eine Anerkennung unseres kontinuierlichen Engagements f\u00fcr Qualit\u00e4t und Exzellenz in allen unseren Gesch\u00e4ftsprozessen. Die ISO 9001-Norm ist ein internationaler Standard, der die Anforderungen an ein Qualit\u00e4tsmanagementsystem definiert. Zambello Group hat ein effektives Qualit\u00e4tsmanagementsystem implementiert, das sich auf Kundenzufriedenheit,&hellip;<\/p>\n","protected":false},"author":1,"featured_media":0,"parent":0,"menu_order":0,"comment_status":"closed","ping_status":"closed","template":"","meta":[],"class_list":["post-38006","page","type-page","status-publish","hentry","description-off"],"yoast_head":"<!-- This site is optimized with the Yoast SEO plugin v27.2 - https:\/\/yoast.com\/product\/yoast-seo-wordpress\/ -->\n<title>Zertifizierungen - Zambello group<\/title>\n<meta name=\"robots\" content=\"index, follow, max-snippet:-1, max-image-preview:large, max-video-preview:-1\" \/>\n<link rel=\"canonical\" href=\"https:\/\/zambello.it\/certificazioni\/\" \/>\n<meta property=\"og:locale\" content=\"de_DE\" \/>\n<meta property=\"og:type\" content=\"article\" \/>\n<meta property=\"og:title\" content=\"Zertifizierungen - Zambello group\" \/>\n<meta property=\"og:description\" content=\"[vc_row][vc_column width=&#8220;1\/4&#8243;][vc_empty_space][vc_empty_space][vc_widget_sidebar show_bg=&#8220;false&#8220; sidebar_id=&#8220;sidebar_6&#8243;][\/vc_column][vc_column width=&#8220;3\/4&#8243;][vc_empty_space][vc_column_text] Zertifizierungen [\/vc_column_text][vc_empty_space][vc_column_text] Die Zambello Group ist ISO 9001 zertifiziert. Diese Zertifizierung ist eine Anerkennung unseres kontinuierlichen Engagements f\u00fcr Qualit\u00e4t und Exzellenz in allen unseren Gesch\u00e4ftsprozessen. Die ISO 9001-Norm ist ein internationaler Standard, der die Anforderungen an ein Qualit\u00e4tsmanagementsystem definiert. Zambello Group hat ein effektives Qualit\u00e4tsmanagementsystem implementiert, das sich auf Kundenzufriedenheit,&hellip;\" \/>\n<meta property=\"og:url\" content=\"https:\/\/zambello.it\/certificazioni\/\" \/>\n<meta property=\"og:site_name\" content=\"Zambello group\" \/>\n<meta property=\"article:modified_time\" content=\"2026-02-19T11:48:47+00:00\" \/>\n<meta name=\"twitter:card\" content=\"summary_large_image\" \/>\n<meta name=\"twitter:label1\" content=\"Gesch\u00e4tzte Lesezeit\" \/>\n\t<meta name=\"twitter:data1\" content=\"1\u00a0Minute\" \/>\n<script type=\"application\/ld+json\" class=\"yoast-schema-graph\">{\"@context\":\"https:\/\/schema.org\",\"@graph\":[{\"@type\":\"WebPage\",\"@id\":\"https:\/\/zambello.it\/certificazioni\/\",\"url\":\"https:\/\/zambello.it\/certificazioni\/\",\"name\":\"Zertifizierungen - Zambello group\",\"isPartOf\":{\"@id\":\"https:\/\/zambello.it\/#website\"},\"datePublished\":\"2025-03-05T14:22:34+00:00\",\"dateModified\":\"2026-02-19T11:48:47+00:00\",\"breadcrumb\":{\"@id\":\"https:\/\/zambello.it\/certificazioni\/#breadcrumb\"},\"inLanguage\":\"de\",\"potentialAction\":[{\"@type\":\"ReadAction\",\"target\":[\"https:\/\/zambello.it\/certificazioni\/\"]}]},{\"@type\":\"BreadcrumbList\",\"@id\":\"https:\/\/zambello.it\/certificazioni\/#breadcrumb\",\"itemListElement\":[{\"@type\":\"ListItem\",\"position\":1,\"name\":\"Home\",\"item\":\"https:\/\/zambello.it\/\"},{\"@type\":\"ListItem\",\"position\":2,\"name\":\"Certificazioni\"}]},{\"@type\":\"WebSite\",\"@id\":\"https:\/\/zambello.it\/#website\",\"url\":\"https:\/\/zambello.it\/\",\"name\":\"Zambello group\",\"description\":\"Advanced technology for extruders\",\"publisher\":{\"@id\":\"https:\/\/zambello.it\/#organization\"},\"potentialAction\":[{\"@type\":\"SearchAction\",\"target\":{\"@type\":\"EntryPoint\",\"urlTemplate\":\"https:\/\/zambello.it\/?s={search_term_string}\"},\"query-input\":{\"@type\":\"PropertyValueSpecification\",\"valueRequired\":true,\"valueName\":\"search_term_string\"}}],\"inLanguage\":\"de\"},{\"@type\":\"Organization\",\"@id\":\"https:\/\/zambello.it\/#organization\",\"name\":\"Zambello Group\",\"url\":\"https:\/\/zambello.it\/\",\"logo\":{\"@type\":\"ImageObject\",\"inLanguage\":\"de\",\"@id\":\"https:\/\/zambello.it\/#\/schema\/logo\/image\/\",\"url\":\"https:\/\/zambello.it\/wp-content\/uploads\/2018\/11\/LOGO28XI_350.png\",\"contentUrl\":\"https:\/\/zambello.it\/wp-content\/uploads\/2018\/11\/LOGO28XI_350.png\",\"width\":350,\"height\":64,\"caption\":\"Zambello Group\"},\"image\":{\"@id\":\"https:\/\/zambello.it\/#\/schema\/logo\/image\/\"}}]}<\/script>\n<!-- \/ Yoast SEO plugin. -->","yoast_head_json":{"title":"Zertifizierungen - Zambello group","robots":{"index":"index","follow":"follow","max-snippet":"max-snippet:-1","max-image-preview":"max-image-preview:large","max-video-preview":"max-video-preview:-1"},"canonical":"https:\/\/zambello.it\/certificazioni\/","og_locale":"de_DE","og_type":"article","og_title":"Zertifizierungen - Zambello group","og_description":"[vc_row][vc_column width=&#8220;1\/4&#8243;][vc_empty_space][vc_empty_space][vc_widget_sidebar show_bg=&#8220;false&#8220; sidebar_id=&#8220;sidebar_6&#8243;][\/vc_column][vc_column width=&#8220;3\/4&#8243;][vc_empty_space][vc_column_text] Zertifizierungen [\/vc_column_text][vc_empty_space][vc_column_text] Die Zambello Group ist ISO 9001 zertifiziert. Diese Zertifizierung ist eine Anerkennung unseres kontinuierlichen Engagements f\u00fcr Qualit\u00e4t und Exzellenz in allen unseren Gesch\u00e4ftsprozessen. Die ISO 9001-Norm ist ein internationaler Standard, der die Anforderungen an ein Qualit\u00e4tsmanagementsystem definiert. Zambello Group hat ein effektives Qualit\u00e4tsmanagementsystem implementiert, das sich auf Kundenzufriedenheit,&hellip;","og_url":"https:\/\/zambello.it\/certificazioni\/","og_site_name":"Zambello group","article_modified_time":"2026-02-19T11:48:47+00:00","twitter_card":"summary_large_image","twitter_misc":{"Gesch\u00e4tzte Lesezeit":"1\u00a0Minute"},"schema":{"@context":"https:\/\/schema.org","@graph":[{"@type":"WebPage","@id":"https:\/\/zambello.it\/certificazioni\/","url":"https:\/\/zambello.it\/certificazioni\/","name":"Zertifizierungen - Zambello group","isPartOf":{"@id":"https:\/\/zambello.it\/#website"},"datePublished":"2025-03-05T14:22:34+00:00","dateModified":"2026-02-19T11:48:47+00:00","breadcrumb":{"@id":"https:\/\/zambello.it\/certificazioni\/#breadcrumb"},"inLanguage":"de","potentialAction":[{"@type":"ReadAction","target":["https:\/\/zambello.it\/certificazioni\/"]}]},{"@type":"BreadcrumbList","@id":"https:\/\/zambello.it\/certificazioni\/#breadcrumb","itemListElement":[{"@type":"ListItem","position":1,"name":"Home","item":"https:\/\/zambello.it\/"},{"@type":"ListItem","position":2,"name":"Certificazioni"}]},{"@type":"WebSite","@id":"https:\/\/zambello.it\/#website","url":"https:\/\/zambello.it\/","name":"Zambello group","description":"Advanced technology for extruders","publisher":{"@id":"https:\/\/zambello.it\/#organization"},"potentialAction":[{"@type":"SearchAction","target":{"@type":"EntryPoint","urlTemplate":"https:\/\/zambello.it\/?s={search_term_string}"},"query-input":{"@type":"PropertyValueSpecification","valueRequired":true,"valueName":"search_term_string"}}],"inLanguage":"de"},{"@type":"Organization","@id":"https:\/\/zambello.it\/#organization","name":"Zambello Group","url":"https:\/\/zambello.it\/","logo":{"@type":"ImageObject","inLanguage":"de","@id":"https:\/\/zambello.it\/#\/schema\/logo\/image\/","url":"https:\/\/zambello.it\/wp-content\/uploads\/2018\/11\/LOGO28XI_350.png","contentUrl":"https:\/\/zambello.it\/wp-content\/uploads\/2018\/11\/LOGO28XI_350.png","width":350,"height":64,"caption":"Zambello Group"},"image":{"@id":"https:\/\/zambello.it\/#\/schema\/logo\/image\/"}}]}},"_links":{"self":[{"href":"https:\/\/zambello.it\/de\/wp-json\/wp\/v2\/pages\/38006","targetHints":{"allow":["GET"]}}],"collection":[{"href":"https:\/\/zambello.it\/de\/wp-json\/wp\/v2\/pages"}],"about":[{"href":"https:\/\/zambello.it\/de\/wp-json\/wp\/v2\/types\/page"}],"author":[{"embeddable":true,"href":"https:\/\/zambello.it\/de\/wp-json\/wp\/v2\/users\/1"}],"replies":[{"embeddable":true,"href":"https:\/\/zambello.it\/de\/wp-json\/wp\/v2\/comments?post=38006"}],"version-history":[{"count":30,"href":"https:\/\/zambello.it\/de\/wp-json\/wp\/v2\/pages\/38006\/revisions"}],"predecessor-version":[{"id":38243,"href":"https:\/\/zambello.it\/de\/wp-json\/wp\/v2\/pages\/38006\/revisions\/38243"}],"wp:attachment":[{"href":"https:\/\/zambello.it\/de\/wp-json\/wp\/v2\/media?parent=38006"}],"curies":[{"name":"wp","href":"https:\/\/api.w.org\/{rel}","templated":true}]}}