{"id":37778,"date":"2024-02-14T15:30:10","date_gmt":"2024-02-14T14:30:10","guid":{"rendered":"https:\/\/zambello.it\/?page_id=37778"},"modified":"2026-03-30T14:32:29","modified_gmt":"2026-03-30T12:32:29","slug":"zamec","status":"publish","type":"page","link":"https:\/\/zambello.it\/de\/zamec\/","title":{"rendered":"Zamec"},"content":{"rendered":"<p>[vc_row][vc_column width=&#8220;1\/4&#8243;][vc_empty_space][vc_empty_space][vc_widget_sidebar show_bg=&#8220;false&#8220; sidebar_id=&#8220;sidebar_6&#8243;][\/vc_column][vc_column width=&#8220;3\/4&#8243;][vc_empty_space][vc_column_text]<\/p>\n<h2 style=\"text-align: right;\">Zamec<\/h2>\n<p>[\/vc_column_text][vc_empty_space][vc_column_text]<\/p>\n<p style=\"text-align: right;\">Zamec srl, mit Sitz in einem der Werke in Lendinara, ist ein Unternehmen, das sich auf die<br \/>\nHerstellung und Bearbeitung von <strong>mechanischen Komponenten und<br \/>\nelektronischen \u00dcberwachungssystemen <\/strong>f\u00fcr Extrusionsanlagen spezialisiert hat.<br \/>\nDas Unternehmen ist auf die Herstellung von Einzugsd\u00fcsen und Einzugsflanschen spezialisiert und fertigt<br \/>\nauch andere Komponenten f\u00fcr Einschnecken- und Doppelschneckenextrusionsanlagen und -systeme.<\/p>\n<p style=\"text-align: right;\">Das junge und moderne Unternehmen ist mit innovativen und hochproduktiven Maschinen ausgestattet,<br \/>\ndie es im Bereich der mechanischen Bearbeitung f\u00fcr die Extrusionsindustrie besonders wettbewerbsf\u00e4hig machen.<\/p>\n<p>[\/vc_column_text][vc_empty_space][vc_empty_space][vc_empty_space][\/vc_column][\/vc_row][vc_row][vc_column][vc_empty_space][vc_media_grid element_width=&#8220;3&#8243; grid_id=&#8220;vc_gid:1774873680151-0cc85946-4d8c-5&#8243; include=&#8220;38195,37816,38136,38196&#8243;][\/vc_column][\/vc_row][vc_row][vc_column][vc_empty_space][vc_empty_space][vc_empty_space][vc_empty_space][\/vc_column][\/vc_row]<\/p>","protected":false},"excerpt":{"rendered":"<p>[vc_row][vc_column width=&#8220;1\/4&#8243;][vc_empty_space][vc_empty_space][vc_widget_sidebar show_bg=&#8220;false&#8220; sidebar_id=&#8220;sidebar_6&#8243;][\/vc_column][vc_column width=&#8220;3\/4&#8243;][vc_empty_space][vc_column_text] Zamec [\/vc_column_text][vc_empty_space][vc_column_text] Zamec srl, mit Sitz in einem der Werke in Lendinara, ist ein Unternehmen, das sich auf die Herstellung und Bearbeitung von mechanischen Komponenten und elektronischen \u00dcberwachungssystemen f\u00fcr Extrusionsanlagen spezialisiert hat. Das Unternehmen ist auf die Herstellung von Einzugsd\u00fcsen und Einzugsflanschen spezialisiert und fertigt auch andere Komponenten f\u00fcr Einschnecken-&hellip;<\/p>\n","protected":false},"author":1,"featured_media":0,"parent":0,"menu_order":0,"comment_status":"closed","ping_status":"closed","template":"","meta":[],"class_list":["post-37778","page","type-page","status-publish","hentry","description-off"],"yoast_head":"<!-- This site is optimized with the Yoast SEO plugin v27.2 - https:\/\/yoast.com\/product\/yoast-seo-wordpress\/ -->\n<title>Zamec - Zambello group<\/title>\n<meta name=\"robots\" content=\"index, follow, max-snippet:-1, max-image-preview:large, max-video-preview:-1\" \/>\n<link rel=\"canonical\" href=\"https:\/\/zambello.it\/zamec\/\" \/>\n<meta property=\"og:locale\" content=\"de_DE\" \/>\n<meta property=\"og:type\" content=\"article\" \/>\n<meta property=\"og:title\" content=\"Zamec - Zambello group\" \/>\n<meta property=\"og:description\" content=\"[vc_row][vc_column width=&#8220;1\/4&#8243;][vc_empty_space][vc_empty_space][vc_widget_sidebar show_bg=&#8220;false&#8220; sidebar_id=&#8220;sidebar_6&#8243;][\/vc_column][vc_column width=&#8220;3\/4&#8243;][vc_empty_space][vc_column_text] Zamec [\/vc_column_text][vc_empty_space][vc_column_text] Zamec srl, mit Sitz in einem der Werke in Lendinara, ist ein Unternehmen, das sich auf die Herstellung und Bearbeitung von mechanischen Komponenten und elektronischen \u00dcberwachungssystemen f\u00fcr Extrusionsanlagen spezialisiert hat. Das Unternehmen ist auf die Herstellung von Einzugsd\u00fcsen und Einzugsflanschen spezialisiert und fertigt auch andere Komponenten f\u00fcr Einschnecken-&hellip;\" \/>\n<meta property=\"og:url\" content=\"https:\/\/zambello.it\/zamec\/\" \/>\n<meta property=\"og:site_name\" content=\"Zambello group\" \/>\n<meta property=\"article:modified_time\" content=\"2026-03-30T12:32:29+00:00\" \/>\n<meta name=\"twitter:card\" content=\"summary_large_image\" \/>\n<meta name=\"twitter:label1\" content=\"Gesch\u00e4tzte Lesezeit\" \/>\n\t<meta name=\"twitter:data1\" content=\"1\u00a0Minute\" \/>\n<script type=\"application\/ld+json\" class=\"yoast-schema-graph\">{\"@context\":\"https:\/\/schema.org\",\"@graph\":[{\"@type\":\"WebPage\",\"@id\":\"https:\/\/zambello.it\/zamec\/\",\"url\":\"https:\/\/zambello.it\/zamec\/\",\"name\":\"Zamec - Zambello group\",\"isPartOf\":{\"@id\":\"https:\/\/zambello.it\/#website\"},\"datePublished\":\"2024-02-14T14:30:10+00:00\",\"dateModified\":\"2026-03-30T12:32:29+00:00\",\"breadcrumb\":{\"@id\":\"https:\/\/zambello.it\/zamec\/#breadcrumb\"},\"inLanguage\":\"de\",\"potentialAction\":[{\"@type\":\"ReadAction\",\"target\":[\"https:\/\/zambello.it\/zamec\/\"]}]},{\"@type\":\"BreadcrumbList\",\"@id\":\"https:\/\/zambello.it\/zamec\/#breadcrumb\",\"itemListElement\":[{\"@type\":\"ListItem\",\"position\":1,\"name\":\"Home\",\"item\":\"https:\/\/zambello.it\/\"},{\"@type\":\"ListItem\",\"position\":2,\"name\":\"Zamec\"}]},{\"@type\":\"WebSite\",\"@id\":\"https:\/\/zambello.it\/#website\",\"url\":\"https:\/\/zambello.it\/\",\"name\":\"Zambello group\",\"description\":\"Advanced technology for extruders\",\"publisher\":{\"@id\":\"https:\/\/zambello.it\/#organization\"},\"potentialAction\":[{\"@type\":\"SearchAction\",\"target\":{\"@type\":\"EntryPoint\",\"urlTemplate\":\"https:\/\/zambello.it\/?s={search_term_string}\"},\"query-input\":{\"@type\":\"PropertyValueSpecification\",\"valueRequired\":true,\"valueName\":\"search_term_string\"}}],\"inLanguage\":\"de\"},{\"@type\":\"Organization\",\"@id\":\"https:\/\/zambello.it\/#organization\",\"name\":\"Zambello Group\",\"url\":\"https:\/\/zambello.it\/\",\"logo\":{\"@type\":\"ImageObject\",\"inLanguage\":\"de\",\"@id\":\"https:\/\/zambello.it\/#\/schema\/logo\/image\/\",\"url\":\"https:\/\/zambello.it\/wp-content\/uploads\/2018\/11\/LOGO28XI_350.png\",\"contentUrl\":\"https:\/\/zambello.it\/wp-content\/uploads\/2018\/11\/LOGO28XI_350.png\",\"width\":350,\"height\":64,\"caption\":\"Zambello Group\"},\"image\":{\"@id\":\"https:\/\/zambello.it\/#\/schema\/logo\/image\/\"}}]}<\/script>\n<!-- \/ Yoast SEO plugin. -->","yoast_head_json":{"title":"Zamec - Zambello group","robots":{"index":"index","follow":"follow","max-snippet":"max-snippet:-1","max-image-preview":"max-image-preview:large","max-video-preview":"max-video-preview:-1"},"canonical":"https:\/\/zambello.it\/zamec\/","og_locale":"de_DE","og_type":"article","og_title":"Zamec - Zambello group","og_description":"[vc_row][vc_column width=&#8220;1\/4&#8243;][vc_empty_space][vc_empty_space][vc_widget_sidebar show_bg=&#8220;false&#8220; sidebar_id=&#8220;sidebar_6&#8243;][\/vc_column][vc_column width=&#8220;3\/4&#8243;][vc_empty_space][vc_column_text] Zamec [\/vc_column_text][vc_empty_space][vc_column_text] Zamec srl, mit Sitz in einem der Werke in Lendinara, ist ein Unternehmen, das sich auf die Herstellung und Bearbeitung von mechanischen Komponenten und elektronischen \u00dcberwachungssystemen f\u00fcr Extrusionsanlagen spezialisiert hat. Das Unternehmen ist auf die Herstellung von Einzugsd\u00fcsen und Einzugsflanschen spezialisiert und fertigt auch andere Komponenten f\u00fcr Einschnecken-&hellip;","og_url":"https:\/\/zambello.it\/zamec\/","og_site_name":"Zambello group","article_modified_time":"2026-03-30T12:32:29+00:00","twitter_card":"summary_large_image","twitter_misc":{"Gesch\u00e4tzte Lesezeit":"1\u00a0Minute"},"schema":{"@context":"https:\/\/schema.org","@graph":[{"@type":"WebPage","@id":"https:\/\/zambello.it\/zamec\/","url":"https:\/\/zambello.it\/zamec\/","name":"Zamec - Zambello group","isPartOf":{"@id":"https:\/\/zambello.it\/#website"},"datePublished":"2024-02-14T14:30:10+00:00","dateModified":"2026-03-30T12:32:29+00:00","breadcrumb":{"@id":"https:\/\/zambello.it\/zamec\/#breadcrumb"},"inLanguage":"de","potentialAction":[{"@type":"ReadAction","target":["https:\/\/zambello.it\/zamec\/"]}]},{"@type":"BreadcrumbList","@id":"https:\/\/zambello.it\/zamec\/#breadcrumb","itemListElement":[{"@type":"ListItem","position":1,"name":"Home","item":"https:\/\/zambello.it\/"},{"@type":"ListItem","position":2,"name":"Zamec"}]},{"@type":"WebSite","@id":"https:\/\/zambello.it\/#website","url":"https:\/\/zambello.it\/","name":"Zambello group","description":"Advanced technology for extruders","publisher":{"@id":"https:\/\/zambello.it\/#organization"},"potentialAction":[{"@type":"SearchAction","target":{"@type":"EntryPoint","urlTemplate":"https:\/\/zambello.it\/?s={search_term_string}"},"query-input":{"@type":"PropertyValueSpecification","valueRequired":true,"valueName":"search_term_string"}}],"inLanguage":"de"},{"@type":"Organization","@id":"https:\/\/zambello.it\/#organization","name":"Zambello Group","url":"https:\/\/zambello.it\/","logo":{"@type":"ImageObject","inLanguage":"de","@id":"https:\/\/zambello.it\/#\/schema\/logo\/image\/","url":"https:\/\/zambello.it\/wp-content\/uploads\/2018\/11\/LOGO28XI_350.png","contentUrl":"https:\/\/zambello.it\/wp-content\/uploads\/2018\/11\/LOGO28XI_350.png","width":350,"height":64,"caption":"Zambello Group"},"image":{"@id":"https:\/\/zambello.it\/#\/schema\/logo\/image\/"}}]}},"_links":{"self":[{"href":"https:\/\/zambello.it\/de\/wp-json\/wp\/v2\/pages\/37778","targetHints":{"allow":["GET"]}}],"collection":[{"href":"https:\/\/zambello.it\/de\/wp-json\/wp\/v2\/pages"}],"about":[{"href":"https:\/\/zambello.it\/de\/wp-json\/wp\/v2\/types\/page"}],"author":[{"embeddable":true,"href":"https:\/\/zambello.it\/de\/wp-json\/wp\/v2\/users\/1"}],"replies":[{"embeddable":true,"href":"https:\/\/zambello.it\/de\/wp-json\/wp\/v2\/comments?post=37778"}],"version-history":[{"count":30,"href":"https:\/\/zambello.it\/de\/wp-json\/wp\/v2\/pages\/37778\/revisions"}],"predecessor-version":[{"id":38249,"href":"https:\/\/zambello.it\/de\/wp-json\/wp\/v2\/pages\/37778\/revisions\/38249"}],"wp:attachment":[{"href":"https:\/\/zambello.it\/de\/wp-json\/wp\/v2\/media?parent=37778"}],"curies":[{"name":"wp","href":"https:\/\/api.w.org\/{rel}","templated":true}]}}