{"id":37776,"date":"2024-02-14T15:25:14","date_gmt":"2024-02-14T14:25:14","guid":{"rendered":"https:\/\/zambello.it\/?page_id=37776"},"modified":"2026-01-22T16:02:44","modified_gmt":"2026-01-22T15:02:44","slug":"zambello-riduttori-2","status":"publish","type":"page","link":"https:\/\/zambello.it\/de\/zambello-riduttori-2\/","title":{"rendered":"Zambello Riduttori 2"},"content":{"rendered":"<p>[vc_row][vc_column width=&#8220;1\/4&#8243;][vc_empty_space][vc_empty_space][vc_widget_sidebar show_bg=&#8220;false&#8220; sidebar_id=&#8220;sidebar_6&#8243;][\/vc_column][vc_column width=&#8220;3\/4&#8243;][vc_empty_space][vc_column_text]<\/p>\n<h2 style=\"text-align: right;\">Zambello Riduttori 2<\/h2>\n<p>[\/vc_column_text][vc_empty_space][vc_column_text]<\/p>\n<p style=\"text-align: right;\">In den Werken von Lendinara mit einer Fl\u00e4che von 154.000 qm, von denen ca. 26.500 qm \u00fcberdacht sind,<br \/>\nwerden <strong>kleine und mittlere Getriebe f\u00fcr Ein- und Zweischnecken-Extruder<br \/>\n<\/strong>(mit Schneckendurchmessern von \u00d825mm bis \u00d8120mm)<br \/>\nsowie Untersetzungsgetriebe f\u00fcr Spritzgie\u00dfmaschinen mittlerer Tonnage in Serie produziert.<\/p>\n<p style=\"text-align: right;\">Die neue Industrieerweiterung mit einer Fl\u00e4che von 12.000 m\u00b2 bietet ein sehr innovatives Produktionskonzept<br \/>\nmit einer weltweit einzigartigen, hochmodernen Automatisierung f\u00fcr die Herstellung<br \/>\nvon Getrieben zum Einsatz in Ein- und Zweischnecken-Extrusionssystemen.<\/p>\n<p>[\/vc_column_text][vc_empty_space][vc_empty_space][vc_empty_space][\/vc_column][\/vc_row][vc_row][vc_column][vc_empty_space][vc_media_grid element_width=&#8220;3&#8243; grid_id=&#8220;vc_gid:1769091536544-f67d4eaa-d200-2&#8243; include=&#8220;37844,38122,38114,38118&#8243;][\/vc_column][\/vc_row][vc_row][vc_column][vc_empty_space][vc_empty_space][vc_empty_space][vc_empty_space][\/vc_column][\/vc_row]<\/p>","protected":false},"excerpt":{"rendered":"<p>[vc_row][vc_column width=&#8220;1\/4&#8243;][vc_empty_space][vc_empty_space][vc_widget_sidebar show_bg=&#8220;false&#8220; sidebar_id=&#8220;sidebar_6&#8243;][\/vc_column][vc_column width=&#8220;3\/4&#8243;][vc_empty_space][vc_column_text] Zambello Riduttori 2 [\/vc_column_text][vc_empty_space][vc_column_text] In den Werken von Lendinara mit einer Fl\u00e4che von 154.000 qm, von denen ca. 26.500 qm \u00fcberdacht sind, werden kleine und mittlere Getriebe f\u00fcr Ein- und Zweischnecken-Extruder (mit Schneckendurchmessern von \u00d825mm bis \u00d8120mm) sowie Untersetzungsgetriebe f\u00fcr Spritzgie\u00dfmaschinen mittlerer Tonnage in Serie produziert. Die neue Industrieerweiterung mit&hellip;<\/p>\n","protected":false},"author":1,"featured_media":0,"parent":0,"menu_order":0,"comment_status":"closed","ping_status":"closed","template":"","meta":[],"class_list":["post-37776","page","type-page","status-publish","hentry","description-off"],"yoast_head":"<!-- This site is optimized with the Yoast SEO plugin v27.2 - https:\/\/yoast.com\/product\/yoast-seo-wordpress\/ -->\n<title>Zambello Riduttori 2 - Zambello group<\/title>\n<meta name=\"robots\" content=\"index, follow, max-snippet:-1, max-image-preview:large, max-video-preview:-1\" \/>\n<link rel=\"canonical\" href=\"https:\/\/zambello.it\/zambello-riduttori-2\/\" \/>\n<meta property=\"og:locale\" content=\"de_DE\" \/>\n<meta property=\"og:type\" content=\"article\" \/>\n<meta property=\"og:title\" content=\"Zambello Riduttori 2 - Zambello group\" \/>\n<meta property=\"og:description\" content=\"[vc_row][vc_column width=&#8220;1\/4&#8243;][vc_empty_space][vc_empty_space][vc_widget_sidebar show_bg=&#8220;false&#8220; sidebar_id=&#8220;sidebar_6&#8243;][\/vc_column][vc_column width=&#8220;3\/4&#8243;][vc_empty_space][vc_column_text] Zambello Riduttori 2 [\/vc_column_text][vc_empty_space][vc_column_text] In den Werken von Lendinara mit einer Fl\u00e4che von 154.000 qm, von denen ca. 26.500 qm \u00fcberdacht sind, werden kleine und mittlere Getriebe f\u00fcr Ein- und Zweischnecken-Extruder (mit Schneckendurchmessern von \u00d825mm bis \u00d8120mm) sowie Untersetzungsgetriebe f\u00fcr Spritzgie\u00dfmaschinen mittlerer Tonnage in Serie produziert. Die neue Industrieerweiterung mit&hellip;\" \/>\n<meta property=\"og:url\" content=\"https:\/\/zambello.it\/zambello-riduttori-2\/\" \/>\n<meta property=\"og:site_name\" content=\"Zambello group\" \/>\n<meta property=\"article:modified_time\" content=\"2026-01-22T15:02:44+00:00\" \/>\n<meta name=\"twitter:card\" content=\"summary_large_image\" \/>\n<meta name=\"twitter:label1\" content=\"Gesch\u00e4tzte Lesezeit\" \/>\n\t<meta name=\"twitter:data1\" content=\"3\u00a0Minuten\" \/>\n<script type=\"application\/ld+json\" class=\"yoast-schema-graph\">{\"@context\":\"https:\/\/schema.org\",\"@graph\":[{\"@type\":\"WebPage\",\"@id\":\"https:\/\/zambello.it\/zambello-riduttori-2\/\",\"url\":\"https:\/\/zambello.it\/zambello-riduttori-2\/\",\"name\":\"Zambello Riduttori 2 - Zambello group\",\"isPartOf\":{\"@id\":\"https:\/\/zambello.it\/#website\"},\"datePublished\":\"2024-02-14T14:25:14+00:00\",\"dateModified\":\"2026-01-22T15:02:44+00:00\",\"breadcrumb\":{\"@id\":\"https:\/\/zambello.it\/zambello-riduttori-2\/#breadcrumb\"},\"inLanguage\":\"de\",\"potentialAction\":[{\"@type\":\"ReadAction\",\"target\":[\"https:\/\/zambello.it\/zambello-riduttori-2\/\"]}]},{\"@type\":\"BreadcrumbList\",\"@id\":\"https:\/\/zambello.it\/zambello-riduttori-2\/#breadcrumb\",\"itemListElement\":[{\"@type\":\"ListItem\",\"position\":1,\"name\":\"Home\",\"item\":\"https:\/\/zambello.it\/\"},{\"@type\":\"ListItem\",\"position\":2,\"name\":\"Zambello Riduttori 2\"}]},{\"@type\":\"WebSite\",\"@id\":\"https:\/\/zambello.it\/#website\",\"url\":\"https:\/\/zambello.it\/\",\"name\":\"Zambello group\",\"description\":\"Advanced technology for extruders\",\"publisher\":{\"@id\":\"https:\/\/zambello.it\/#organization\"},\"potentialAction\":[{\"@type\":\"SearchAction\",\"target\":{\"@type\":\"EntryPoint\",\"urlTemplate\":\"https:\/\/zambello.it\/?s={search_term_string}\"},\"query-input\":{\"@type\":\"PropertyValueSpecification\",\"valueRequired\":true,\"valueName\":\"search_term_string\"}}],\"inLanguage\":\"de\"},{\"@type\":\"Organization\",\"@id\":\"https:\/\/zambello.it\/#organization\",\"name\":\"Zambello Group\",\"url\":\"https:\/\/zambello.it\/\",\"logo\":{\"@type\":\"ImageObject\",\"inLanguage\":\"de\",\"@id\":\"https:\/\/zambello.it\/#\/schema\/logo\/image\/\",\"url\":\"https:\/\/zambello.it\/wp-content\/uploads\/2018\/11\/LOGO28XI_350.png\",\"contentUrl\":\"https:\/\/zambello.it\/wp-content\/uploads\/2018\/11\/LOGO28XI_350.png\",\"width\":350,\"height\":64,\"caption\":\"Zambello Group\"},\"image\":{\"@id\":\"https:\/\/zambello.it\/#\/schema\/logo\/image\/\"}}]}<\/script>\n<!-- \/ Yoast SEO plugin. -->","yoast_head_json":{"title":"Zambello Riduttori 2 - Zambello group","robots":{"index":"index","follow":"follow","max-snippet":"max-snippet:-1","max-image-preview":"max-image-preview:large","max-video-preview":"max-video-preview:-1"},"canonical":"https:\/\/zambello.it\/zambello-riduttori-2\/","og_locale":"de_DE","og_type":"article","og_title":"Zambello Riduttori 2 - Zambello group","og_description":"[vc_row][vc_column width=&#8220;1\/4&#8243;][vc_empty_space][vc_empty_space][vc_widget_sidebar show_bg=&#8220;false&#8220; sidebar_id=&#8220;sidebar_6&#8243;][\/vc_column][vc_column width=&#8220;3\/4&#8243;][vc_empty_space][vc_column_text] Zambello Riduttori 2 [\/vc_column_text][vc_empty_space][vc_column_text] In den Werken von Lendinara mit einer Fl\u00e4che von 154.000 qm, von denen ca. 26.500 qm \u00fcberdacht sind, werden kleine und mittlere Getriebe f\u00fcr Ein- und Zweischnecken-Extruder (mit Schneckendurchmessern von \u00d825mm bis \u00d8120mm) sowie Untersetzungsgetriebe f\u00fcr Spritzgie\u00dfmaschinen mittlerer Tonnage in Serie produziert. Die neue Industrieerweiterung mit&hellip;","og_url":"https:\/\/zambello.it\/zambello-riduttori-2\/","og_site_name":"Zambello group","article_modified_time":"2026-01-22T15:02:44+00:00","twitter_card":"summary_large_image","twitter_misc":{"Gesch\u00e4tzte Lesezeit":"3\u00a0Minuten"},"schema":{"@context":"https:\/\/schema.org","@graph":[{"@type":"WebPage","@id":"https:\/\/zambello.it\/zambello-riduttori-2\/","url":"https:\/\/zambello.it\/zambello-riduttori-2\/","name":"Zambello Riduttori 2 - Zambello group","isPartOf":{"@id":"https:\/\/zambello.it\/#website"},"datePublished":"2024-02-14T14:25:14+00:00","dateModified":"2026-01-22T15:02:44+00:00","breadcrumb":{"@id":"https:\/\/zambello.it\/zambello-riduttori-2\/#breadcrumb"},"inLanguage":"de","potentialAction":[{"@type":"ReadAction","target":["https:\/\/zambello.it\/zambello-riduttori-2\/"]}]},{"@type":"BreadcrumbList","@id":"https:\/\/zambello.it\/zambello-riduttori-2\/#breadcrumb","itemListElement":[{"@type":"ListItem","position":1,"name":"Home","item":"https:\/\/zambello.it\/"},{"@type":"ListItem","position":2,"name":"Zambello Riduttori 2"}]},{"@type":"WebSite","@id":"https:\/\/zambello.it\/#website","url":"https:\/\/zambello.it\/","name":"Zambello group","description":"Advanced technology for extruders","publisher":{"@id":"https:\/\/zambello.it\/#organization"},"potentialAction":[{"@type":"SearchAction","target":{"@type":"EntryPoint","urlTemplate":"https:\/\/zambello.it\/?s={search_term_string}"},"query-input":{"@type":"PropertyValueSpecification","valueRequired":true,"valueName":"search_term_string"}}],"inLanguage":"de"},{"@type":"Organization","@id":"https:\/\/zambello.it\/#organization","name":"Zambello Group","url":"https:\/\/zambello.it\/","logo":{"@type":"ImageObject","inLanguage":"de","@id":"https:\/\/zambello.it\/#\/schema\/logo\/image\/","url":"https:\/\/zambello.it\/wp-content\/uploads\/2018\/11\/LOGO28XI_350.png","contentUrl":"https:\/\/zambello.it\/wp-content\/uploads\/2018\/11\/LOGO28XI_350.png","width":350,"height":64,"caption":"Zambello Group"},"image":{"@id":"https:\/\/zambello.it\/#\/schema\/logo\/image\/"}}]}},"_links":{"self":[{"href":"https:\/\/zambello.it\/de\/wp-json\/wp\/v2\/pages\/37776","targetHints":{"allow":["GET"]}}],"collection":[{"href":"https:\/\/zambello.it\/de\/wp-json\/wp\/v2\/pages"}],"about":[{"href":"https:\/\/zambello.it\/de\/wp-json\/wp\/v2\/types\/page"}],"author":[{"embeddable":true,"href":"https:\/\/zambello.it\/de\/wp-json\/wp\/v2\/users\/1"}],"replies":[{"embeddable":true,"href":"https:\/\/zambello.it\/de\/wp-json\/wp\/v2\/comments?post=37776"}],"version-history":[{"count":25,"href":"https:\/\/zambello.it\/de\/wp-json\/wp\/v2\/pages\/37776\/revisions"}],"predecessor-version":[{"id":38125,"href":"https:\/\/zambello.it\/de\/wp-json\/wp\/v2\/pages\/37776\/revisions\/38125"}],"wp:attachment":[{"href":"https:\/\/zambello.it\/de\/wp-json\/wp\/v2\/media?parent=37776"}],"curies":[{"name":"wp","href":"https:\/\/api.w.org\/{rel}","templated":true}]}}