{"id":37771,"date":"2024-02-14T15:13:06","date_gmt":"2024-02-14T14:13:06","guid":{"rendered":"https:\/\/zambello.it\/?page_id=37771"},"modified":"2026-02-09T10:15:58","modified_gmt":"2026-02-09T09:15:58","slug":"zambello-riduttori","status":"publish","type":"page","link":"https:\/\/zambello.it\/de\/zambello-riduttori\/","title":{"rendered":"Zambello Riduttori"},"content":{"rendered":"<p>[vc_row][vc_column width=&#8220;1\/4&#8243;][vc_empty_space][vc_empty_space][vc_widget_sidebar show_bg=&#8220;false&#8220; sidebar_id=&#8220;sidebar_6&#8243;][\/vc_column][vc_column width=&#8220;3\/4&#8243;][vc_empty_space][vc_column_text]<\/p>\n<h2 style=\"text-align: right;\">Zambello Riduttori<\/h2>\n<p style=\"text-align: right;\"><strong><i>Headquarter<\/i><\/strong><\/p>\n<p>[\/vc_column_text][vc_empty_space][vc_column_text]<\/p>\n<p style=\"text-align: right;\">Das Werk Magnago befindet sich auf einem 16.000 m\u00b2 gro\u00dfen Gel\u00e4nde, von dem 5.000 m\u00b2 \u00fcberdacht sind.<br \/>\nDas Werk ist auf die Herstellung von <strong>Gro\u00dfgetrieben f\u00fcr Ein- und Doppelschneckenextruder<br \/>\n<\/strong>(f\u00fcr Extruder mit Schneckendurchmessern von \u00d8 120 mm bis \u00d8 400 mm) sowie von Getrieben<br \/>\nf\u00fcr Hochleistungs-Spritzgie\u00dfmaschinen spezialisiert.<\/p>\n<p style=\"text-align: right;\">In der N\u00e4he des Mail\u00e4nder Flughafens Malpensa wird in K\u00fcrze mit dem Bau<br \/>\ndes neuen Hauptsitzes von Zambello mit einer Produktionsfl\u00e4che von 9.000 m\u00b2 begonnen.<\/p>\n<p>[\/vc_column_text][vc_empty_space][vc_empty_space][vc_empty_space][\/vc_column][\/vc_row][vc_row][vc_column][vc_empty_space][vc_media_grid element_width=&#8220;3&#8243; grid_id=&#8220;vc_gid:1708616514248-4c0f86dc-bec4-7&#8243; include=&#8220;37783,37784,37785,37842&#8243;][\/vc_column][\/vc_row][vc_row][vc_column][vc_empty_space][vc_empty_space][vc_empty_space][vc_empty_space][\/vc_column][\/vc_row]<\/p>","protected":false},"excerpt":{"rendered":"<p>[vc_row][vc_column width=&#8220;1\/4&#8243;][vc_empty_space][vc_empty_space][vc_widget_sidebar show_bg=&#8220;false&#8220; sidebar_id=&#8220;sidebar_6&#8243;][\/vc_column][vc_column width=&#8220;3\/4&#8243;][vc_empty_space][vc_column_text] Zambello Riduttori Headquarter [\/vc_column_text][vc_empty_space][vc_column_text] Das Werk Magnago befindet sich auf einem 16.000 m\u00b2 gro\u00dfen Gel\u00e4nde, von dem 5.000 m\u00b2 \u00fcberdacht sind. Das Werk ist auf die Herstellung von Gro\u00dfgetrieben f\u00fcr Ein- und Doppelschneckenextruder (f\u00fcr Extruder mit Schneckendurchmessern von \u00d8 120 mm bis \u00d8 400 mm) sowie von Getrieben f\u00fcr Hochleistungs-Spritzgie\u00dfmaschinen&hellip;<\/p>\n","protected":false},"author":1,"featured_media":0,"parent":0,"menu_order":0,"comment_status":"closed","ping_status":"closed","template":"","meta":[],"class_list":["post-37771","page","type-page","status-publish","hentry","description-off"],"yoast_head":"<!-- This site is optimized with the Yoast SEO plugin v27.2 - https:\/\/yoast.com\/product\/yoast-seo-wordpress\/ -->\n<title>Zambello Riduttori - Zambello group<\/title>\n<meta name=\"robots\" content=\"index, follow, max-snippet:-1, max-image-preview:large, max-video-preview:-1\" \/>\n<link rel=\"canonical\" href=\"https:\/\/zambello.it\/zambello-riduttori\/\" \/>\n<meta property=\"og:locale\" content=\"de_DE\" \/>\n<meta property=\"og:type\" content=\"article\" \/>\n<meta property=\"og:title\" content=\"Zambello Riduttori - Zambello group\" \/>\n<meta property=\"og:description\" content=\"[vc_row][vc_column width=&#8220;1\/4&#8243;][vc_empty_space][vc_empty_space][vc_widget_sidebar show_bg=&#8220;false&#8220; sidebar_id=&#8220;sidebar_6&#8243;][\/vc_column][vc_column width=&#8220;3\/4&#8243;][vc_empty_space][vc_column_text] Zambello Riduttori Headquarter [\/vc_column_text][vc_empty_space][vc_column_text] Das Werk Magnago befindet sich auf einem 16.000 m\u00b2 gro\u00dfen Gel\u00e4nde, von dem 5.000 m\u00b2 \u00fcberdacht sind. Das Werk ist auf die Herstellung von Gro\u00dfgetrieben f\u00fcr Ein- und Doppelschneckenextruder (f\u00fcr Extruder mit Schneckendurchmessern von \u00d8 120 mm bis \u00d8 400 mm) sowie von Getrieben f\u00fcr Hochleistungs-Spritzgie\u00dfmaschinen&hellip;\" \/>\n<meta property=\"og:url\" content=\"https:\/\/zambello.it\/zambello-riduttori\/\" \/>\n<meta property=\"og:site_name\" content=\"Zambello group\" \/>\n<meta property=\"article:modified_time\" content=\"2026-02-09T09:15:58+00:00\" \/>\n<meta name=\"twitter:card\" content=\"summary_large_image\" \/>\n<meta name=\"twitter:label1\" content=\"Gesch\u00e4tzte Lesezeit\" \/>\n\t<meta name=\"twitter:data1\" content=\"1\u00a0Minute\" \/>\n<script type=\"application\/ld+json\" class=\"yoast-schema-graph\">{\"@context\":\"https:\/\/schema.org\",\"@graph\":[{\"@type\":\"WebPage\",\"@id\":\"https:\/\/zambello.it\/zambello-riduttori\/\",\"url\":\"https:\/\/zambello.it\/zambello-riduttori\/\",\"name\":\"Zambello Riduttori - Zambello group\",\"isPartOf\":{\"@id\":\"https:\/\/zambello.it\/#website\"},\"datePublished\":\"2024-02-14T14:13:06+00:00\",\"dateModified\":\"2026-02-09T09:15:58+00:00\",\"breadcrumb\":{\"@id\":\"https:\/\/zambello.it\/zambello-riduttori\/#breadcrumb\"},\"inLanguage\":\"de\",\"potentialAction\":[{\"@type\":\"ReadAction\",\"target\":[\"https:\/\/zambello.it\/zambello-riduttori\/\"]}]},{\"@type\":\"BreadcrumbList\",\"@id\":\"https:\/\/zambello.it\/zambello-riduttori\/#breadcrumb\",\"itemListElement\":[{\"@type\":\"ListItem\",\"position\":1,\"name\":\"Home\",\"item\":\"https:\/\/zambello.it\/\"},{\"@type\":\"ListItem\",\"position\":2,\"name\":\"Zambello Riduttori\"}]},{\"@type\":\"WebSite\",\"@id\":\"https:\/\/zambello.it\/#website\",\"url\":\"https:\/\/zambello.it\/\",\"name\":\"Zambello group\",\"description\":\"Advanced technology for extruders\",\"publisher\":{\"@id\":\"https:\/\/zambello.it\/#organization\"},\"potentialAction\":[{\"@type\":\"SearchAction\",\"target\":{\"@type\":\"EntryPoint\",\"urlTemplate\":\"https:\/\/zambello.it\/?s={search_term_string}\"},\"query-input\":{\"@type\":\"PropertyValueSpecification\",\"valueRequired\":true,\"valueName\":\"search_term_string\"}}],\"inLanguage\":\"de\"},{\"@type\":\"Organization\",\"@id\":\"https:\/\/zambello.it\/#organization\",\"name\":\"Zambello Group\",\"url\":\"https:\/\/zambello.it\/\",\"logo\":{\"@type\":\"ImageObject\",\"inLanguage\":\"de\",\"@id\":\"https:\/\/zambello.it\/#\/schema\/logo\/image\/\",\"url\":\"https:\/\/zambello.it\/wp-content\/uploads\/2018\/11\/LOGO28XI_350.png\",\"contentUrl\":\"https:\/\/zambello.it\/wp-content\/uploads\/2018\/11\/LOGO28XI_350.png\",\"width\":350,\"height\":64,\"caption\":\"Zambello Group\"},\"image\":{\"@id\":\"https:\/\/zambello.it\/#\/schema\/logo\/image\/\"}}]}<\/script>\n<!-- \/ Yoast SEO plugin. -->","yoast_head_json":{"title":"Zambello Riduttori - Zambello group","robots":{"index":"index","follow":"follow","max-snippet":"max-snippet:-1","max-image-preview":"max-image-preview:large","max-video-preview":"max-video-preview:-1"},"canonical":"https:\/\/zambello.it\/zambello-riduttori\/","og_locale":"de_DE","og_type":"article","og_title":"Zambello Riduttori - Zambello group","og_description":"[vc_row][vc_column width=&#8220;1\/4&#8243;][vc_empty_space][vc_empty_space][vc_widget_sidebar show_bg=&#8220;false&#8220; sidebar_id=&#8220;sidebar_6&#8243;][\/vc_column][vc_column width=&#8220;3\/4&#8243;][vc_empty_space][vc_column_text] Zambello Riduttori Headquarter [\/vc_column_text][vc_empty_space][vc_column_text] Das Werk Magnago befindet sich auf einem 16.000 m\u00b2 gro\u00dfen Gel\u00e4nde, von dem 5.000 m\u00b2 \u00fcberdacht sind. Das Werk ist auf die Herstellung von Gro\u00dfgetrieben f\u00fcr Ein- und Doppelschneckenextruder (f\u00fcr Extruder mit Schneckendurchmessern von \u00d8 120 mm bis \u00d8 400 mm) sowie von Getrieben f\u00fcr Hochleistungs-Spritzgie\u00dfmaschinen&hellip;","og_url":"https:\/\/zambello.it\/zambello-riduttori\/","og_site_name":"Zambello group","article_modified_time":"2026-02-09T09:15:58+00:00","twitter_card":"summary_large_image","twitter_misc":{"Gesch\u00e4tzte Lesezeit":"1\u00a0Minute"},"schema":{"@context":"https:\/\/schema.org","@graph":[{"@type":"WebPage","@id":"https:\/\/zambello.it\/zambello-riduttori\/","url":"https:\/\/zambello.it\/zambello-riduttori\/","name":"Zambello Riduttori - Zambello group","isPartOf":{"@id":"https:\/\/zambello.it\/#website"},"datePublished":"2024-02-14T14:13:06+00:00","dateModified":"2026-02-09T09:15:58+00:00","breadcrumb":{"@id":"https:\/\/zambello.it\/zambello-riduttori\/#breadcrumb"},"inLanguage":"de","potentialAction":[{"@type":"ReadAction","target":["https:\/\/zambello.it\/zambello-riduttori\/"]}]},{"@type":"BreadcrumbList","@id":"https:\/\/zambello.it\/zambello-riduttori\/#breadcrumb","itemListElement":[{"@type":"ListItem","position":1,"name":"Home","item":"https:\/\/zambello.it\/"},{"@type":"ListItem","position":2,"name":"Zambello Riduttori"}]},{"@type":"WebSite","@id":"https:\/\/zambello.it\/#website","url":"https:\/\/zambello.it\/","name":"Zambello group","description":"Advanced technology for extruders","publisher":{"@id":"https:\/\/zambello.it\/#organization"},"potentialAction":[{"@type":"SearchAction","target":{"@type":"EntryPoint","urlTemplate":"https:\/\/zambello.it\/?s={search_term_string}"},"query-input":{"@type":"PropertyValueSpecification","valueRequired":true,"valueName":"search_term_string"}}],"inLanguage":"de"},{"@type":"Organization","@id":"https:\/\/zambello.it\/#organization","name":"Zambello Group","url":"https:\/\/zambello.it\/","logo":{"@type":"ImageObject","inLanguage":"de","@id":"https:\/\/zambello.it\/#\/schema\/logo\/image\/","url":"https:\/\/zambello.it\/wp-content\/uploads\/2018\/11\/LOGO28XI_350.png","contentUrl":"https:\/\/zambello.it\/wp-content\/uploads\/2018\/11\/LOGO28XI_350.png","width":350,"height":64,"caption":"Zambello Group"},"image":{"@id":"https:\/\/zambello.it\/#\/schema\/logo\/image\/"}}]}},"_links":{"self":[{"href":"https:\/\/zambello.it\/de\/wp-json\/wp\/v2\/pages\/37771","targetHints":{"allow":["GET"]}}],"collection":[{"href":"https:\/\/zambello.it\/de\/wp-json\/wp\/v2\/pages"}],"about":[{"href":"https:\/\/zambello.it\/de\/wp-json\/wp\/v2\/types\/page"}],"author":[{"embeddable":true,"href":"https:\/\/zambello.it\/de\/wp-json\/wp\/v2\/users\/1"}],"replies":[{"embeddable":true,"href":"https:\/\/zambello.it\/de\/wp-json\/wp\/v2\/comments?post=37771"}],"version-history":[{"count":15,"href":"https:\/\/zambello.it\/de\/wp-json\/wp\/v2\/pages\/37771\/revisions"}],"predecessor-version":[{"id":38215,"href":"https:\/\/zambello.it\/de\/wp-json\/wp\/v2\/pages\/37771\/revisions\/38215"}],"wp:attachment":[{"href":"https:\/\/zambello.it\/de\/wp-json\/wp\/v2\/media?parent=37771"}],"curies":[{"name":"wp","href":"https:\/\/api.w.org\/{rel}","templated":true}]}}