{"id":37337,"date":"2021-06-24T10:09:57","date_gmt":"2021-06-24T08:09:57","guid":{"rendered":"https:\/\/zambello.it\/?page_id=37337"},"modified":"2026-01-22T17:30:47","modified_gmt":"2026-01-22T16:30:47","slug":"zambello-monitoring-system","status":"publish","type":"page","link":"https:\/\/zambello.it\/de\/industry-4-0\/zambello-monitoring-system\/","title":{"rendered":"Zambello Monitoring System"},"content":{"rendered":"<p>[vc_row][vc_column width=&#8220;1\/3&#8243;][vc_empty_space][vc_empty_space][vc_widget_sidebar show_bg=&#8220;false&#8220; sidebar_id=&#8220;sidebar_7&#8243;][vc_empty_space][\/vc_column][vc_column width=&#8220;2\/3&#8243;][vc_empty_space][vc_column_text]<\/p>\n<h2 style=\"text-align: right;\">ZMS &#8211; Zambello Monitoring System<\/h2>\n<p>[\/vc_column_text][vc_empty_space][vc_single_image image=&#8220;37363&#8243; img_size=&#8220;351&#215;130&#8243; alignment=&#8220;right&#8220; image_hovers=&#8220;false&#8220;][vc_column_text]<\/p>\n<p style=\"text-align: right;\">ZMS (Zambello Monitoring System) ist ein elektronisches System der neuesten Generation, das die \u00dcberwachung sowohl die<br \/>\nGetriebeschwingungen als auch seines Schmier\u00f6ls erm\u00f6glicht.<\/p>\n<p style=\"text-align: right;\">Dieses System ist daher in der Lage, die Lebensdauer des Getriebes zu erh\u00f6hen, und seine Wartungskosten zu senken. Eine ordnungsgem\u00e4\u00dfe \u00dcberwachung ist auch wichtig, un eventuelle Br\u00fcche durch \u00dcberlastung zu vermeiden und so kostspielige Stillstandzeiten zu vermeiden.<\/p>\n<p>[\/vc_column_text][vc_column_text]<\/p>\n<h4 style=\"text-align: right;\">MONITORING VIBRATIONS<\/h4>\n<p style=\"text-align: right;\">Das System liefert Informationen \u00fcber der Vibrationspegel im Getriebe und \u00fcberwacht diese an strategischen Punkten. Dadurch<br \/>\nkann der Gesunheitszustand des Getriebes \u00fcberwacht werden.<\/p>\n<p>[\/vc_column_text][vc_column_text]<\/p>\n<h4 style=\"text-align: right;\">MONITORING OIL QUALITY AND OIL TEMPERATURE<\/h4>\n<p style=\"text-align: right;\">Durch die \u00dcberwachung des \u00d6lzustandes erhalten Sie Informationen \u00fcber die ordnungsgem\u00e4\u00dfe Funktion der rotierenden Teile des Getriebes. Ein effizientes Schmier\u00f6l bedeudet einen ausgezeichtneten Betriebszustand des Getriebes und erh\u00f6ht Lebensdauer der Lager und Zahnr\u00e4der.<\/p>\n<p>[\/vc_column_text][vc_empty_space][vc_single_image image=&#8220;37466&#8243; img_size=&#8220;full&#8220; alignment=&#8220;right&#8220; image_hovers=&#8220;false&#8220;][vc_empty_space][\/vc_column][\/vc_row][vc_row][vc_column width=&#8220;1\/3&#8243;][vc_single_image image=&#8220;37349&#8243; img_size=&#8220;full&#8220; alignment=&#8220;center&#8220;][\/vc_column][vc_column width=&#8220;1\/3&#8243;][vc_single_image image=&#8220;37348&#8243; img_size=&#8220;full&#8220; alignment=&#8220;center&#8220;][\/vc_column][vc_column width=&#8220;1\/3&#8243;][vc_single_image image=&#8220;37347&#8243; img_size=&#8220;full&#8220; alignment=&#8220;center&#8220;][\/vc_column][\/vc_row][vc_row][vc_column][vc_empty_space][vc_empty_space][\/vc_column][\/vc_row]<\/p>","protected":false},"excerpt":{"rendered":"<p>[vc_row][vc_column width=&#8220;1\/3&#8243;][vc_empty_space][vc_empty_space][vc_widget_sidebar show_bg=&#8220;false&#8220; sidebar_id=&#8220;sidebar_7&#8243;][vc_empty_space][\/vc_column][vc_column width=&#8220;2\/3&#8243;][vc_empty_space][vc_column_text] ZMS &#8211; Zambello Monitoring System [\/vc_column_text][vc_empty_space][vc_single_image image=&#8220;37363&#8243; img_size=&#8220;351&#215;130&#8243; alignment=&#8220;right&#8220; image_hovers=&#8220;false&#8220;][vc_column_text] ZMS (Zambello Monitoring System) ist ein elektronisches System der neuesten Generation, das die \u00dcberwachung sowohl die Getriebeschwingungen als auch seines Schmier\u00f6ls erm\u00f6glicht. Dieses System ist daher in der Lage, die Lebensdauer des Getriebes zu erh\u00f6hen, und seine Wartungskosten zu senken.&hellip;<\/p>\n","protected":false},"author":1,"featured_media":0,"parent":37332,"menu_order":0,"comment_status":"closed","ping_status":"closed","template":"","meta":[],"class_list":["post-37337","page","type-page","status-publish","hentry","description-off"],"yoast_head":"<!-- This site is optimized with the Yoast SEO plugin v27.2 - https:\/\/yoast.com\/product\/yoast-seo-wordpress\/ -->\n<title>Zambello Monitoring System - Zambello group<\/title>\n<meta name=\"robots\" content=\"index, follow, max-snippet:-1, max-image-preview:large, max-video-preview:-1\" \/>\n<link rel=\"canonical\" href=\"https:\/\/zambello.it\/industry-4-0\/zambello-monitoring-system\/\" \/>\n<meta property=\"og:locale\" content=\"de_DE\" \/>\n<meta property=\"og:type\" content=\"article\" \/>\n<meta property=\"og:title\" content=\"Zambello Monitoring System - Zambello group\" \/>\n<meta property=\"og:description\" content=\"[vc_row][vc_column width=&#8220;1\/3&#8243;][vc_empty_space][vc_empty_space][vc_widget_sidebar show_bg=&#8220;false&#8220; sidebar_id=&#8220;sidebar_7&#8243;][vc_empty_space][\/vc_column][vc_column width=&#8220;2\/3&#8243;][vc_empty_space][vc_column_text] ZMS &#8211; Zambello Monitoring System [\/vc_column_text][vc_empty_space][vc_single_image image=&#8220;37363&#8243; img_size=&#8220;351&#215;130&#8243; alignment=&#8220;right&#8220; image_hovers=&#8220;false&#8220;][vc_column_text] ZMS (Zambello Monitoring System) ist ein elektronisches System der neuesten Generation, das die \u00dcberwachung sowohl die Getriebeschwingungen als auch seines Schmier\u00f6ls erm\u00f6glicht. Dieses System ist daher in der Lage, die Lebensdauer des Getriebes zu erh\u00f6hen, und seine Wartungskosten zu senken.&hellip;\" \/>\n<meta property=\"og:url\" content=\"https:\/\/zambello.it\/industry-4-0\/zambello-monitoring-system\/\" \/>\n<meta property=\"og:site_name\" content=\"Zambello group\" \/>\n<meta property=\"article:modified_time\" content=\"2026-01-22T16:30:47+00:00\" \/>\n<meta name=\"twitter:card\" content=\"summary_large_image\" \/>\n<meta name=\"twitter:label1\" content=\"Gesch\u00e4tzte Lesezeit\" \/>\n\t<meta name=\"twitter:data1\" content=\"4\u00a0Minuten\" \/>\n<script type=\"application\/ld+json\" class=\"yoast-schema-graph\">{\"@context\":\"https:\/\/schema.org\",\"@graph\":[{\"@type\":\"WebPage\",\"@id\":\"https:\/\/zambello.it\/industry-4-0\/zambello-monitoring-system\/\",\"url\":\"https:\/\/zambello.it\/industry-4-0\/zambello-monitoring-system\/\",\"name\":\"Zambello Monitoring System - Zambello group\",\"isPartOf\":{\"@id\":\"https:\/\/zambello.it\/#website\"},\"datePublished\":\"2021-06-24T08:09:57+00:00\",\"dateModified\":\"2026-01-22T16:30:47+00:00\",\"breadcrumb\":{\"@id\":\"https:\/\/zambello.it\/industry-4-0\/zambello-monitoring-system\/#breadcrumb\"},\"inLanguage\":\"de\",\"potentialAction\":[{\"@type\":\"ReadAction\",\"target\":[\"https:\/\/zambello.it\/industry-4-0\/zambello-monitoring-system\/\"]}]},{\"@type\":\"BreadcrumbList\",\"@id\":\"https:\/\/zambello.it\/industry-4-0\/zambello-monitoring-system\/#breadcrumb\",\"itemListElement\":[{\"@type\":\"ListItem\",\"position\":1,\"name\":\"Home\",\"item\":\"https:\/\/zambello.it\/\"},{\"@type\":\"ListItem\",\"position\":2,\"name\":\"Industry 4.0\",\"item\":\"https:\/\/zambello.it\/industry-4-0\/\"},{\"@type\":\"ListItem\",\"position\":3,\"name\":\"ZMS &#8211; Zambello Monitoring System\"}]},{\"@type\":\"WebSite\",\"@id\":\"https:\/\/zambello.it\/#website\",\"url\":\"https:\/\/zambello.it\/\",\"name\":\"Zambello group\",\"description\":\"Advanced technology for extruders\",\"publisher\":{\"@id\":\"https:\/\/zambello.it\/#organization\"},\"potentialAction\":[{\"@type\":\"SearchAction\",\"target\":{\"@type\":\"EntryPoint\",\"urlTemplate\":\"https:\/\/zambello.it\/?s={search_term_string}\"},\"query-input\":{\"@type\":\"PropertyValueSpecification\",\"valueRequired\":true,\"valueName\":\"search_term_string\"}}],\"inLanguage\":\"de\"},{\"@type\":\"Organization\",\"@id\":\"https:\/\/zambello.it\/#organization\",\"name\":\"Zambello Group\",\"url\":\"https:\/\/zambello.it\/\",\"logo\":{\"@type\":\"ImageObject\",\"inLanguage\":\"de\",\"@id\":\"https:\/\/zambello.it\/#\/schema\/logo\/image\/\",\"url\":\"https:\/\/zambello.it\/wp-content\/uploads\/2018\/11\/LOGO28XI_350.png\",\"contentUrl\":\"https:\/\/zambello.it\/wp-content\/uploads\/2018\/11\/LOGO28XI_350.png\",\"width\":350,\"height\":64,\"caption\":\"Zambello Group\"},\"image\":{\"@id\":\"https:\/\/zambello.it\/#\/schema\/logo\/image\/\"}}]}<\/script>\n<!-- \/ Yoast SEO plugin. -->","yoast_head_json":{"title":"Zambello Monitoring System - Zambello group","robots":{"index":"index","follow":"follow","max-snippet":"max-snippet:-1","max-image-preview":"max-image-preview:large","max-video-preview":"max-video-preview:-1"},"canonical":"https:\/\/zambello.it\/industry-4-0\/zambello-monitoring-system\/","og_locale":"de_DE","og_type":"article","og_title":"Zambello Monitoring System - Zambello group","og_description":"[vc_row][vc_column width=&#8220;1\/3&#8243;][vc_empty_space][vc_empty_space][vc_widget_sidebar show_bg=&#8220;false&#8220; sidebar_id=&#8220;sidebar_7&#8243;][vc_empty_space][\/vc_column][vc_column width=&#8220;2\/3&#8243;][vc_empty_space][vc_column_text] ZMS &#8211; Zambello Monitoring System [\/vc_column_text][vc_empty_space][vc_single_image image=&#8220;37363&#8243; img_size=&#8220;351&#215;130&#8243; alignment=&#8220;right&#8220; image_hovers=&#8220;false&#8220;][vc_column_text] ZMS (Zambello Monitoring System) ist ein elektronisches System der neuesten Generation, das die \u00dcberwachung sowohl die Getriebeschwingungen als auch seines Schmier\u00f6ls erm\u00f6glicht. Dieses System ist daher in der Lage, die Lebensdauer des Getriebes zu erh\u00f6hen, und seine Wartungskosten zu senken.&hellip;","og_url":"https:\/\/zambello.it\/industry-4-0\/zambello-monitoring-system\/","og_site_name":"Zambello group","article_modified_time":"2026-01-22T16:30:47+00:00","twitter_card":"summary_large_image","twitter_misc":{"Gesch\u00e4tzte Lesezeit":"4\u00a0Minuten"},"schema":{"@context":"https:\/\/schema.org","@graph":[{"@type":"WebPage","@id":"https:\/\/zambello.it\/industry-4-0\/zambello-monitoring-system\/","url":"https:\/\/zambello.it\/industry-4-0\/zambello-monitoring-system\/","name":"Zambello Monitoring System - Zambello group","isPartOf":{"@id":"https:\/\/zambello.it\/#website"},"datePublished":"2021-06-24T08:09:57+00:00","dateModified":"2026-01-22T16:30:47+00:00","breadcrumb":{"@id":"https:\/\/zambello.it\/industry-4-0\/zambello-monitoring-system\/#breadcrumb"},"inLanguage":"de","potentialAction":[{"@type":"ReadAction","target":["https:\/\/zambello.it\/industry-4-0\/zambello-monitoring-system\/"]}]},{"@type":"BreadcrumbList","@id":"https:\/\/zambello.it\/industry-4-0\/zambello-monitoring-system\/#breadcrumb","itemListElement":[{"@type":"ListItem","position":1,"name":"Home","item":"https:\/\/zambello.it\/"},{"@type":"ListItem","position":2,"name":"Industry 4.0","item":"https:\/\/zambello.it\/industry-4-0\/"},{"@type":"ListItem","position":3,"name":"ZMS &#8211; Zambello Monitoring System"}]},{"@type":"WebSite","@id":"https:\/\/zambello.it\/#website","url":"https:\/\/zambello.it\/","name":"Zambello group","description":"Advanced technology for extruders","publisher":{"@id":"https:\/\/zambello.it\/#organization"},"potentialAction":[{"@type":"SearchAction","target":{"@type":"EntryPoint","urlTemplate":"https:\/\/zambello.it\/?s={search_term_string}"},"query-input":{"@type":"PropertyValueSpecification","valueRequired":true,"valueName":"search_term_string"}}],"inLanguage":"de"},{"@type":"Organization","@id":"https:\/\/zambello.it\/#organization","name":"Zambello Group","url":"https:\/\/zambello.it\/","logo":{"@type":"ImageObject","inLanguage":"de","@id":"https:\/\/zambello.it\/#\/schema\/logo\/image\/","url":"https:\/\/zambello.it\/wp-content\/uploads\/2018\/11\/LOGO28XI_350.png","contentUrl":"https:\/\/zambello.it\/wp-content\/uploads\/2018\/11\/LOGO28XI_350.png","width":350,"height":64,"caption":"Zambello Group"},"image":{"@id":"https:\/\/zambello.it\/#\/schema\/logo\/image\/"}}]}},"_links":{"self":[{"href":"https:\/\/zambello.it\/de\/wp-json\/wp\/v2\/pages\/37337","targetHints":{"allow":["GET"]}}],"collection":[{"href":"https:\/\/zambello.it\/de\/wp-json\/wp\/v2\/pages"}],"about":[{"href":"https:\/\/zambello.it\/de\/wp-json\/wp\/v2\/types\/page"}],"author":[{"embeddable":true,"href":"https:\/\/zambello.it\/de\/wp-json\/wp\/v2\/users\/1"}],"replies":[{"embeddable":true,"href":"https:\/\/zambello.it\/de\/wp-json\/wp\/v2\/comments?post=37337"}],"version-history":[{"count":38,"href":"https:\/\/zambello.it\/de\/wp-json\/wp\/v2\/pages\/37337\/revisions"}],"predecessor-version":[{"id":38187,"href":"https:\/\/zambello.it\/de\/wp-json\/wp\/v2\/pages\/37337\/revisions\/38187"}],"up":[{"embeddable":true,"href":"https:\/\/zambello.it\/de\/wp-json\/wp\/v2\/pages\/37332"}],"wp:attachment":[{"href":"https:\/\/zambello.it\/de\/wp-json\/wp\/v2\/media?parent=37337"}],"curies":[{"name":"wp","href":"https:\/\/api.w.org\/{rel}","templated":true}]}}