{"id":37332,"date":"2021-06-24T09:42:16","date_gmt":"2021-06-24T07:42:16","guid":{"rendered":"https:\/\/zambello.it\/?page_id=37332"},"modified":"2025-03-05T16:08:22","modified_gmt":"2025-03-05T15:08:22","slug":"industry-4-0","status":"publish","type":"page","link":"https:\/\/zambello.it\/de\/industry-4-0\/","title":{"rendered":"Industrie 4.0"},"content":{"rendered":"<p>[vc_row][vc_column width=&#8220;1\/4&#8243;][vc_empty_space][vc_empty_space][vc_widget_sidebar show_bg=&#8220;false&#8220; sidebar_id=&#8220;sidebar_7&#8243;][\/vc_column][vc_column width=&#8220;3\/4&#8243;][vc_empty_space][vc_column_text]<\/p>\n<h2 style=\"text-align: right;\">Industrie 4.0<\/h2>\n<p>[\/vc_column_text][vc_empty_space][vc_column_text]<\/p>\n<p style=\"text-align: right;\">Industrie 4.0 bezeichnet den aktuellen Branchentrend zur <strong>Weiterentwicklung der Automatisierung<\/strong> von Produktionsprozessen durch den Einsatz <strong>neuer wichtiger Technologien<\/strong>.<\/p>\n<p style=\"text-align: right;\">Durch die Verbesserung der Organisation industrieller Prozesse werden in der Tat wichtige Fortschritte in Bezug auf Produktivit\u00e4t, <strong>Produktqualit\u00e4t<\/strong> und Umweltbedingungen erzielt.<\/p>\n<p style=\"text-align: right;\">Aus diesen Gr\u00fcnden hat Zambello in den letzten Jahren erhebliche Investitionen in die Verbesserung und <strong>Integration industrieller Prozesse<\/strong> get\u00e4tigt und viele <strong>technologische Innovationen<\/strong> in den verschiedenen Bereichen eingef\u00fchrt.<\/p>\n<p>[\/vc_column_text][vc_empty_space][vc_column_text]<\/p>\n<p style=\"text-align: right;\">Industrie 4.0 dr\u00fcckt sich f\u00fcr die Zambello-Gruppe in zwei wichtigen Kurformeln aus:<\/p>\n<p style=\"text-align: right;\">\u2022 <strong>ZPS (Zambello-Produktions-System)<\/strong><br \/>\n\u2022 <strong>ZMS (Zambello-Monitoring- System)<\/strong><\/p>\n<p style=\"text-align: right;\">Die Erste betrifft die <strong>spezielle Prozessautomatisierung<\/strong>, die Zambello in seinen Fabriken eingef\u00fchrt hat.<br \/>\nDie Zweite betrifft die Entwicklung eines <strong>elektronischen \u00dcberwachungssystems<\/strong>, das auf allen Getrieben eingesetzt werden kann. Mit Hilfe hochentwickelter Sensoren werden Arbeitsbedingungen und Zustand der <strong>Verzahnungen und Lager<\/strong> und des <strong>Schmier\u00f6ls<\/strong> kontinuierlich \u00fcberwacht.<\/p>\n<p>[\/vc_column_text][vc_empty_space][\/vc_column][\/vc_row][vc_row][vc_column][vc_column_text]<\/p>\n<p style=\"text-align: right;\"><strong>SPS + ZMS = KONTROLLE DER PRODUKTEQUALIT\u00c4T UND DER FUNKTION<\/strong><\/p>\n<p>[\/vc_column_text][vc_empty_space][vc_empty_space][vc_empty_space][\/vc_column][\/vc_row]<\/p>","protected":false},"excerpt":{"rendered":"<p>[vc_row][vc_column width=&#8220;1\/4&#8243;][vc_empty_space][vc_empty_space][vc_widget_sidebar show_bg=&#8220;false&#8220; sidebar_id=&#8220;sidebar_7&#8243;][\/vc_column][vc_column width=&#8220;3\/4&#8243;][vc_empty_space][vc_column_text] Industrie 4.0 [\/vc_column_text][vc_empty_space][vc_column_text] Industrie 4.0 bezeichnet den aktuellen Branchentrend zur Weiterentwicklung der Automatisierung von Produktionsprozessen durch den Einsatz neuer wichtiger Technologien. Durch die Verbesserung der Organisation industrieller Prozesse werden in der Tat wichtige Fortschritte in Bezug auf Produktivit\u00e4t, Produktqualit\u00e4t und Umweltbedingungen erzielt. Aus diesen Gr\u00fcnden hat Zambello in den letzten&hellip;<\/p>\n","protected":false},"author":1,"featured_media":0,"parent":0,"menu_order":0,"comment_status":"closed","ping_status":"closed","template":"","meta":[],"class_list":["post-37332","page","type-page","status-publish","hentry","description-off"],"yoast_head":"<!-- This site is optimized with the Yoast SEO plugin v27.2 - https:\/\/yoast.com\/product\/yoast-seo-wordpress\/ -->\n<title>Industrie 4.0 - Zambello group<\/title>\n<meta name=\"robots\" content=\"index, follow, max-snippet:-1, max-image-preview:large, max-video-preview:-1\" \/>\n<link rel=\"canonical\" href=\"https:\/\/zambello.it\/industry-4-0\/\" \/>\n<meta property=\"og:locale\" content=\"de_DE\" \/>\n<meta property=\"og:type\" content=\"article\" \/>\n<meta property=\"og:title\" content=\"Industrie 4.0 - Zambello group\" \/>\n<meta property=\"og:description\" content=\"[vc_row][vc_column width=&#8220;1\/4&#8243;][vc_empty_space][vc_empty_space][vc_widget_sidebar show_bg=&#8220;false&#8220; sidebar_id=&#8220;sidebar_7&#8243;][\/vc_column][vc_column width=&#8220;3\/4&#8243;][vc_empty_space][vc_column_text] Industrie 4.0 [\/vc_column_text][vc_empty_space][vc_column_text] Industrie 4.0 bezeichnet den aktuellen Branchentrend zur Weiterentwicklung der Automatisierung von Produktionsprozessen durch den Einsatz neuer wichtiger Technologien. Durch die Verbesserung der Organisation industrieller Prozesse werden in der Tat wichtige Fortschritte in Bezug auf Produktivit\u00e4t, Produktqualit\u00e4t und Umweltbedingungen erzielt. Aus diesen Gr\u00fcnden hat Zambello in den letzten&hellip;\" \/>\n<meta property=\"og:url\" content=\"https:\/\/zambello.it\/industry-4-0\/\" \/>\n<meta property=\"og:site_name\" content=\"Zambello group\" \/>\n<meta property=\"article:modified_time\" content=\"2025-03-05T15:08:22+00:00\" \/>\n<meta name=\"twitter:card\" content=\"summary_large_image\" \/>\n<meta name=\"twitter:label1\" content=\"Gesch\u00e4tzte Lesezeit\" \/>\n\t<meta name=\"twitter:data1\" content=\"1\u00a0Minute\" \/>\n<script type=\"application\/ld+json\" class=\"yoast-schema-graph\">{\"@context\":\"https:\/\/schema.org\",\"@graph\":[{\"@type\":\"WebPage\",\"@id\":\"https:\/\/zambello.it\/industry-4-0\/\",\"url\":\"https:\/\/zambello.it\/industry-4-0\/\",\"name\":\"Industrie 4.0 - Zambello group\",\"isPartOf\":{\"@id\":\"https:\/\/zambello.it\/#website\"},\"datePublished\":\"2021-06-24T07:42:16+00:00\",\"dateModified\":\"2025-03-05T15:08:22+00:00\",\"breadcrumb\":{\"@id\":\"https:\/\/zambello.it\/industry-4-0\/#breadcrumb\"},\"inLanguage\":\"de\",\"potentialAction\":[{\"@type\":\"ReadAction\",\"target\":[\"https:\/\/zambello.it\/industry-4-0\/\"]}]},{\"@type\":\"BreadcrumbList\",\"@id\":\"https:\/\/zambello.it\/industry-4-0\/#breadcrumb\",\"itemListElement\":[{\"@type\":\"ListItem\",\"position\":1,\"name\":\"Home\",\"item\":\"https:\/\/zambello.it\/\"},{\"@type\":\"ListItem\",\"position\":2,\"name\":\"Industry 4.0\"}]},{\"@type\":\"WebSite\",\"@id\":\"https:\/\/zambello.it\/#website\",\"url\":\"https:\/\/zambello.it\/\",\"name\":\"Zambello group\",\"description\":\"Advanced technology for extruders\",\"publisher\":{\"@id\":\"https:\/\/zambello.it\/#organization\"},\"potentialAction\":[{\"@type\":\"SearchAction\",\"target\":{\"@type\":\"EntryPoint\",\"urlTemplate\":\"https:\/\/zambello.it\/?s={search_term_string}\"},\"query-input\":{\"@type\":\"PropertyValueSpecification\",\"valueRequired\":true,\"valueName\":\"search_term_string\"}}],\"inLanguage\":\"de\"},{\"@type\":\"Organization\",\"@id\":\"https:\/\/zambello.it\/#organization\",\"name\":\"Zambello Group\",\"url\":\"https:\/\/zambello.it\/\",\"logo\":{\"@type\":\"ImageObject\",\"inLanguage\":\"de\",\"@id\":\"https:\/\/zambello.it\/#\/schema\/logo\/image\/\",\"url\":\"https:\/\/zambello.it\/wp-content\/uploads\/2018\/11\/LOGO28XI_350.png\",\"contentUrl\":\"https:\/\/zambello.it\/wp-content\/uploads\/2018\/11\/LOGO28XI_350.png\",\"width\":350,\"height\":64,\"caption\":\"Zambello Group\"},\"image\":{\"@id\":\"https:\/\/zambello.it\/#\/schema\/logo\/image\/\"}}]}<\/script>\n<!-- \/ Yoast SEO plugin. -->","yoast_head_json":{"title":"Industrie 4.0 - Zambello group","robots":{"index":"index","follow":"follow","max-snippet":"max-snippet:-1","max-image-preview":"max-image-preview:large","max-video-preview":"max-video-preview:-1"},"canonical":"https:\/\/zambello.it\/industry-4-0\/","og_locale":"de_DE","og_type":"article","og_title":"Industrie 4.0 - Zambello group","og_description":"[vc_row][vc_column width=&#8220;1\/4&#8243;][vc_empty_space][vc_empty_space][vc_widget_sidebar show_bg=&#8220;false&#8220; sidebar_id=&#8220;sidebar_7&#8243;][\/vc_column][vc_column width=&#8220;3\/4&#8243;][vc_empty_space][vc_column_text] Industrie 4.0 [\/vc_column_text][vc_empty_space][vc_column_text] Industrie 4.0 bezeichnet den aktuellen Branchentrend zur Weiterentwicklung der Automatisierung von Produktionsprozessen durch den Einsatz neuer wichtiger Technologien. Durch die Verbesserung der Organisation industrieller Prozesse werden in der Tat wichtige Fortschritte in Bezug auf Produktivit\u00e4t, Produktqualit\u00e4t und Umweltbedingungen erzielt. Aus diesen Gr\u00fcnden hat Zambello in den letzten&hellip;","og_url":"https:\/\/zambello.it\/industry-4-0\/","og_site_name":"Zambello group","article_modified_time":"2025-03-05T15:08:22+00:00","twitter_card":"summary_large_image","twitter_misc":{"Gesch\u00e4tzte Lesezeit":"1\u00a0Minute"},"schema":{"@context":"https:\/\/schema.org","@graph":[{"@type":"WebPage","@id":"https:\/\/zambello.it\/industry-4-0\/","url":"https:\/\/zambello.it\/industry-4-0\/","name":"Industrie 4.0 - Zambello group","isPartOf":{"@id":"https:\/\/zambello.it\/#website"},"datePublished":"2021-06-24T07:42:16+00:00","dateModified":"2025-03-05T15:08:22+00:00","breadcrumb":{"@id":"https:\/\/zambello.it\/industry-4-0\/#breadcrumb"},"inLanguage":"de","potentialAction":[{"@type":"ReadAction","target":["https:\/\/zambello.it\/industry-4-0\/"]}]},{"@type":"BreadcrumbList","@id":"https:\/\/zambello.it\/industry-4-0\/#breadcrumb","itemListElement":[{"@type":"ListItem","position":1,"name":"Home","item":"https:\/\/zambello.it\/"},{"@type":"ListItem","position":2,"name":"Industry 4.0"}]},{"@type":"WebSite","@id":"https:\/\/zambello.it\/#website","url":"https:\/\/zambello.it\/","name":"Zambello group","description":"Advanced technology for extruders","publisher":{"@id":"https:\/\/zambello.it\/#organization"},"potentialAction":[{"@type":"SearchAction","target":{"@type":"EntryPoint","urlTemplate":"https:\/\/zambello.it\/?s={search_term_string}"},"query-input":{"@type":"PropertyValueSpecification","valueRequired":true,"valueName":"search_term_string"}}],"inLanguage":"de"},{"@type":"Organization","@id":"https:\/\/zambello.it\/#organization","name":"Zambello Group","url":"https:\/\/zambello.it\/","logo":{"@type":"ImageObject","inLanguage":"de","@id":"https:\/\/zambello.it\/#\/schema\/logo\/image\/","url":"https:\/\/zambello.it\/wp-content\/uploads\/2018\/11\/LOGO28XI_350.png","contentUrl":"https:\/\/zambello.it\/wp-content\/uploads\/2018\/11\/LOGO28XI_350.png","width":350,"height":64,"caption":"Zambello Group"},"image":{"@id":"https:\/\/zambello.it\/#\/schema\/logo\/image\/"}}]}},"_links":{"self":[{"href":"https:\/\/zambello.it\/de\/wp-json\/wp\/v2\/pages\/37332","targetHints":{"allow":["GET"]}}],"collection":[{"href":"https:\/\/zambello.it\/de\/wp-json\/wp\/v2\/pages"}],"about":[{"href":"https:\/\/zambello.it\/de\/wp-json\/wp\/v2\/types\/page"}],"author":[{"embeddable":true,"href":"https:\/\/zambello.it\/de\/wp-json\/wp\/v2\/users\/1"}],"replies":[{"embeddable":true,"href":"https:\/\/zambello.it\/de\/wp-json\/wp\/v2\/comments?post=37332"}],"version-history":[{"count":24,"href":"https:\/\/zambello.it\/de\/wp-json\/wp\/v2\/pages\/37332\/revisions"}],"predecessor-version":[{"id":37416,"href":"https:\/\/zambello.it\/de\/wp-json\/wp\/v2\/pages\/37332\/revisions\/37416"}],"wp:attachment":[{"href":"https:\/\/zambello.it\/de\/wp-json\/wp\/v2\/media?parent=37332"}],"curies":[{"name":"wp","href":"https:\/\/api.w.org\/{rel}","templated":true}]}}