{"id":36866,"date":"2019-09-24T16:29:51","date_gmt":"2019-09-24T14:29:51","guid":{"rendered":"https:\/\/zambello.it\/?page_id=36866"},"modified":"2024-02-19T17:39:58","modified_gmt":"2024-02-19T16:39:58","slug":"settori-applicativi","status":"publish","type":"page","link":"https:\/\/zambello.it\/de\/settori-applicativi\/","title":{"rendered":"Anwendungen"},"content":{"rendered":"<p>[vc_row][vc_column width=&#8220;1\/3&#8243;][vc_empty_space][vc_empty_space][\/vc_column][vc_column width=&#8220;2\/3&#8243;][vc_empty_space][vc_column_text]<\/p>\n<h2 style=\"text-align: right;\">Anwendungen<\/h2>\n<p>[\/vc_column_text][vc_empty_space][vc_column_text]<\/p>\n<p style=\"text-align: right;\">Die starke Spezialisierung, die breite Palette der Produktion, die enormen Investitionen in den Ausbau sowie die kontinuierlichen Verbesserungen mit dem Ziel eines zuverl\u00e4ssigen, wettbewerbsf\u00e4higen und sehr hochwertigen Produktes sind einige der Gr\u00fcnde, die <strong>die weltweit gr\u00f6\u00dften Hersteller von Extrusionslinien<\/strong> zu Partnern der Zambello Group werden lassen. Durch diese werden Zambello Einschnecken- und Doppelschnecken Getriebe in den unterschiedlichsten Anwendungen der Kunststoffindustrie und dar\u00fcber hinaus eingesetzt. Diese Anwendungen liegen einerseits in den traditionellen Bereichen (Automobil, Bau, Landwirtschaft, Medizin, Pharma, etc.) mit Extrusionsanlagen f\u00fcr Blasfolie, Giess- bez. Flachfolie, Blasformen, Rohr und Profil, Platten bez. Folienextrusion, Thermoforming, Compounding, Masterbatch, Recycling, andererseits in den Bereichen der Futtermittel-, Biokraftstoff- sowie der chemischen und petrochemischen Industrie.<\/p>\n<p>[\/vc_column_text][\/vc_column][\/vc_row][vc_row][vc_column][vc_empty_space][vc_empty_space][vc_media_grid grid_id=&#8220;vc_gid:1708352563569-a7e92843-8e17-6&#8243; include=&#8220;36868,36870,36872,36869,36886,36887&#8243;][vc_empty_space][vc_empty_space][\/vc_column][\/vc_row][vc_row][vc_column width=&#8220;1\/3&#8243;][\/vc_column][vc_column width=&#8220;2\/3&#8243;][vc_column_text]<\/p>\n<p style=\"text-align: right;\">Die Bedeutung einer <strong>hochwertigen und zuverl\u00e4ssigen<\/strong> Hauptkomponente wie dem <strong>Zambello-Getriebe<\/strong> tr\u00e4gt zu einer Aufwertung der Produkte unserer Partner bei, f\u00fcr eine maximale Zufriedenheit selbst ihrer anspruchsvollsten Kunden.<\/p>\n<p style=\"text-align: right;\">Die wichtigsten <strong>internationalen Unternehmen<\/strong> aus den unterschiedlichsten Bereichen der Extrusion bevorzugen oder empfehlen heute sogar die Wahl von Zambello Einschnecken- und Doppelschnecken Getrieben. Dies zeigt sich in der <strong>weltweiten Pr\u00e4senz von mehr als 50.000 Zambello-Getrieben<\/strong>, sowohl in kleinen Unternehmen als auch in gr\u00f6\u00dferen Industrieanlagen.<\/p>\n<p>[\/vc_column_text][\/vc_column][\/vc_row][vc_row][vc_column][vc_empty_space][vc_empty_space][vc_media_grid grid_id=&#8220;vc_gid:1708352563572-90361fed-95e9-7&#8243; include=&#8220;37152,37113,37112,36891,36892,36893,36894,36895,36896&#8243;][vc_empty_space][vc_empty_space][\/vc_column][\/vc_row]<\/p>","protected":false},"excerpt":{"rendered":"<p>[vc_row][vc_column width=&#8220;1\/3&#8243;][vc_empty_space][vc_empty_space][\/vc_column][vc_column width=&#8220;2\/3&#8243;][vc_empty_space][vc_column_text] Anwendungen [\/vc_column_text][vc_empty_space][vc_column_text] Die starke Spezialisierung, die breite Palette der Produktion, die enormen Investitionen in den Ausbau sowie die kontinuierlichen Verbesserungen mit dem Ziel eines zuverl\u00e4ssigen, wettbewerbsf\u00e4higen und sehr hochwertigen Produktes sind einige der Gr\u00fcnde, die die weltweit gr\u00f6\u00dften Hersteller von Extrusionslinien zu Partnern der Zambello Group werden lassen. Durch diese werden Zambello&hellip;<\/p>\n","protected":false},"author":1,"featured_media":0,"parent":0,"menu_order":0,"comment_status":"closed","ping_status":"closed","template":"","meta":[],"class_list":["post-36866","page","type-page","status-publish","hentry","description-off"],"yoast_head":"<!-- This site is optimized with the Yoast SEO plugin v27.2 - https:\/\/yoast.com\/product\/yoast-seo-wordpress\/ -->\n<title>(English) Settori applicativi di impiego riduttori Zambello in linee di estrusione -<\/title>\n<meta name=\"description\" content=\"(English) I riduttori Zambello sono impiegati in svariati settori (automotive, edile, agricolo, medicale, farmaceutico, feed and biofuel, chimico e petrolchimico)\" \/>\n<meta name=\"robots\" content=\"index, follow, max-snippet:-1, max-image-preview:large, max-video-preview:-1\" \/>\n<link rel=\"canonical\" href=\"https:\/\/zambello.it\/settori-applicativi\/\" \/>\n<meta property=\"og:locale\" content=\"de_DE\" \/>\n<meta property=\"og:type\" content=\"article\" \/>\n<meta property=\"og:title\" content=\"[:en]Settori applicativi di impiego riduttori Zambello in linee di estrusione -[:]\" \/>\n<meta property=\"og:description\" content=\"{:en}I riduttori Zambello sono impiegati in svariati settori (automotive, edile, agricolo, medicale, farmaceutico, feed and biofuel, chimico e petrolchimico){:}\" \/>\n<meta property=\"og:url\" content=\"https:\/\/zambello.it\/settori-applicativi\/\" \/>\n<meta property=\"og:site_name\" content=\"Zambello group\" \/>\n<meta property=\"article:modified_time\" content=\"2024-02-19T16:39:58+00:00\" \/>\n<meta name=\"twitter:card\" content=\"summary_large_image\" \/>\n<meta name=\"twitter:label1\" content=\"Gesch\u00e4tzte Lesezeit\" \/>\n\t<meta name=\"twitter:data1\" content=\"4\u00a0Minuten\" \/>\n<script type=\"application\/ld+json\" class=\"yoast-schema-graph\">{\"@context\":\"https:\/\/schema.org\",\"@graph\":[{\"@type\":\"WebPage\",\"@id\":\"https:\/\/zambello.it\/settori-applicativi\/\",\"url\":\"https:\/\/zambello.it\/settori-applicativi\/\",\"name\":\"[:en]Settori applicativi di impiego riduttori Zambello in linee di estrusione -[:]\",\"isPartOf\":{\"@id\":\"https:\/\/zambello.it\/#website\"},\"datePublished\":\"2019-09-24T14:29:51+00:00\",\"dateModified\":\"2024-02-19T16:39:58+00:00\",\"description\":\"{:en}I riduttori Zambello sono impiegati in svariati settori (automotive, edile, agricolo, medicale, farmaceutico, feed and biofuel, chimico e petrolchimico){:}\",\"breadcrumb\":{\"@id\":\"https:\/\/zambello.it\/settori-applicativi\/#breadcrumb\"},\"inLanguage\":\"de\",\"potentialAction\":[{\"@type\":\"ReadAction\",\"target\":[\"https:\/\/zambello.it\/settori-applicativi\/\"]}]},{\"@type\":\"BreadcrumbList\",\"@id\":\"https:\/\/zambello.it\/settori-applicativi\/#breadcrumb\",\"itemListElement\":[{\"@type\":\"ListItem\",\"position\":1,\"name\":\"Home\",\"item\":\"https:\/\/zambello.it\/\"},{\"@type\":\"ListItem\",\"position\":2,\"name\":\"Applicazioni\"}]},{\"@type\":\"WebSite\",\"@id\":\"https:\/\/zambello.it\/#website\",\"url\":\"https:\/\/zambello.it\/\",\"name\":\"Zambello group\",\"description\":\"Advanced technology for extruders\",\"publisher\":{\"@id\":\"https:\/\/zambello.it\/#organization\"},\"potentialAction\":[{\"@type\":\"SearchAction\",\"target\":{\"@type\":\"EntryPoint\",\"urlTemplate\":\"https:\/\/zambello.it\/?s={search_term_string}\"},\"query-input\":{\"@type\":\"PropertyValueSpecification\",\"valueRequired\":true,\"valueName\":\"search_term_string\"}}],\"inLanguage\":\"de\"},{\"@type\":\"Organization\",\"@id\":\"https:\/\/zambello.it\/#organization\",\"name\":\"Zambello Group\",\"url\":\"https:\/\/zambello.it\/\",\"logo\":{\"@type\":\"ImageObject\",\"inLanguage\":\"de\",\"@id\":\"https:\/\/zambello.it\/#\/schema\/logo\/image\/\",\"url\":\"https:\/\/zambello.it\/wp-content\/uploads\/2018\/11\/LOGO28XI_350.png\",\"contentUrl\":\"https:\/\/zambello.it\/wp-content\/uploads\/2018\/11\/LOGO28XI_350.png\",\"width\":350,\"height\":64,\"caption\":\"Zambello Group\"},\"image\":{\"@id\":\"https:\/\/zambello.it\/#\/schema\/logo\/image\/\"}}]}<\/script>\n<!-- \/ Yoast SEO plugin. -->","yoast_head_json":{"title":"(English) Settori applicativi di impiego riduttori Zambello in linee di estrusione -","description":"(English) I riduttori Zambello sono impiegati in svariati settori (automotive, edile, agricolo, medicale, farmaceutico, feed and biofuel, chimico e petrolchimico)","robots":{"index":"index","follow":"follow","max-snippet":"max-snippet:-1","max-image-preview":"max-image-preview:large","max-video-preview":"max-video-preview:-1"},"canonical":"https:\/\/zambello.it\/settori-applicativi\/","og_locale":"de_DE","og_type":"article","og_title":"[:en]Settori applicativi di impiego riduttori Zambello in linee di estrusione -[:]","og_description":"{:en}I riduttori Zambello sono impiegati in svariati settori (automotive, edile, agricolo, medicale, farmaceutico, feed and biofuel, chimico e petrolchimico){:}","og_url":"https:\/\/zambello.it\/settori-applicativi\/","og_site_name":"Zambello group","article_modified_time":"2024-02-19T16:39:58+00:00","twitter_card":"summary_large_image","twitter_misc":{"Gesch\u00e4tzte Lesezeit":"4\u00a0Minuten"},"schema":{"@context":"https:\/\/schema.org","@graph":[{"@type":"WebPage","@id":"https:\/\/zambello.it\/settori-applicativi\/","url":"https:\/\/zambello.it\/settori-applicativi\/","name":"[:en]Settori applicativi di impiego riduttori Zambello in linee di estrusione -[:]","isPartOf":{"@id":"https:\/\/zambello.it\/#website"},"datePublished":"2019-09-24T14:29:51+00:00","dateModified":"2024-02-19T16:39:58+00:00","description":"{:en}I riduttori Zambello sono impiegati in svariati settori (automotive, edile, agricolo, medicale, farmaceutico, feed and biofuel, chimico e petrolchimico){:}","breadcrumb":{"@id":"https:\/\/zambello.it\/settori-applicativi\/#breadcrumb"},"inLanguage":"de","potentialAction":[{"@type":"ReadAction","target":["https:\/\/zambello.it\/settori-applicativi\/"]}]},{"@type":"BreadcrumbList","@id":"https:\/\/zambello.it\/settori-applicativi\/#breadcrumb","itemListElement":[{"@type":"ListItem","position":1,"name":"Home","item":"https:\/\/zambello.it\/"},{"@type":"ListItem","position":2,"name":"Applicazioni"}]},{"@type":"WebSite","@id":"https:\/\/zambello.it\/#website","url":"https:\/\/zambello.it\/","name":"Zambello group","description":"Advanced technology for extruders","publisher":{"@id":"https:\/\/zambello.it\/#organization"},"potentialAction":[{"@type":"SearchAction","target":{"@type":"EntryPoint","urlTemplate":"https:\/\/zambello.it\/?s={search_term_string}"},"query-input":{"@type":"PropertyValueSpecification","valueRequired":true,"valueName":"search_term_string"}}],"inLanguage":"de"},{"@type":"Organization","@id":"https:\/\/zambello.it\/#organization","name":"Zambello Group","url":"https:\/\/zambello.it\/","logo":{"@type":"ImageObject","inLanguage":"de","@id":"https:\/\/zambello.it\/#\/schema\/logo\/image\/","url":"https:\/\/zambello.it\/wp-content\/uploads\/2018\/11\/LOGO28XI_350.png","contentUrl":"https:\/\/zambello.it\/wp-content\/uploads\/2018\/11\/LOGO28XI_350.png","width":350,"height":64,"caption":"Zambello Group"},"image":{"@id":"https:\/\/zambello.it\/#\/schema\/logo\/image\/"}}]}},"_links":{"self":[{"href":"https:\/\/zambello.it\/de\/wp-json\/wp\/v2\/pages\/36866","targetHints":{"allow":["GET"]}}],"collection":[{"href":"https:\/\/zambello.it\/de\/wp-json\/wp\/v2\/pages"}],"about":[{"href":"https:\/\/zambello.it\/de\/wp-json\/wp\/v2\/types\/page"}],"author":[{"embeddable":true,"href":"https:\/\/zambello.it\/de\/wp-json\/wp\/v2\/users\/1"}],"replies":[{"embeddable":true,"href":"https:\/\/zambello.it\/de\/wp-json\/wp\/v2\/comments?post=36866"}],"version-history":[{"count":30,"href":"https:\/\/zambello.it\/de\/wp-json\/wp\/v2\/pages\/36866\/revisions"}],"predecessor-version":[{"id":37833,"href":"https:\/\/zambello.it\/de\/wp-json\/wp\/v2\/pages\/36866\/revisions\/37833"}],"wp:attachment":[{"href":"https:\/\/zambello.it\/de\/wp-json\/wp\/v2\/media?parent=36866"}],"curies":[{"name":"wp","href":"https:\/\/api.w.org\/{rel}","templated":true}]}}