{"id":36509,"date":"2019-04-17T15:02:29","date_gmt":"2019-04-17T13:02:29","guid":{"rendered":"https:\/\/zambello.it\/?page_id=36509"},"modified":"2022-06-27T23:41:43","modified_gmt":"2022-06-27T21:41:43","slug":"stabilimenti","status":"publish","type":"page","link":"https:\/\/zambello.it\/de\/stabilimenti\/","title":{"rendered":"Werke"},"content":{"rendered":"<p>[vc_row][vc_column width=&#8220;1\/4&#8243;][vc_empty_space][vc_empty_space][vc_widget_sidebar show_bg=&#8220;false&#8220; sidebar_id=&#8220;sidebar_6&#8243;][\/vc_column][vc_column width=&#8220;3\/4&#8243;][vc_empty_space][vc_column_text]<\/p>\n<h2 style=\"text-align: right;\">Werke<\/h2>\n<p>[\/vc_column_text][vc_empty_space][vc_column_text]<\/p>\n<h3 style=\"text-align: right;\">Zambello Riduttori 2<\/h3>\n<p>[\/vc_column_text][vc_column_text]<\/p>\n<p style=\"text-align: right;\">Auf einer Fl\u00e4che von mehr als 154.000 Quadratmetern, wovon rund 26.500 \u00fcberdacht sind, werden in den<br \/>\nHallen in Lendinara in Serienproduktion <strong>Getriebe f\u00fcr Einschneckenextruder, f\u00fcr kleine und mittlere<\/strong><br \/>\n<strong>Doppelschnecken<\/strong> sowie Getriebe f\u00fcr Spritzgie\u00dfmaschinen produziert.<\/p>\n<p>[\/vc_column_text][vc_column_text]<\/p>\n<h3 style=\"text-align: right;\">Zamec<\/h3>\n<p>[\/vc_column_text][vc_column_text]<\/p>\n<p style=\"text-align: right;\">In einem Bereich des Werks in Lendinara befindet sich der Sitz der Zamec srl. Das Unternehmen ist spezialisiert auf die Bearbeitung mechanischer Komponenten f\u00fcr den Extrusionssektor mit hochproduktiven Maschinen und Anlagen der neuesten Generation.<\/p>\n<p>[\/vc_column_text][\/vc_column][\/vc_row][vc_row][vc_column][vc_empty_space][vc_single_image image=&#8220;36140&#8243; img_size=&#8220;full&#8220; add_caption=&#8220;yes&#8220; alignment=&#8220;right&#8220; css_animation=&#8220;zoomIn&#8220;][\/vc_column][\/vc_row][vc_row][vc_column][vc_empty_space][vc_empty_space][vc_column_text]<\/p>\n<h3 style=\"text-align: right;\">Zambello Riduttori<\/h3>\n<p style=\"text-align: right;\"><strong><i>Hauptsitz<\/i><\/strong><\/p>\n<p>[\/vc_column_text][vc_column_text]<\/p>\n<p style=\"text-align: right;\">Das Werk Magnago verf\u00fcgt \u00fcber eine Fl\u00e4che von rund 16.000 m2, von denen etwa 5.000 m2 \u00fcberdacht sind.<br \/>\nIn diesem Werk werden gro\u00dfe <strong>Getriebe f\u00fcr Einschneckenextruder, f\u00fcr gro\u00dfe Doppelschnecken<\/strong><br \/>\nsowie Getriebe f\u00fcr Spritzgie\u00dfmaschinen produziert.<\/p>\n<p style=\"text-align: right;\">Magnago ist der Sitz der <strong>kaufm\u00e4nnischen Leitung<\/strong> der Gruppe.<\/p>\n<p>[\/vc_column_text][vc_empty_space][vc_single_image image=&#8220;36139&#8243; img_size=&#8220;full&#8220; add_caption=&#8220;yes&#8220; alignment=&#8220;right&#8220; css_animation=&#8220;zoomIn&#8220;][vc_empty_space][vc_empty_space][\/vc_column][\/vc_row]<\/p>","protected":false},"excerpt":{"rendered":"<p>[vc_row][vc_column width=&#8220;1\/4&#8243;][vc_empty_space][vc_empty_space][vc_widget_sidebar show_bg=&#8220;false&#8220; sidebar_id=&#8220;sidebar_6&#8243;][\/vc_column][vc_column width=&#8220;3\/4&#8243;][vc_empty_space][vc_column_text] Werke [\/vc_column_text][vc_empty_space][vc_column_text] Zambello Riduttori 2 [\/vc_column_text][vc_column_text] Auf einer Fl\u00e4che von mehr als 154.000 Quadratmetern, wovon rund 26.500 \u00fcberdacht sind, werden in den Hallen in Lendinara in Serienproduktion Getriebe f\u00fcr Einschneckenextruder, f\u00fcr kleine und mittlere Doppelschnecken sowie Getriebe f\u00fcr Spritzgie\u00dfmaschinen produziert. [\/vc_column_text][vc_column_text] Zamec [\/vc_column_text][vc_column_text] In einem Bereich des Werks in Lendinara&hellip;<\/p>\n","protected":false},"author":1,"featured_media":0,"parent":0,"menu_order":0,"comment_status":"closed","ping_status":"closed","template":"","meta":[],"class_list":["post-36509","page","type-page","status-publish","hentry","description-off"],"yoast_head":"<!-- This site is optimized with the Yoast SEO plugin v27.2 - https:\/\/yoast.com\/product\/yoast-seo-wordpress\/ -->\n<title>Werke - Zambello group<\/title>\n<meta name=\"robots\" content=\"index, follow, max-snippet:-1, max-image-preview:large, max-video-preview:-1\" \/>\n<link rel=\"canonical\" href=\"https:\/\/zambello.it\/stabilimenti\/\" \/>\n<meta property=\"og:locale\" content=\"de_DE\" \/>\n<meta property=\"og:type\" content=\"article\" \/>\n<meta property=\"og:title\" content=\"Werke - Zambello group\" \/>\n<meta property=\"og:description\" content=\"[vc_row][vc_column width=&#8220;1\/4&#8243;][vc_empty_space][vc_empty_space][vc_widget_sidebar show_bg=&#8220;false&#8220; sidebar_id=&#8220;sidebar_6&#8243;][\/vc_column][vc_column width=&#8220;3\/4&#8243;][vc_empty_space][vc_column_text] Werke [\/vc_column_text][vc_empty_space][vc_column_text] Zambello Riduttori 2 [\/vc_column_text][vc_column_text] Auf einer Fl\u00e4che von mehr als 154.000 Quadratmetern, wovon rund 26.500 \u00fcberdacht sind, werden in den Hallen in Lendinara in Serienproduktion Getriebe f\u00fcr Einschneckenextruder, f\u00fcr kleine und mittlere Doppelschnecken sowie Getriebe f\u00fcr Spritzgie\u00dfmaschinen produziert. [\/vc_column_text][vc_column_text] Zamec [\/vc_column_text][vc_column_text] In einem Bereich des Werks in Lendinara&hellip;\" \/>\n<meta property=\"og:url\" content=\"https:\/\/zambello.it\/stabilimenti\/\" \/>\n<meta property=\"og:site_name\" content=\"Zambello group\" \/>\n<meta property=\"article:modified_time\" content=\"2022-06-27T21:41:43+00:00\" \/>\n<meta name=\"twitter:card\" content=\"summary_large_image\" \/>\n<meta name=\"twitter:label1\" content=\"Gesch\u00e4tzte Lesezeit\" \/>\n\t<meta name=\"twitter:data1\" content=\"1\u00a0Minute\" \/>\n<script type=\"application\/ld+json\" class=\"yoast-schema-graph\">{\"@context\":\"https:\/\/schema.org\",\"@graph\":[{\"@type\":\"WebPage\",\"@id\":\"https:\/\/zambello.it\/stabilimenti\/\",\"url\":\"https:\/\/zambello.it\/stabilimenti\/\",\"name\":\"Werke - Zambello group\",\"isPartOf\":{\"@id\":\"https:\/\/zambello.it\/#website\"},\"datePublished\":\"2019-04-17T13:02:29+00:00\",\"dateModified\":\"2022-06-27T21:41:43+00:00\",\"breadcrumb\":{\"@id\":\"https:\/\/zambello.it\/stabilimenti\/#breadcrumb\"},\"inLanguage\":\"de\",\"potentialAction\":[{\"@type\":\"ReadAction\",\"target\":[\"https:\/\/zambello.it\/stabilimenti\/\"]}]},{\"@type\":\"BreadcrumbList\",\"@id\":\"https:\/\/zambello.it\/stabilimenti\/#breadcrumb\",\"itemListElement\":[{\"@type\":\"ListItem\",\"position\":1,\"name\":\"Home\",\"item\":\"https:\/\/zambello.it\/\"},{\"@type\":\"ListItem\",\"position\":2,\"name\":\"Stabilimenti\"}]},{\"@type\":\"WebSite\",\"@id\":\"https:\/\/zambello.it\/#website\",\"url\":\"https:\/\/zambello.it\/\",\"name\":\"Zambello group\",\"description\":\"Advanced technology for extruders\",\"publisher\":{\"@id\":\"https:\/\/zambello.it\/#organization\"},\"potentialAction\":[{\"@type\":\"SearchAction\",\"target\":{\"@type\":\"EntryPoint\",\"urlTemplate\":\"https:\/\/zambello.it\/?s={search_term_string}\"},\"query-input\":{\"@type\":\"PropertyValueSpecification\",\"valueRequired\":true,\"valueName\":\"search_term_string\"}}],\"inLanguage\":\"de\"},{\"@type\":\"Organization\",\"@id\":\"https:\/\/zambello.it\/#organization\",\"name\":\"Zambello Group\",\"url\":\"https:\/\/zambello.it\/\",\"logo\":{\"@type\":\"ImageObject\",\"inLanguage\":\"de\",\"@id\":\"https:\/\/zambello.it\/#\/schema\/logo\/image\/\",\"url\":\"https:\/\/zambello.it\/wp-content\/uploads\/2018\/11\/LOGO28XI_350.png\",\"contentUrl\":\"https:\/\/zambello.it\/wp-content\/uploads\/2018\/11\/LOGO28XI_350.png\",\"width\":350,\"height\":64,\"caption\":\"Zambello Group\"},\"image\":{\"@id\":\"https:\/\/zambello.it\/#\/schema\/logo\/image\/\"}}]}<\/script>\n<!-- \/ Yoast SEO plugin. -->","yoast_head_json":{"title":"Werke - Zambello group","robots":{"index":"index","follow":"follow","max-snippet":"max-snippet:-1","max-image-preview":"max-image-preview:large","max-video-preview":"max-video-preview:-1"},"canonical":"https:\/\/zambello.it\/stabilimenti\/","og_locale":"de_DE","og_type":"article","og_title":"Werke - Zambello group","og_description":"[vc_row][vc_column width=&#8220;1\/4&#8243;][vc_empty_space][vc_empty_space][vc_widget_sidebar show_bg=&#8220;false&#8220; sidebar_id=&#8220;sidebar_6&#8243;][\/vc_column][vc_column width=&#8220;3\/4&#8243;][vc_empty_space][vc_column_text] Werke [\/vc_column_text][vc_empty_space][vc_column_text] Zambello Riduttori 2 [\/vc_column_text][vc_column_text] Auf einer Fl\u00e4che von mehr als 154.000 Quadratmetern, wovon rund 26.500 \u00fcberdacht sind, werden in den Hallen in Lendinara in Serienproduktion Getriebe f\u00fcr Einschneckenextruder, f\u00fcr kleine und mittlere Doppelschnecken sowie Getriebe f\u00fcr Spritzgie\u00dfmaschinen produziert. [\/vc_column_text][vc_column_text] Zamec [\/vc_column_text][vc_column_text] In einem Bereich des Werks in Lendinara&hellip;","og_url":"https:\/\/zambello.it\/stabilimenti\/","og_site_name":"Zambello group","article_modified_time":"2022-06-27T21:41:43+00:00","twitter_card":"summary_large_image","twitter_misc":{"Gesch\u00e4tzte Lesezeit":"1\u00a0Minute"},"schema":{"@context":"https:\/\/schema.org","@graph":[{"@type":"WebPage","@id":"https:\/\/zambello.it\/stabilimenti\/","url":"https:\/\/zambello.it\/stabilimenti\/","name":"Werke - Zambello group","isPartOf":{"@id":"https:\/\/zambello.it\/#website"},"datePublished":"2019-04-17T13:02:29+00:00","dateModified":"2022-06-27T21:41:43+00:00","breadcrumb":{"@id":"https:\/\/zambello.it\/stabilimenti\/#breadcrumb"},"inLanguage":"de","potentialAction":[{"@type":"ReadAction","target":["https:\/\/zambello.it\/stabilimenti\/"]}]},{"@type":"BreadcrumbList","@id":"https:\/\/zambello.it\/stabilimenti\/#breadcrumb","itemListElement":[{"@type":"ListItem","position":1,"name":"Home","item":"https:\/\/zambello.it\/"},{"@type":"ListItem","position":2,"name":"Stabilimenti"}]},{"@type":"WebSite","@id":"https:\/\/zambello.it\/#website","url":"https:\/\/zambello.it\/","name":"Zambello group","description":"Advanced technology for extruders","publisher":{"@id":"https:\/\/zambello.it\/#organization"},"potentialAction":[{"@type":"SearchAction","target":{"@type":"EntryPoint","urlTemplate":"https:\/\/zambello.it\/?s={search_term_string}"},"query-input":{"@type":"PropertyValueSpecification","valueRequired":true,"valueName":"search_term_string"}}],"inLanguage":"de"},{"@type":"Organization","@id":"https:\/\/zambello.it\/#organization","name":"Zambello Group","url":"https:\/\/zambello.it\/","logo":{"@type":"ImageObject","inLanguage":"de","@id":"https:\/\/zambello.it\/#\/schema\/logo\/image\/","url":"https:\/\/zambello.it\/wp-content\/uploads\/2018\/11\/LOGO28XI_350.png","contentUrl":"https:\/\/zambello.it\/wp-content\/uploads\/2018\/11\/LOGO28XI_350.png","width":350,"height":64,"caption":"Zambello Group"},"image":{"@id":"https:\/\/zambello.it\/#\/schema\/logo\/image\/"}}]}},"_links":{"self":[{"href":"https:\/\/zambello.it\/de\/wp-json\/wp\/v2\/pages\/36509","targetHints":{"allow":["GET"]}}],"collection":[{"href":"https:\/\/zambello.it\/de\/wp-json\/wp\/v2\/pages"}],"about":[{"href":"https:\/\/zambello.it\/de\/wp-json\/wp\/v2\/types\/page"}],"author":[{"embeddable":true,"href":"https:\/\/zambello.it\/de\/wp-json\/wp\/v2\/users\/1"}],"replies":[{"embeddable":true,"href":"https:\/\/zambello.it\/de\/wp-json\/wp\/v2\/comments?post=36509"}],"version-history":[{"count":23,"href":"https:\/\/zambello.it\/de\/wp-json\/wp\/v2\/pages\/36509\/revisions"}],"predecessor-version":[{"id":37618,"href":"https:\/\/zambello.it\/de\/wp-json\/wp\/v2\/pages\/36509\/revisions\/37618"}],"wp:attachment":[{"href":"https:\/\/zambello.it\/de\/wp-json\/wp\/v2\/media?parent=36509"}],"curies":[{"name":"wp","href":"https:\/\/api.w.org\/{rel}","templated":true}]}}