{"id":36195,"date":"2019-01-17T16:41:20","date_gmt":"2019-01-17T15:41:20","guid":{"rendered":"https:\/\/zambello.it\/?page_id=36195"},"modified":"2025-10-02T10:25:40","modified_gmt":"2025-10-02T08:25:40","slug":"riconoscimenti","status":"publish","type":"page","link":"https:\/\/zambello.it\/de\/aziende\/riconoscimenti\/","title":{"rendered":"Auszeichnungen"},"content":{"rendered":"<p>[vc_row][vc_column][vc_empty_space][vc_column_text]<\/p>\n<h2 style=\"text-align: right;\">Auszeichnungen<\/h2>\n<p>[\/vc_column_text][vc_empty_space][vc_empty_space][vc_row_inner][vc_column_inner width=&#8220;1\/3&#8243;][vc_widget_sidebar show_bg=&#8220;false&#8220; sidebar_id=&#8220;sidebar_6&#8243;][\/vc_column_inner][vc_column_inner width=&#8220;2\/3&#8243;][vc_column_text]<\/p>\n<p style=\"text-align: right;\">Die Zambello-Gruppe erh\u00e4lt st\u00e4ndig bedeutende Auszeichnungen von renommierten multinationalen Unternehmen der Branche, von wichtigen Kunden aus der ganzen Welt und von verschiedenen italienischen und internationalen Instituten.<\/p>\n<p>[\/vc_column_text][\/vc_column_inner][\/vc_row_inner][\/vc_column][\/vc_row][vc_row][vc_column][vc_column_text]<\/p>\n<h5 style=\"text-align: right;\">Zambello-Gruppe erh\u00e4lt von Reifenh\u00e4user<br \/>\ndie begehrte Auszeichnung<\/h5>\n<p>[\/vc_column_text][vc_empty_space][vc_column_text]<\/p>\n<p style=\"text-align: right;\">Als erstes italienisches Unternehmen hat die Zambello-Gruppe von Reifenh\u00e4user<br \/>\ndie begehrte Auszeichnung f\u00fcr den besten Lieferanten \u00fcberreicht bekommen.<br \/>\nAls weltweite Referenz in der Extrusionsbranche hat Reifenh\u00e4user die Zambello-Gruppe f\u00fcr ihre au\u00dfergew\u00f6hnlichen Leistungen ausgew\u00e4hlt. Reifenh\u00e4user bezieht von Zambello-Group Hochleistungsgetriebe f\u00fcr Ein- und Doppelschneckenextruder.<br \/>\nDie Bewertungskriterien f\u00fcr die Vergabe dieser Auszeichnung an Zambello-Group sind Qualit\u00e4t, Zuverl\u00e4ssigkeit der Produkte und P\u00fcnktlichkeit der Lieferungen. Zambello-Group ist sehr stolz \u00fcber diese Ehrung und die \u00e4u\u00dferst positive Resonanz.<\/p>\n<p>[\/vc_column_text][\/vc_column][\/vc_row][vc_row][vc_column][vc_empty_space][vc_empty_space][vc_media_grid gap=&#8220;4&#8243; grid_id=&#8220;vc_gid:1759393320193-accb3f01-92eb-1&#8243; include=&#8220;37918,37919,37921,37922&#8243;][vc_empty_space][vc_empty_space][\/vc_column][\/vc_row][vc_row][vc_column][vc_empty_space][vc_column_text]<\/p>\n<h5 style=\"text-align: right;\">SKF sagt \u00fcber uns&#8230;<\/h5>\n<p>[\/vc_column_text][\/vc_column][\/vc_row][vc_row][vc_column width=&#8220;1\/4&#8243;][\/vc_column][vc_column width=&#8220;1\/4&#8243;][\/vc_column][vc_column width=&#8220;1\/4&#8243;][vc_single_image image=&#8220;36204&#8243; img_size=&#8220;medium&#8220; alignment=&#8220;right&#8220; style=&#8220;vc_box_border&#8220; onclick=&#8220;link_image&#8220; css_animation=&#8220;zoomIn&#8220;][\/vc_column][vc_column width=&#8220;1\/4&#8243;][vc_single_image image=&#8220;36203&#8243; img_size=&#8220;medium&#8220; alignment=&#8220;right&#8220; style=&#8220;vc_box_border&#8220; onclick=&#8220;link_image&#8220; css_animation=&#8220;zoomIn&#8220;][\/vc_column][\/vc_row][vc_row][vc_column width=&#8220;1\/4&#8243;][vc_single_image image=&#8220;36928&#8243; img_size=&#8220;medium&#8220; alignment=&#8220;right&#8220; style=&#8220;vc_box_border&#8220; onclick=&#8220;link_image&#8220; css_animation=&#8220;zoomIn&#8220;][\/vc_column][vc_column width=&#8220;1\/4&#8243;][vc_single_image image=&#8220;36929&#8243; img_size=&#8220;medium&#8220; alignment=&#8220;right&#8220; style=&#8220;vc_box_border&#8220; onclick=&#8220;link_image&#8220; css_animation=&#8220;zoomIn&#8220;][\/vc_column][vc_column width=&#8220;1\/4&#8243;][vc_single_image image=&#8220;36930&#8243; img_size=&#8220;medium&#8220; alignment=&#8220;right&#8220; style=&#8220;vc_box_border&#8220; onclick=&#8220;link_image&#8220; css_animation=&#8220;zoomIn&#8220;][\/vc_column][vc_column width=&#8220;1\/4&#8243;][vc_single_image image=&#8220;36204&#8243; img_size=&#8220;medium&#8220; alignment=&#8220;right&#8220; style=&#8220;vc_box_border&#8220; onclick=&#8220;link_image&#8220; css_animation=&#8220;zoomIn&#8220;][\/vc_column][\/vc_row][vc_row][vc_column][vc_empty_space][vc_column_text]<\/p>\n<h5 style=\"text-align: right;\">Kunden sagen \u00fcber uns&#8230;<\/h5>\n<p>[\/vc_column_text][\/vc_column][\/vc_row][vc_row][vc_column width=&#8220;1\/4&#8243;][\/vc_column][vc_column width=&#8220;1\/4&#8243;][\/vc_column][vc_column width=&#8220;1\/4&#8243;][vc_single_image image=&#8220;36591&#8243; img_size=&#8220;medium&#8220; alignment=&#8220;right&#8220; style=&#8220;vc_box_border&#8220; onclick=&#8220;link_image&#8220; css_animation=&#8220;zoomIn&#8220;][\/vc_column][vc_column width=&#8220;1\/4&#8243;][vc_single_image image=&#8220;36588&#8243; img_size=&#8220;medium&#8220; alignment=&#8220;right&#8220; style=&#8220;vc_box_border&#8220; onclick=&#8220;link_image&#8220; css_animation=&#8220;zoomIn&#8220;][\/vc_column][\/vc_row][vc_row][vc_column][vc_empty_space][vc_column_text]<\/p>\n<h5 style=\"text-align: right;\">Zambello Group Zuverl\u00e4ssigkeitsindex<\/h5>\n<p>[\/vc_column_text][\/vc_column][\/vc_row][vc_row][vc_column width=&#8220;1\/4&#8243;][\/vc_column][vc_column width=&#8220;1\/4&#8243;][\/vc_column][vc_column width=&#8220;1\/4&#8243;][\/vc_column][vc_column width=&#8220;1\/4&#8243;][vc_single_image image=&#8220;36594&#8243; img_size=&#8220;medium&#8220; alignment=&#8220;right&#8220; onclick=&#8220;link_image&#8220; css_animation=&#8220;zoomIn&#8220;][\/vc_column][\/vc_row][vc_row][vc_column][vc_empty_space][vc_column_text]<\/p>\n<h5 style=\"text-align: right;\">Award Bestes Unternehmen der Branche<\/h5>\n<p>[\/vc_column_text][\/vc_column][\/vc_row][vc_row][vc_column width=&#8220;1\/2&#8243;][\/vc_column][vc_column width=&#8220;1\/2&#8243;][vc_single_image image=&#8220;36593&#8243; img_size=&#8220;medium&#8220; alignment=&#8220;right&#8220; style=&#8220;vc_box_border&#8220; onclick=&#8220;link_image&#8220; css_animation=&#8220;zoomIn&#8220;][\/vc_column][\/vc_row][vc_row][vc_column][vc_empty_space][\/vc_column][\/vc_row]<\/p>","protected":false},"excerpt":{"rendered":"<p>[vc_row][vc_column][vc_empty_space][vc_column_text] Auszeichnungen [\/vc_column_text][vc_empty_space][vc_empty_space][vc_row_inner][vc_column_inner width=&#8220;1\/3&#8243;][vc_widget_sidebar show_bg=&#8220;false&#8220; sidebar_id=&#8220;sidebar_6&#8243;][\/vc_column_inner][vc_column_inner width=&#8220;2\/3&#8243;][vc_column_text] Die Zambello-Gruppe erh\u00e4lt st\u00e4ndig bedeutende Auszeichnungen von renommierten multinationalen Unternehmen der Branche, von wichtigen Kunden aus der ganzen Welt und von verschiedenen italienischen und internationalen Instituten. [\/vc_column_text][\/vc_column_inner][\/vc_row_inner][\/vc_column][\/vc_row][vc_row][vc_column][vc_column_text] Zambello-Gruppe erh\u00e4lt von Reifenh\u00e4user die begehrte Auszeichnung [\/vc_column_text][vc_empty_space][vc_column_text] Als erstes italienisches Unternehmen hat die Zambello-Gruppe von Reifenh\u00e4user die begehrte Auszeichnung f\u00fcr&hellip;<\/p>\n","protected":false},"author":1,"featured_media":0,"parent":35993,"menu_order":0,"comment_status":"closed","ping_status":"closed","template":"","meta":[],"class_list":["post-36195","page","type-page","status-publish","hentry","description-off"],"yoast_head":"<!-- This site is optimized with the Yoast SEO plugin v27.2 - https:\/\/yoast.com\/product\/yoast-seo-wordpress\/ -->\n<title>Auszeichnungen - Zambello group<\/title>\n<meta name=\"robots\" content=\"index, follow, max-snippet:-1, max-image-preview:large, max-video-preview:-1\" \/>\n<link rel=\"canonical\" href=\"https:\/\/zambello.it\/aziende\/riconoscimenti\/\" \/>\n<meta property=\"og:locale\" content=\"de_DE\" \/>\n<meta property=\"og:type\" content=\"article\" \/>\n<meta property=\"og:title\" content=\"Auszeichnungen - Zambello group\" \/>\n<meta property=\"og:description\" content=\"[vc_row][vc_column][vc_empty_space][vc_column_text] Auszeichnungen [\/vc_column_text][vc_empty_space][vc_empty_space][vc_row_inner][vc_column_inner width=&#8220;1\/3&#8243;][vc_widget_sidebar show_bg=&#8220;false&#8220; sidebar_id=&#8220;sidebar_6&#8243;][\/vc_column_inner][vc_column_inner width=&#8220;2\/3&#8243;][vc_column_text] Die Zambello-Gruppe erh\u00e4lt st\u00e4ndig bedeutende Auszeichnungen von renommierten multinationalen Unternehmen der Branche, von wichtigen Kunden aus der ganzen Welt und von verschiedenen italienischen und internationalen Instituten. [\/vc_column_text][\/vc_column_inner][\/vc_row_inner][\/vc_column][\/vc_row][vc_row][vc_column][vc_column_text] Zambello-Gruppe erh\u00e4lt von Reifenh\u00e4user die begehrte Auszeichnung [\/vc_column_text][vc_empty_space][vc_column_text] Als erstes italienisches Unternehmen hat die Zambello-Gruppe von Reifenh\u00e4user die begehrte Auszeichnung f\u00fcr&hellip;\" \/>\n<meta property=\"og:url\" content=\"https:\/\/zambello.it\/aziende\/riconoscimenti\/\" \/>\n<meta property=\"og:site_name\" content=\"Zambello group\" \/>\n<meta property=\"article:modified_time\" content=\"2025-10-02T08:25:40+00:00\" \/>\n<meta name=\"twitter:card\" content=\"summary_large_image\" \/>\n<meta name=\"twitter:label1\" content=\"Gesch\u00e4tzte Lesezeit\" \/>\n\t<meta name=\"twitter:data1\" content=\"12\u00a0Minuten\" \/>\n<script type=\"application\/ld+json\" class=\"yoast-schema-graph\">{\"@context\":\"https:\/\/schema.org\",\"@graph\":[{\"@type\":\"WebPage\",\"@id\":\"https:\/\/zambello.it\/aziende\/riconoscimenti\/\",\"url\":\"https:\/\/zambello.it\/aziende\/riconoscimenti\/\",\"name\":\"Auszeichnungen - Zambello group\",\"isPartOf\":{\"@id\":\"https:\/\/zambello.it\/#website\"},\"datePublished\":\"2019-01-17T15:41:20+00:00\",\"dateModified\":\"2025-10-02T08:25:40+00:00\",\"breadcrumb\":{\"@id\":\"https:\/\/zambello.it\/aziende\/riconoscimenti\/#breadcrumb\"},\"inLanguage\":\"de\",\"potentialAction\":[{\"@type\":\"ReadAction\",\"target\":[\"https:\/\/zambello.it\/aziende\/riconoscimenti\/\"]}]},{\"@type\":\"BreadcrumbList\",\"@id\":\"https:\/\/zambello.it\/aziende\/riconoscimenti\/#breadcrumb\",\"itemListElement\":[{\"@type\":\"ListItem\",\"position\":1,\"name\":\"Home\",\"item\":\"https:\/\/zambello.it\/\"},{\"@type\":\"ListItem\",\"position\":2,\"name\":\"Aziende\",\"item\":\"https:\/\/zambello.it\/aziende\/\"},{\"@type\":\"ListItem\",\"position\":3,\"name\":\"Riconoscimenti\"}]},{\"@type\":\"WebSite\",\"@id\":\"https:\/\/zambello.it\/#website\",\"url\":\"https:\/\/zambello.it\/\",\"name\":\"Zambello group\",\"description\":\"Advanced technology for extruders\",\"publisher\":{\"@id\":\"https:\/\/zambello.it\/#organization\"},\"potentialAction\":[{\"@type\":\"SearchAction\",\"target\":{\"@type\":\"EntryPoint\",\"urlTemplate\":\"https:\/\/zambello.it\/?s={search_term_string}\"},\"query-input\":{\"@type\":\"PropertyValueSpecification\",\"valueRequired\":true,\"valueName\":\"search_term_string\"}}],\"inLanguage\":\"de\"},{\"@type\":\"Organization\",\"@id\":\"https:\/\/zambello.it\/#organization\",\"name\":\"Zambello Group\",\"url\":\"https:\/\/zambello.it\/\",\"logo\":{\"@type\":\"ImageObject\",\"inLanguage\":\"de\",\"@id\":\"https:\/\/zambello.it\/#\/schema\/logo\/image\/\",\"url\":\"https:\/\/zambello.it\/wp-content\/uploads\/2018\/11\/LOGO28XI_350.png\",\"contentUrl\":\"https:\/\/zambello.it\/wp-content\/uploads\/2018\/11\/LOGO28XI_350.png\",\"width\":350,\"height\":64,\"caption\":\"Zambello Group\"},\"image\":{\"@id\":\"https:\/\/zambello.it\/#\/schema\/logo\/image\/\"}}]}<\/script>\n<!-- \/ Yoast SEO plugin. -->","yoast_head_json":{"title":"Auszeichnungen - Zambello group","robots":{"index":"index","follow":"follow","max-snippet":"max-snippet:-1","max-image-preview":"max-image-preview:large","max-video-preview":"max-video-preview:-1"},"canonical":"https:\/\/zambello.it\/aziende\/riconoscimenti\/","og_locale":"de_DE","og_type":"article","og_title":"Auszeichnungen - Zambello group","og_description":"[vc_row][vc_column][vc_empty_space][vc_column_text] Auszeichnungen [\/vc_column_text][vc_empty_space][vc_empty_space][vc_row_inner][vc_column_inner width=&#8220;1\/3&#8243;][vc_widget_sidebar show_bg=&#8220;false&#8220; sidebar_id=&#8220;sidebar_6&#8243;][\/vc_column_inner][vc_column_inner width=&#8220;2\/3&#8243;][vc_column_text] Die Zambello-Gruppe erh\u00e4lt st\u00e4ndig bedeutende Auszeichnungen von renommierten multinationalen Unternehmen der Branche, von wichtigen Kunden aus der ganzen Welt und von verschiedenen italienischen und internationalen Instituten. [\/vc_column_text][\/vc_column_inner][\/vc_row_inner][\/vc_column][\/vc_row][vc_row][vc_column][vc_column_text] Zambello-Gruppe erh\u00e4lt von Reifenh\u00e4user die begehrte Auszeichnung [\/vc_column_text][vc_empty_space][vc_column_text] Als erstes italienisches Unternehmen hat die Zambello-Gruppe von Reifenh\u00e4user die begehrte Auszeichnung f\u00fcr&hellip;","og_url":"https:\/\/zambello.it\/aziende\/riconoscimenti\/","og_site_name":"Zambello group","article_modified_time":"2025-10-02T08:25:40+00:00","twitter_card":"summary_large_image","twitter_misc":{"Gesch\u00e4tzte Lesezeit":"12\u00a0Minuten"},"schema":{"@context":"https:\/\/schema.org","@graph":[{"@type":"WebPage","@id":"https:\/\/zambello.it\/aziende\/riconoscimenti\/","url":"https:\/\/zambello.it\/aziende\/riconoscimenti\/","name":"Auszeichnungen - Zambello group","isPartOf":{"@id":"https:\/\/zambello.it\/#website"},"datePublished":"2019-01-17T15:41:20+00:00","dateModified":"2025-10-02T08:25:40+00:00","breadcrumb":{"@id":"https:\/\/zambello.it\/aziende\/riconoscimenti\/#breadcrumb"},"inLanguage":"de","potentialAction":[{"@type":"ReadAction","target":["https:\/\/zambello.it\/aziende\/riconoscimenti\/"]}]},{"@type":"BreadcrumbList","@id":"https:\/\/zambello.it\/aziende\/riconoscimenti\/#breadcrumb","itemListElement":[{"@type":"ListItem","position":1,"name":"Home","item":"https:\/\/zambello.it\/"},{"@type":"ListItem","position":2,"name":"Aziende","item":"https:\/\/zambello.it\/aziende\/"},{"@type":"ListItem","position":3,"name":"Riconoscimenti"}]},{"@type":"WebSite","@id":"https:\/\/zambello.it\/#website","url":"https:\/\/zambello.it\/","name":"Zambello group","description":"Advanced technology for extruders","publisher":{"@id":"https:\/\/zambello.it\/#organization"},"potentialAction":[{"@type":"SearchAction","target":{"@type":"EntryPoint","urlTemplate":"https:\/\/zambello.it\/?s={search_term_string}"},"query-input":{"@type":"PropertyValueSpecification","valueRequired":true,"valueName":"search_term_string"}}],"inLanguage":"de"},{"@type":"Organization","@id":"https:\/\/zambello.it\/#organization","name":"Zambello Group","url":"https:\/\/zambello.it\/","logo":{"@type":"ImageObject","inLanguage":"de","@id":"https:\/\/zambello.it\/#\/schema\/logo\/image\/","url":"https:\/\/zambello.it\/wp-content\/uploads\/2018\/11\/LOGO28XI_350.png","contentUrl":"https:\/\/zambello.it\/wp-content\/uploads\/2018\/11\/LOGO28XI_350.png","width":350,"height":64,"caption":"Zambello Group"},"image":{"@id":"https:\/\/zambello.it\/#\/schema\/logo\/image\/"}}]}},"_links":{"self":[{"href":"https:\/\/zambello.it\/de\/wp-json\/wp\/v2\/pages\/36195","targetHints":{"allow":["GET"]}}],"collection":[{"href":"https:\/\/zambello.it\/de\/wp-json\/wp\/v2\/pages"}],"about":[{"href":"https:\/\/zambello.it\/de\/wp-json\/wp\/v2\/types\/page"}],"author":[{"embeddable":true,"href":"https:\/\/zambello.it\/de\/wp-json\/wp\/v2\/users\/1"}],"replies":[{"embeddable":true,"href":"https:\/\/zambello.it\/de\/wp-json\/wp\/v2\/comments?post=36195"}],"version-history":[{"count":53,"href":"https:\/\/zambello.it\/de\/wp-json\/wp\/v2\/pages\/36195\/revisions"}],"predecessor-version":[{"id":38050,"href":"https:\/\/zambello.it\/de\/wp-json\/wp\/v2\/pages\/36195\/revisions\/38050"}],"up":[{"embeddable":true,"href":"https:\/\/zambello.it\/de\/wp-json\/wp\/v2\/pages\/35993"}],"wp:attachment":[{"href":"https:\/\/zambello.it\/de\/wp-json\/wp\/v2\/media?parent=36195"}],"curies":[{"name":"wp","href":"https:\/\/api.w.org\/{rel}","templated":true}]}}