{"id":36155,"date":"2019-01-15T16:20:45","date_gmt":"2019-01-15T15:20:45","guid":{"rendered":"https:\/\/zambello.it\/?page_id=36155"},"modified":"2023-10-04T11:00:31","modified_gmt":"2023-10-04T09:00:31","slug":"riduttori-per-macchine-a-iniezione","status":"publish","type":"page","link":"https:\/\/zambello.it\/de\/prodotti\/riduttori-per-macchine-a-iniezione\/","title":{"rendered":"Getriebe f\u00fcr Spritzgie\u00dfmaschinen"},"content":{"rendered":"<p><\/p>\n<p>[vc_row][vc_column width=&#8220;1\/3&#8243;][vc_empty_space][vc_empty_space][vc_widget_sidebar show_bg=&#8220;false&#8220; sidebar_id=&#8220;sidebar_3&#8243;][\/vc_column][vc_column width=&#8220;2\/3&#8243;][vc_empty_space][vc_column_text]<\/p>\n<h2 style=\"text-align: right;\">Getriebe f\u00fcr Spritzgie\u00dfmaschinen<\/h2>\n<p>[\/vc_column_text][vc_empty_space][vc_column_text]<\/p>\n<p style=\"text-align: right;\">Mit der neuen<b> Baureihe MNP3<br \/>\n<\/b>best\u00e4tigt Zambello seine Flexibilit\u00e4t in der Produktion und liefert diese Getriebe sowohl in Standard- als auch in Sonderausf\u00fchrungen, die auf die spezifischen Bed\u00fcrfnisse des Kunden zugeschnitten sind.<\/p>\n<p style=\"text-align: right;\">Die<br \/>\nMNP3-Getriebe sind speziell f\u00fcr den Antrieb der Schnecken in Spritzgie\u00dfmaschinen vorgesehen. Sie eignen sich f\u00fcr die \u00dcbertragung gro\u00dfer Drehmomente mit gleichzeitig sehr hohen Eintriebsdrehzahlen<br \/>\nbei geringen Ger\u00e4uschmissionen und Gesamtwirkungsgraden von \u00fcber 95%.<br \/>\nDer gro\u00dfe Achsabstand zwischen Eingang (Elektromotor) und Ausgang (Schnecken- und Zylinderanbau),<br \/>\nwird durch 3 Zahnradpaare realisiert und vermeidet so Platzprobleme beim Einbau.<\/p>\n<p style=\"text-align: right;\">Die herausragende Fertigungsgenauigkeit beim Schleifen und der Kontrolle der Zahnr\u00e4der (in der <b>Qualit\u00e4t AGMA 2015 &#8211; DIN 4<\/b>)<br \/>\nerm\u00f6glicht den Anbau von kleinbauenden, kompakten<br \/>\n<b>Hochleistungsmotoren mit hohen Drehzahlen<br \/>\n(\u00fcber 3.000 Umdrehungen pro Minute)<\/b>.<br \/>\nAus diesem Grund ist die von Zambello f\u00fcr Spritzgie\u00dfmaschinen produzierte Getriebe-Motor-Einheit<br \/>\nsehr kompakt und zeichnet sich durch eine gro\u00dfe Leistungsdichte aus.<\/p>\n<p>[\/vc_column_text][vc_single_image image=&#8220;37038&#8243; img_size=&#8220;full&#8220; alignment=&#8220;right&#8220; onclick=&#8220;custom_link&#8220; link=&#8220;https:\/\/zambello.it\/form\/&#8220;][\/vc_column][\/vc_row][vc_row][vc_column][vc_empty_space][vc_empty_space][vc_media_grid element_width=&#8220;3&#8243; gap=&#8220;4&#8243; grid_id=&#8220;vc_gid:1696409982567-18a04d2e-02fc-2&#8243; include=&#8220;37278,37277,37421,37754&#8243;][vc_empty_space][vc_empty_space][\/vc_column][\/vc_row]<\/p>\n<p><\/p>","protected":false},"excerpt":{"rendered":"<p>[vc_row][vc_column width=&#8220;1\/3&#8243;][vc_empty_space][vc_empty_space][vc_widget_sidebar show_bg=&#8220;false&#8220; sidebar_id=&#8220;sidebar_3&#8243;][\/vc_column][vc_column width=&#8220;2\/3&#8243;][vc_empty_space][vc_column_text] Getriebe f\u00fcr Spritzgie\u00dfmaschinen [\/vc_column_text][vc_empty_space][vc_column_text] Mit der neuen Baureihe MNP3 best\u00e4tigt Zambello seine Flexibilit\u00e4t in der Produktion und liefert diese Getriebe sowohl in Standard- als auch in Sonderausf\u00fchrungen, die auf die spezifischen Bed\u00fcrfnisse des Kunden zugeschnitten sind. Die MNP3-Getriebe sind speziell f\u00fcr den Antrieb der Schnecken in Spritzgie\u00dfmaschinen vorgesehen. Sie eignen&hellip;<\/p>\n","protected":false},"author":1,"featured_media":0,"parent":1169,"menu_order":0,"comment_status":"closed","ping_status":"closed","template":"","meta":[],"class_list":["post-36155","page","type-page","status-publish","hentry","description-off"],"yoast_head":"<!-- This site is optimized with the Yoast SEO plugin v27.2 - https:\/\/yoast.com\/product\/yoast-seo-wordpress\/ -->\n<title>Getriebe f\u00fcr Spritzgie\u00dfmaschinen - Zambello group<\/title>\n<meta name=\"robots\" content=\"index, follow, max-snippet:-1, max-image-preview:large, max-video-preview:-1\" \/>\n<link rel=\"canonical\" href=\"https:\/\/zambello.it\/prodotti\/riduttori-per-macchine-a-iniezione\/\" \/>\n<meta property=\"og:locale\" content=\"de_DE\" \/>\n<meta property=\"og:type\" content=\"article\" \/>\n<meta property=\"og:title\" content=\"Getriebe f\u00fcr Spritzgie\u00dfmaschinen - Zambello group\" \/>\n<meta property=\"og:description\" content=\"[vc_row][vc_column width=&#8220;1\/3&#8243;][vc_empty_space][vc_empty_space][vc_widget_sidebar show_bg=&#8220;false&#8220; sidebar_id=&#8220;sidebar_3&#8243;][\/vc_column][vc_column width=&#8220;2\/3&#8243;][vc_empty_space][vc_column_text] Getriebe f\u00fcr Spritzgie\u00dfmaschinen [\/vc_column_text][vc_empty_space][vc_column_text] Mit der neuen Baureihe MNP3 best\u00e4tigt Zambello seine Flexibilit\u00e4t in der Produktion und liefert diese Getriebe sowohl in Standard- als auch in Sonderausf\u00fchrungen, die auf die spezifischen Bed\u00fcrfnisse des Kunden zugeschnitten sind. Die MNP3-Getriebe sind speziell f\u00fcr den Antrieb der Schnecken in Spritzgie\u00dfmaschinen vorgesehen. Sie eignen&hellip;\" \/>\n<meta property=\"og:url\" content=\"https:\/\/zambello.it\/prodotti\/riduttori-per-macchine-a-iniezione\/\" \/>\n<meta property=\"og:site_name\" content=\"Zambello group\" \/>\n<meta property=\"article:modified_time\" content=\"2023-10-04T09:00:31+00:00\" \/>\n<meta name=\"twitter:card\" content=\"summary_large_image\" \/>\n<meta name=\"twitter:label1\" content=\"Gesch\u00e4tzte Lesezeit\" \/>\n\t<meta name=\"twitter:data1\" content=\"3\u00a0Minuten\" \/>\n<script type=\"application\/ld+json\" class=\"yoast-schema-graph\">{\"@context\":\"https:\/\/schema.org\",\"@graph\":[{\"@type\":\"WebPage\",\"@id\":\"https:\/\/zambello.it\/prodotti\/riduttori-per-macchine-a-iniezione\/\",\"url\":\"https:\/\/zambello.it\/prodotti\/riduttori-per-macchine-a-iniezione\/\",\"name\":\"Getriebe f\u00fcr Spritzgie\u00dfmaschinen - Zambello group\",\"isPartOf\":{\"@id\":\"https:\/\/zambello.it\/#website\"},\"datePublished\":\"2019-01-15T15:20:45+00:00\",\"dateModified\":\"2023-10-04T09:00:31+00:00\",\"breadcrumb\":{\"@id\":\"https:\/\/zambello.it\/prodotti\/riduttori-per-macchine-a-iniezione\/#breadcrumb\"},\"inLanguage\":\"de\",\"potentialAction\":[{\"@type\":\"ReadAction\",\"target\":[\"https:\/\/zambello.it\/prodotti\/riduttori-per-macchine-a-iniezione\/\"]}]},{\"@type\":\"BreadcrumbList\",\"@id\":\"https:\/\/zambello.it\/prodotti\/riduttori-per-macchine-a-iniezione\/#breadcrumb\",\"itemListElement\":[{\"@type\":\"ListItem\",\"position\":1,\"name\":\"Home\",\"item\":\"https:\/\/zambello.it\/\"},{\"@type\":\"ListItem\",\"position\":2,\"name\":\"Prodotti\",\"item\":\"https:\/\/zambello.it\/prodotti\/\"},{\"@type\":\"ListItem\",\"position\":3,\"name\":\"Riduttori per macchine a iniezione\"}]},{\"@type\":\"WebSite\",\"@id\":\"https:\/\/zambello.it\/#website\",\"url\":\"https:\/\/zambello.it\/\",\"name\":\"Zambello group\",\"description\":\"Advanced technology for extruders\",\"publisher\":{\"@id\":\"https:\/\/zambello.it\/#organization\"},\"potentialAction\":[{\"@type\":\"SearchAction\",\"target\":{\"@type\":\"EntryPoint\",\"urlTemplate\":\"https:\/\/zambello.it\/?s={search_term_string}\"},\"query-input\":{\"@type\":\"PropertyValueSpecification\",\"valueRequired\":true,\"valueName\":\"search_term_string\"}}],\"inLanguage\":\"de\"},{\"@type\":\"Organization\",\"@id\":\"https:\/\/zambello.it\/#organization\",\"name\":\"Zambello Group\",\"url\":\"https:\/\/zambello.it\/\",\"logo\":{\"@type\":\"ImageObject\",\"inLanguage\":\"de\",\"@id\":\"https:\/\/zambello.it\/#\/schema\/logo\/image\/\",\"url\":\"https:\/\/zambello.it\/wp-content\/uploads\/2018\/11\/LOGO28XI_350.png\",\"contentUrl\":\"https:\/\/zambello.it\/wp-content\/uploads\/2018\/11\/LOGO28XI_350.png\",\"width\":350,\"height\":64,\"caption\":\"Zambello Group\"},\"image\":{\"@id\":\"https:\/\/zambello.it\/#\/schema\/logo\/image\/\"}}]}<\/script>\n<!-- \/ Yoast SEO plugin. -->","yoast_head_json":{"title":"Getriebe f\u00fcr Spritzgie\u00dfmaschinen - Zambello group","robots":{"index":"index","follow":"follow","max-snippet":"max-snippet:-1","max-image-preview":"max-image-preview:large","max-video-preview":"max-video-preview:-1"},"canonical":"https:\/\/zambello.it\/prodotti\/riduttori-per-macchine-a-iniezione\/","og_locale":"de_DE","og_type":"article","og_title":"Getriebe f\u00fcr Spritzgie\u00dfmaschinen - Zambello group","og_description":"[vc_row][vc_column width=&#8220;1\/3&#8243;][vc_empty_space][vc_empty_space][vc_widget_sidebar show_bg=&#8220;false&#8220; sidebar_id=&#8220;sidebar_3&#8243;][\/vc_column][vc_column width=&#8220;2\/3&#8243;][vc_empty_space][vc_column_text] Getriebe f\u00fcr Spritzgie\u00dfmaschinen [\/vc_column_text][vc_empty_space][vc_column_text] Mit der neuen Baureihe MNP3 best\u00e4tigt Zambello seine Flexibilit\u00e4t in der Produktion und liefert diese Getriebe sowohl in Standard- als auch in Sonderausf\u00fchrungen, die auf die spezifischen Bed\u00fcrfnisse des Kunden zugeschnitten sind. Die MNP3-Getriebe sind speziell f\u00fcr den Antrieb der Schnecken in Spritzgie\u00dfmaschinen vorgesehen. Sie eignen&hellip;","og_url":"https:\/\/zambello.it\/prodotti\/riduttori-per-macchine-a-iniezione\/","og_site_name":"Zambello group","article_modified_time":"2023-10-04T09:00:31+00:00","twitter_card":"summary_large_image","twitter_misc":{"Gesch\u00e4tzte Lesezeit":"3\u00a0Minuten"},"schema":{"@context":"https:\/\/schema.org","@graph":[{"@type":"WebPage","@id":"https:\/\/zambello.it\/prodotti\/riduttori-per-macchine-a-iniezione\/","url":"https:\/\/zambello.it\/prodotti\/riduttori-per-macchine-a-iniezione\/","name":"Getriebe f\u00fcr Spritzgie\u00dfmaschinen - Zambello group","isPartOf":{"@id":"https:\/\/zambello.it\/#website"},"datePublished":"2019-01-15T15:20:45+00:00","dateModified":"2023-10-04T09:00:31+00:00","breadcrumb":{"@id":"https:\/\/zambello.it\/prodotti\/riduttori-per-macchine-a-iniezione\/#breadcrumb"},"inLanguage":"de","potentialAction":[{"@type":"ReadAction","target":["https:\/\/zambello.it\/prodotti\/riduttori-per-macchine-a-iniezione\/"]}]},{"@type":"BreadcrumbList","@id":"https:\/\/zambello.it\/prodotti\/riduttori-per-macchine-a-iniezione\/#breadcrumb","itemListElement":[{"@type":"ListItem","position":1,"name":"Home","item":"https:\/\/zambello.it\/"},{"@type":"ListItem","position":2,"name":"Prodotti","item":"https:\/\/zambello.it\/prodotti\/"},{"@type":"ListItem","position":3,"name":"Riduttori per macchine a iniezione"}]},{"@type":"WebSite","@id":"https:\/\/zambello.it\/#website","url":"https:\/\/zambello.it\/","name":"Zambello group","description":"Advanced technology for extruders","publisher":{"@id":"https:\/\/zambello.it\/#organization"},"potentialAction":[{"@type":"SearchAction","target":{"@type":"EntryPoint","urlTemplate":"https:\/\/zambello.it\/?s={search_term_string}"},"query-input":{"@type":"PropertyValueSpecification","valueRequired":true,"valueName":"search_term_string"}}],"inLanguage":"de"},{"@type":"Organization","@id":"https:\/\/zambello.it\/#organization","name":"Zambello Group","url":"https:\/\/zambello.it\/","logo":{"@type":"ImageObject","inLanguage":"de","@id":"https:\/\/zambello.it\/#\/schema\/logo\/image\/","url":"https:\/\/zambello.it\/wp-content\/uploads\/2018\/11\/LOGO28XI_350.png","contentUrl":"https:\/\/zambello.it\/wp-content\/uploads\/2018\/11\/LOGO28XI_350.png","width":350,"height":64,"caption":"Zambello Group"},"image":{"@id":"https:\/\/zambello.it\/#\/schema\/logo\/image\/"}}]}},"_links":{"self":[{"href":"https:\/\/zambello.it\/de\/wp-json\/wp\/v2\/pages\/36155","targetHints":{"allow":["GET"]}}],"collection":[{"href":"https:\/\/zambello.it\/de\/wp-json\/wp\/v2\/pages"}],"about":[{"href":"https:\/\/zambello.it\/de\/wp-json\/wp\/v2\/types\/page"}],"author":[{"embeddable":true,"href":"https:\/\/zambello.it\/de\/wp-json\/wp\/v2\/users\/1"}],"replies":[{"embeddable":true,"href":"https:\/\/zambello.it\/de\/wp-json\/wp\/v2\/comments?post=36155"}],"version-history":[{"count":31,"href":"https:\/\/zambello.it\/de\/wp-json\/wp\/v2\/pages\/36155\/revisions"}],"predecessor-version":[{"id":37756,"href":"https:\/\/zambello.it\/de\/wp-json\/wp\/v2\/pages\/36155\/revisions\/37756"}],"up":[{"embeddable":true,"href":"https:\/\/zambello.it\/de\/wp-json\/wp\/v2\/pages\/1169"}],"wp:attachment":[{"href":"https:\/\/zambello.it\/de\/wp-json\/wp\/v2\/media?parent=36155"}],"curies":[{"name":"wp","href":"https:\/\/api.w.org\/{rel}","templated":true}]}}