{"id":36152,"date":"2019-01-15T16:17:01","date_gmt":"2019-01-15T15:17:01","guid":{"rendered":"https:\/\/zambello.it\/?page_id=36152"},"modified":"2026-01-22T17:26:18","modified_gmt":"2026-01-22T16:26:18","slug":"riduttori-per-estrusori-bivite-controrotanti-conici","status":"publish","type":"page","link":"https:\/\/zambello.it\/de\/prodotti\/riduttori-per-estrusori-bivite-controrotanti-conici\/","title":{"rendered":"Getriebe f\u00fcr konische gegenl\u00e4ufige Extruder"},"content":{"rendered":"<p>[vc_row][vc_column width=&#8220;1\/3&#8243;][vc_empty_space][vc_empty_space][vc_widget_sidebar show_bg=&#8220;false&#8220; sidebar_id=&#8220;sidebar_3&#8243;][\/vc_column][vc_column width=&#8220;2\/3&#8243;][vc_empty_space][vc_column_text]<\/p>\n<h2 style=\"text-align: right;\">Getriebe f\u00fcr konische<br \/>\ngegenl\u00e4ufige Extruder<\/h2>\n<p>[\/vc_column_text][vc_empty_space][vc_column_text]<\/p>\n<p style=\"text-align: right;\">Um das Angebot im Bereich der Getriebe f\u00fcr gegenl\u00e4ufige Extruder zu erg\u00e4nzen,<br \/>\nverf\u00fcgt Zambello \u00fcber die Baureihe <b>ZC3<\/b> zum Antrieb konischer Doppelschnecken-Extruder.<\/p>\n<p style=\"text-align: right;\">Diese neue Baureihe ist immer sowohl in stehender als auch in liegender Bauform erh\u00e4ltlich, wie im Katalog B1-14 dargestellt.<\/p>\n<p style=\"text-align: right;\">Das Hauptmerkmal dieser Getriebebaureihe ist, dass auch die <b>konischen Zahnr\u00e4der nach<br \/>\nAGMA-Klasse 2015 \u2013 DIN 4 geschliffen sind<\/b>. Wie die gesamte Produktion von Zambello zeichnen sich auch die konischen Doppelschnecken-Extrudergetriebe der ZC3-Serie<br \/>\ndurch h\u00f6chste \u00fcbertragbare Drehmomente aus.<\/p>\n<p>[\/vc_column_text][vc_single_image image=&#8220;37038&#8243; img_size=&#8220;full&#8220; alignment=&#8220;right&#8220; onclick=&#8220;custom_link&#8220; css_animation=&#8220;zoomIn&#8220; link=&#8220;https:\/\/zambello.it\/form\/&#8220;][\/vc_column][\/vc_row][vc_row][vc_column][vc_empty_space][vc_empty_space][vc_media_grid element_width=&#8220;3&#8243; gap=&#8220;4&#8243; grid_id=&#8220;vc_gid:1696409506304-46c8692d-5f2d-4&#8243; include=&#8220;38175,37743,38178,37744,36387,36385,36388,36542&#8243;][vc_empty_space][vc_empty_space][\/vc_column][\/vc_row]<\/p>","protected":false},"excerpt":{"rendered":"<p>[vc_row][vc_column width=&#8220;1\/3&#8243;][vc_empty_space][vc_empty_space][vc_widget_sidebar show_bg=&#8220;false&#8220; sidebar_id=&#8220;sidebar_3&#8243;][\/vc_column][vc_column width=&#8220;2\/3&#8243;][vc_empty_space][vc_column_text] Getriebe f\u00fcr konische gegenl\u00e4ufige Extruder [\/vc_column_text][vc_empty_space][vc_column_text] Um das Angebot im Bereich der Getriebe f\u00fcr gegenl\u00e4ufige Extruder zu erg\u00e4nzen, verf\u00fcgt Zambello \u00fcber die Baureihe ZC3 zum Antrieb konischer Doppelschnecken-Extruder. Diese neue Baureihe ist immer sowohl in stehender als auch in liegender Bauform erh\u00e4ltlich, wie im Katalog B1-14 dargestellt. Das Hauptmerkmal dieser&hellip;<\/p>\n","protected":false},"author":1,"featured_media":0,"parent":1169,"menu_order":0,"comment_status":"closed","ping_status":"closed","template":"","meta":[],"class_list":["post-36152","page","type-page","status-publish","hentry","description-off"],"yoast_head":"<!-- This site is optimized with the Yoast SEO plugin v27.2 - https:\/\/yoast.com\/product\/yoast-seo-wordpress\/ -->\n<title>Getriebe f\u00fcr konische gegenl\u00e4ufige Extruder - Zambello group<\/title>\n<meta name=\"robots\" content=\"index, follow, max-snippet:-1, max-image-preview:large, max-video-preview:-1\" \/>\n<link rel=\"canonical\" href=\"https:\/\/zambello.it\/prodotti\/riduttori-per-estrusori-bivite-controrotanti-conici\/\" \/>\n<meta property=\"og:locale\" content=\"de_DE\" \/>\n<meta property=\"og:type\" content=\"article\" \/>\n<meta property=\"og:title\" content=\"Getriebe f\u00fcr konische gegenl\u00e4ufige Extruder - Zambello group\" \/>\n<meta property=\"og:description\" content=\"[vc_row][vc_column width=&#8220;1\/3&#8243;][vc_empty_space][vc_empty_space][vc_widget_sidebar show_bg=&#8220;false&#8220; sidebar_id=&#8220;sidebar_3&#8243;][\/vc_column][vc_column width=&#8220;2\/3&#8243;][vc_empty_space][vc_column_text] Getriebe f\u00fcr konische gegenl\u00e4ufige Extruder [\/vc_column_text][vc_empty_space][vc_column_text] Um das Angebot im Bereich der Getriebe f\u00fcr gegenl\u00e4ufige Extruder zu erg\u00e4nzen, verf\u00fcgt Zambello \u00fcber die Baureihe ZC3 zum Antrieb konischer Doppelschnecken-Extruder. Diese neue Baureihe ist immer sowohl in stehender als auch in liegender Bauform erh\u00e4ltlich, wie im Katalog B1-14 dargestellt. Das Hauptmerkmal dieser&hellip;\" \/>\n<meta property=\"og:url\" content=\"https:\/\/zambello.it\/prodotti\/riduttori-per-estrusori-bivite-controrotanti-conici\/\" \/>\n<meta property=\"og:site_name\" content=\"Zambello group\" \/>\n<meta property=\"article:modified_time\" content=\"2026-01-22T16:26:18+00:00\" \/>\n<meta name=\"twitter:card\" content=\"summary_large_image\" \/>\n<meta name=\"twitter:label1\" content=\"Gesch\u00e4tzte Lesezeit\" \/>\n\t<meta name=\"twitter:data1\" content=\"6\u00a0Minuten\" \/>\n<script type=\"application\/ld+json\" class=\"yoast-schema-graph\">{\"@context\":\"https:\/\/schema.org\",\"@graph\":[{\"@type\":\"WebPage\",\"@id\":\"https:\/\/zambello.it\/prodotti\/riduttori-per-estrusori-bivite-controrotanti-conici\/\",\"url\":\"https:\/\/zambello.it\/prodotti\/riduttori-per-estrusori-bivite-controrotanti-conici\/\",\"name\":\"Getriebe f\u00fcr konische gegenl\u00e4ufige Extruder - Zambello group\",\"isPartOf\":{\"@id\":\"https:\/\/zambello.it\/#website\"},\"datePublished\":\"2019-01-15T15:17:01+00:00\",\"dateModified\":\"2026-01-22T16:26:18+00:00\",\"breadcrumb\":{\"@id\":\"https:\/\/zambello.it\/prodotti\/riduttori-per-estrusori-bivite-controrotanti-conici\/#breadcrumb\"},\"inLanguage\":\"de\",\"potentialAction\":[{\"@type\":\"ReadAction\",\"target\":[\"https:\/\/zambello.it\/prodotti\/riduttori-per-estrusori-bivite-controrotanti-conici\/\"]}]},{\"@type\":\"BreadcrumbList\",\"@id\":\"https:\/\/zambello.it\/prodotti\/riduttori-per-estrusori-bivite-controrotanti-conici\/#breadcrumb\",\"itemListElement\":[{\"@type\":\"ListItem\",\"position\":1,\"name\":\"Home\",\"item\":\"https:\/\/zambello.it\/\"},{\"@type\":\"ListItem\",\"position\":2,\"name\":\"Prodotti\",\"item\":\"https:\/\/zambello.it\/prodotti\/\"},{\"@type\":\"ListItem\",\"position\":3,\"name\":\"Riduttori per estrusori bivite controrotanti conici\"}]},{\"@type\":\"WebSite\",\"@id\":\"https:\/\/zambello.it\/#website\",\"url\":\"https:\/\/zambello.it\/\",\"name\":\"Zambello group\",\"description\":\"Advanced technology for extruders\",\"publisher\":{\"@id\":\"https:\/\/zambello.it\/#organization\"},\"potentialAction\":[{\"@type\":\"SearchAction\",\"target\":{\"@type\":\"EntryPoint\",\"urlTemplate\":\"https:\/\/zambello.it\/?s={search_term_string}\"},\"query-input\":{\"@type\":\"PropertyValueSpecification\",\"valueRequired\":true,\"valueName\":\"search_term_string\"}}],\"inLanguage\":\"de\"},{\"@type\":\"Organization\",\"@id\":\"https:\/\/zambello.it\/#organization\",\"name\":\"Zambello Group\",\"url\":\"https:\/\/zambello.it\/\",\"logo\":{\"@type\":\"ImageObject\",\"inLanguage\":\"de\",\"@id\":\"https:\/\/zambello.it\/#\/schema\/logo\/image\/\",\"url\":\"https:\/\/zambello.it\/wp-content\/uploads\/2018\/11\/LOGO28XI_350.png\",\"contentUrl\":\"https:\/\/zambello.it\/wp-content\/uploads\/2018\/11\/LOGO28XI_350.png\",\"width\":350,\"height\":64,\"caption\":\"Zambello Group\"},\"image\":{\"@id\":\"https:\/\/zambello.it\/#\/schema\/logo\/image\/\"}}]}<\/script>\n<!-- \/ Yoast SEO plugin. -->","yoast_head_json":{"title":"Getriebe f\u00fcr konische gegenl\u00e4ufige Extruder - Zambello group","robots":{"index":"index","follow":"follow","max-snippet":"max-snippet:-1","max-image-preview":"max-image-preview:large","max-video-preview":"max-video-preview:-1"},"canonical":"https:\/\/zambello.it\/prodotti\/riduttori-per-estrusori-bivite-controrotanti-conici\/","og_locale":"de_DE","og_type":"article","og_title":"Getriebe f\u00fcr konische gegenl\u00e4ufige Extruder - Zambello group","og_description":"[vc_row][vc_column width=&#8220;1\/3&#8243;][vc_empty_space][vc_empty_space][vc_widget_sidebar show_bg=&#8220;false&#8220; sidebar_id=&#8220;sidebar_3&#8243;][\/vc_column][vc_column width=&#8220;2\/3&#8243;][vc_empty_space][vc_column_text] Getriebe f\u00fcr konische gegenl\u00e4ufige Extruder [\/vc_column_text][vc_empty_space][vc_column_text] Um das Angebot im Bereich der Getriebe f\u00fcr gegenl\u00e4ufige Extruder zu erg\u00e4nzen, verf\u00fcgt Zambello \u00fcber die Baureihe ZC3 zum Antrieb konischer Doppelschnecken-Extruder. Diese neue Baureihe ist immer sowohl in stehender als auch in liegender Bauform erh\u00e4ltlich, wie im Katalog B1-14 dargestellt. Das Hauptmerkmal dieser&hellip;","og_url":"https:\/\/zambello.it\/prodotti\/riduttori-per-estrusori-bivite-controrotanti-conici\/","og_site_name":"Zambello group","article_modified_time":"2026-01-22T16:26:18+00:00","twitter_card":"summary_large_image","twitter_misc":{"Gesch\u00e4tzte Lesezeit":"6\u00a0Minuten"},"schema":{"@context":"https:\/\/schema.org","@graph":[{"@type":"WebPage","@id":"https:\/\/zambello.it\/prodotti\/riduttori-per-estrusori-bivite-controrotanti-conici\/","url":"https:\/\/zambello.it\/prodotti\/riduttori-per-estrusori-bivite-controrotanti-conici\/","name":"Getriebe f\u00fcr konische gegenl\u00e4ufige Extruder - Zambello group","isPartOf":{"@id":"https:\/\/zambello.it\/#website"},"datePublished":"2019-01-15T15:17:01+00:00","dateModified":"2026-01-22T16:26:18+00:00","breadcrumb":{"@id":"https:\/\/zambello.it\/prodotti\/riduttori-per-estrusori-bivite-controrotanti-conici\/#breadcrumb"},"inLanguage":"de","potentialAction":[{"@type":"ReadAction","target":["https:\/\/zambello.it\/prodotti\/riduttori-per-estrusori-bivite-controrotanti-conici\/"]}]},{"@type":"BreadcrumbList","@id":"https:\/\/zambello.it\/prodotti\/riduttori-per-estrusori-bivite-controrotanti-conici\/#breadcrumb","itemListElement":[{"@type":"ListItem","position":1,"name":"Home","item":"https:\/\/zambello.it\/"},{"@type":"ListItem","position":2,"name":"Prodotti","item":"https:\/\/zambello.it\/prodotti\/"},{"@type":"ListItem","position":3,"name":"Riduttori per estrusori bivite controrotanti conici"}]},{"@type":"WebSite","@id":"https:\/\/zambello.it\/#website","url":"https:\/\/zambello.it\/","name":"Zambello group","description":"Advanced technology for extruders","publisher":{"@id":"https:\/\/zambello.it\/#organization"},"potentialAction":[{"@type":"SearchAction","target":{"@type":"EntryPoint","urlTemplate":"https:\/\/zambello.it\/?s={search_term_string}"},"query-input":{"@type":"PropertyValueSpecification","valueRequired":true,"valueName":"search_term_string"}}],"inLanguage":"de"},{"@type":"Organization","@id":"https:\/\/zambello.it\/#organization","name":"Zambello Group","url":"https:\/\/zambello.it\/","logo":{"@type":"ImageObject","inLanguage":"de","@id":"https:\/\/zambello.it\/#\/schema\/logo\/image\/","url":"https:\/\/zambello.it\/wp-content\/uploads\/2018\/11\/LOGO28XI_350.png","contentUrl":"https:\/\/zambello.it\/wp-content\/uploads\/2018\/11\/LOGO28XI_350.png","width":350,"height":64,"caption":"Zambello Group"},"image":{"@id":"https:\/\/zambello.it\/#\/schema\/logo\/image\/"}}]}},"_links":{"self":[{"href":"https:\/\/zambello.it\/de\/wp-json\/wp\/v2\/pages\/36152","targetHints":{"allow":["GET"]}}],"collection":[{"href":"https:\/\/zambello.it\/de\/wp-json\/wp\/v2\/pages"}],"about":[{"href":"https:\/\/zambello.it\/de\/wp-json\/wp\/v2\/types\/page"}],"author":[{"embeddable":true,"href":"https:\/\/zambello.it\/de\/wp-json\/wp\/v2\/users\/1"}],"replies":[{"embeddable":true,"href":"https:\/\/zambello.it\/de\/wp-json\/wp\/v2\/comments?post=36152"}],"version-history":[{"count":38,"href":"https:\/\/zambello.it\/de\/wp-json\/wp\/v2\/pages\/36152\/revisions"}],"predecessor-version":[{"id":38184,"href":"https:\/\/zambello.it\/de\/wp-json\/wp\/v2\/pages\/36152\/revisions\/38184"}],"up":[{"embeddable":true,"href":"https:\/\/zambello.it\/de\/wp-json\/wp\/v2\/pages\/1169"}],"wp:attachment":[{"href":"https:\/\/zambello.it\/de\/wp-json\/wp\/v2\/media?parent=36152"}],"curies":[{"name":"wp","href":"https:\/\/api.w.org\/{rel}","templated":true}]}}