{"id":36149,"date":"2019-01-15T16:13:37","date_gmt":"2019-01-15T15:13:37","guid":{"rendered":"https:\/\/zambello.it\/?page_id=36149"},"modified":"2026-01-22T17:00:17","modified_gmt":"2026-01-22T16:00:17","slug":"riduttori-per-estrusori-bivite-controrotanti-paralleli","status":"publish","type":"page","link":"https:\/\/zambello.it\/de\/prodotti\/riduttori-per-estrusori-bivite-controrotanti-paralleli\/","title":{"rendered":"Getriebe f\u00fcr gegenl\u00e4ufige parallele Doppelschneckenextruder"},"content":{"rendered":"<p>[vc_row][vc_column width=&#8220;1\/3&#8243;][vc_empty_space][vc_empty_space][vc_widget_sidebar show_bg=&#8220;false&#8220; sidebar_id=&#8220;sidebar_3&#8243;][\/vc_column][vc_column width=&#8220;2\/3&#8243;][vc_empty_space][vc_column_text]<\/p>\n<h2 style=\"text-align: right;\">Getriebe f\u00fcr gegenl\u00e4ufige<br \/>\nparallele Doppelschneckenextruder<\/h2>\n<p>[\/vc_column_text][vc_empty_space][vc_column_text]<\/p>\n<p style=\"text-align: right;\">Obwohl bereits eine sehr umfangreiche Palette an Getrieben f\u00fcr gegenl\u00e4ufige Extruder mit mittleren, hohen und sehr hohen Drehmomenten existiert, werden diese Baureihen von Zambello st\u00e4ndig aktualisiert, sowohl mit neuen Standardgr\u00f6\u00dfen als auch mit Getrieben, die nach den Anforderungen der Kunden konstruiert werden.<\/p>\n<p style=\"text-align: right;\"><b>BAUREIHE NRB<\/b> &#8211; <b>Mit einer \u00fcbertragbaren Drehmomentdichte von bis zu 17 Nm\/cm3 pro Welle<\/b>, haben die Getriebe der NRB-Baureihe eine horizontale Bauform (Montageposition liegend B3), Antriebe \u00fcber Motor mit Riemen und Riemenscheiben. Verf\u00fcgbare Untersetzungsverh\u00e4ltnisse bis zu einem Maximum von i=25.<\/p>\n<p style=\"text-align: right;\"><b>BAUREIHE ZT3<\/b> &#8211; <b>Mit einer \u00fcbertragbaren Drehmomentdichte von bis zu 17 Nm\/cm3 pro Welle<\/b>, weisen die Getriebe der ZT3-Serie nahezu identische Eigenschaften wie die Getriebe der NRB-Baureihe auf, haben jedoch eine vertikale Bauform (Montageposition stehend B7). Getriebe und Elektromotor werden durch eine elastische Kupplung verbunden. Aufgrund der M\u00f6glichkeit den Elektromotor in &#8222;U&#8220;-Bauform zu montieren, entsteht ein sehr kompakter Extruder. Die verf\u00fcgbaren Untersetzungsverh\u00e4ltnisse reichen von i=14 bis maximal i=80.<\/p>\n<p style=\"text-align: right;\"><b>GAMMA TST<\/b> &#8211; Die Twin Super Torque (TST) Baureihe gibt es in zwei Varianten: die TST-H-Serie und die TST- 2H-Serie. Beide Serien haben eine sehr hohe Leistung.<\/p>\n<p style=\"text-align: right;\"><b>BAUREIHE TST- H<\/b> &#8211; <b>Mit einer \u00fcbertragbaren Drehmomentdichte von bis zu 20 Nm\/cm3 pro Welle<\/b>, sind die Getriebe dieser Serie f\u00fcr anspruchsvolle Anwendungen ausgelegt, bei denen ein hohes Drehmoment erforderlich ist. Das Drehmoment wird \u00fcber eine einzelne Leitungsverzweigung \u00fcbertragen. Die Kopplung des Elektromotors erfolgt \u00fcber eine elastische Kupplung. Die verf\u00fcgbaren Untersetzungsverh\u00e4ltnisse reichen von i=14 bis maximal i=80.<\/p>\n<p style=\"text-align: right;\"><b>TST-2H SERIE<\/b> &#8211; <b>Mit einer \u00fcbertragbaren Drehmomentdichte von bis zu 22,5 Nm\/cm3 pro Welle<\/b>, zeichnen sich die Getriebe der TST-2H-Serie durch eine sehr hochwertige Technologie aus, die sie an die Spitze des Weltmarktes bringt, geeignet f\u00fcr Hochleistungsanwendungen.<br \/>\nDas gew\u00fcnschte Drehmoment wird \u00fcber eine doppelte Leitungsverzweigung \u00fcbertragen. Die verf\u00fcgbaren Untersetzungsverh\u00e4ltnisse reichen von i=14 bis maximal i=80.<\/p>\n<p>[\/vc_column_text][vc_single_image image=&#8220;37038&#8243; img_size=&#8220;full&#8220; alignment=&#8220;right&#8220; onclick=&#8220;custom_link&#8220; css_animation=&#8220;zoomIn&#8220; link=&#8220;https:\/\/zambello.it\/form\/&#8220;][\/vc_column][\/vc_row][vc_row][vc_column][vc_empty_space][vc_empty_space][\/vc_column][\/vc_row][vc_row][vc_column][vc_media_grid gap=&#8220;4&#8243; grid_id=&#8220;vc_gid:1696409091352-7befa01b-f729-10&#8243; include=&#8220;38166,37738,36441,37572,36533,38167&#8243;][vc_empty_space][vc_empty_space][\/vc_column][\/vc_row]<\/p>","protected":false},"excerpt":{"rendered":"<p>[vc_row][vc_column width=&#8220;1\/3&#8243;][vc_empty_space][vc_empty_space][vc_widget_sidebar show_bg=&#8220;false&#8220; sidebar_id=&#8220;sidebar_3&#8243;][\/vc_column][vc_column width=&#8220;2\/3&#8243;][vc_empty_space][vc_column_text] Getriebe f\u00fcr gegenl\u00e4ufige parallele Doppelschneckenextruder [\/vc_column_text][vc_empty_space][vc_column_text] Obwohl bereits eine sehr umfangreiche Palette an Getrieben f\u00fcr gegenl\u00e4ufige Extruder mit mittleren, hohen und sehr hohen Drehmomenten existiert, werden diese Baureihen von Zambello st\u00e4ndig aktualisiert, sowohl mit neuen Standardgr\u00f6\u00dfen als auch mit Getrieben, die nach den Anforderungen der Kunden konstruiert werden. BAUREIHE NRB&hellip;<\/p>\n","protected":false},"author":1,"featured_media":0,"parent":1169,"menu_order":0,"comment_status":"closed","ping_status":"closed","template":"","meta":[],"class_list":["post-36149","page","type-page","status-publish","hentry","description-off"],"yoast_head":"<!-- This site is optimized with the Yoast SEO plugin v27.2 - https:\/\/yoast.com\/product\/yoast-seo-wordpress\/ -->\n<title>Getriebe f\u00fcr gegenl\u00e4ufige parallele Doppelschneckenextruder - Zambello group<\/title>\n<meta name=\"robots\" content=\"index, follow, max-snippet:-1, max-image-preview:large, max-video-preview:-1\" \/>\n<link rel=\"canonical\" href=\"https:\/\/zambello.it\/prodotti\/riduttori-per-estrusori-bivite-controrotanti-paralleli\/\" \/>\n<meta property=\"og:locale\" content=\"de_DE\" \/>\n<meta property=\"og:type\" content=\"article\" \/>\n<meta property=\"og:title\" content=\"Getriebe f\u00fcr gegenl\u00e4ufige parallele Doppelschneckenextruder - Zambello group\" \/>\n<meta property=\"og:description\" content=\"[vc_row][vc_column width=&#8220;1\/3&#8243;][vc_empty_space][vc_empty_space][vc_widget_sidebar show_bg=&#8220;false&#8220; sidebar_id=&#8220;sidebar_3&#8243;][\/vc_column][vc_column width=&#8220;2\/3&#8243;][vc_empty_space][vc_column_text] Getriebe f\u00fcr gegenl\u00e4ufige parallele Doppelschneckenextruder [\/vc_column_text][vc_empty_space][vc_column_text] Obwohl bereits eine sehr umfangreiche Palette an Getrieben f\u00fcr gegenl\u00e4ufige Extruder mit mittleren, hohen und sehr hohen Drehmomenten existiert, werden diese Baureihen von Zambello st\u00e4ndig aktualisiert, sowohl mit neuen Standardgr\u00f6\u00dfen als auch mit Getrieben, die nach den Anforderungen der Kunden konstruiert werden. BAUREIHE NRB&hellip;\" \/>\n<meta property=\"og:url\" content=\"https:\/\/zambello.it\/prodotti\/riduttori-per-estrusori-bivite-controrotanti-paralleli\/\" \/>\n<meta property=\"og:site_name\" content=\"Zambello group\" \/>\n<meta property=\"article:modified_time\" content=\"2026-01-22T16:00:17+00:00\" \/>\n<meta name=\"twitter:card\" content=\"summary_large_image\" \/>\n<meta name=\"twitter:label1\" content=\"Gesch\u00e4tzte Lesezeit\" \/>\n\t<meta name=\"twitter:data1\" content=\"6\u00a0Minuten\" \/>\n<script type=\"application\/ld+json\" class=\"yoast-schema-graph\">{\"@context\":\"https:\/\/schema.org\",\"@graph\":[{\"@type\":\"WebPage\",\"@id\":\"https:\/\/zambello.it\/prodotti\/riduttori-per-estrusori-bivite-controrotanti-paralleli\/\",\"url\":\"https:\/\/zambello.it\/prodotti\/riduttori-per-estrusori-bivite-controrotanti-paralleli\/\",\"name\":\"Getriebe f\u00fcr gegenl\u00e4ufige parallele Doppelschneckenextruder - Zambello group\",\"isPartOf\":{\"@id\":\"https:\/\/zambello.it\/#website\"},\"datePublished\":\"2019-01-15T15:13:37+00:00\",\"dateModified\":\"2026-01-22T16:00:17+00:00\",\"breadcrumb\":{\"@id\":\"https:\/\/zambello.it\/prodotti\/riduttori-per-estrusori-bivite-controrotanti-paralleli\/#breadcrumb\"},\"inLanguage\":\"de\",\"potentialAction\":[{\"@type\":\"ReadAction\",\"target\":[\"https:\/\/zambello.it\/prodotti\/riduttori-per-estrusori-bivite-controrotanti-paralleli\/\"]}]},{\"@type\":\"BreadcrumbList\",\"@id\":\"https:\/\/zambello.it\/prodotti\/riduttori-per-estrusori-bivite-controrotanti-paralleli\/#breadcrumb\",\"itemListElement\":[{\"@type\":\"ListItem\",\"position\":1,\"name\":\"Home\",\"item\":\"https:\/\/zambello.it\/\"},{\"@type\":\"ListItem\",\"position\":2,\"name\":\"Prodotti\",\"item\":\"https:\/\/zambello.it\/prodotti\/\"},{\"@type\":\"ListItem\",\"position\":3,\"name\":\"Riduttori per estrusori bivite controrotanti paralleli\"}]},{\"@type\":\"WebSite\",\"@id\":\"https:\/\/zambello.it\/#website\",\"url\":\"https:\/\/zambello.it\/\",\"name\":\"Zambello group\",\"description\":\"Advanced technology for extruders\",\"publisher\":{\"@id\":\"https:\/\/zambello.it\/#organization\"},\"potentialAction\":[{\"@type\":\"SearchAction\",\"target\":{\"@type\":\"EntryPoint\",\"urlTemplate\":\"https:\/\/zambello.it\/?s={search_term_string}\"},\"query-input\":{\"@type\":\"PropertyValueSpecification\",\"valueRequired\":true,\"valueName\":\"search_term_string\"}}],\"inLanguage\":\"de\"},{\"@type\":\"Organization\",\"@id\":\"https:\/\/zambello.it\/#organization\",\"name\":\"Zambello Group\",\"url\":\"https:\/\/zambello.it\/\",\"logo\":{\"@type\":\"ImageObject\",\"inLanguage\":\"de\",\"@id\":\"https:\/\/zambello.it\/#\/schema\/logo\/image\/\",\"url\":\"https:\/\/zambello.it\/wp-content\/uploads\/2018\/11\/LOGO28XI_350.png\",\"contentUrl\":\"https:\/\/zambello.it\/wp-content\/uploads\/2018\/11\/LOGO28XI_350.png\",\"width\":350,\"height\":64,\"caption\":\"Zambello Group\"},\"image\":{\"@id\":\"https:\/\/zambello.it\/#\/schema\/logo\/image\/\"}}]}<\/script>\n<!-- \/ Yoast SEO plugin. -->","yoast_head_json":{"title":"Getriebe f\u00fcr gegenl\u00e4ufige parallele Doppelschneckenextruder - Zambello group","robots":{"index":"index","follow":"follow","max-snippet":"max-snippet:-1","max-image-preview":"max-image-preview:large","max-video-preview":"max-video-preview:-1"},"canonical":"https:\/\/zambello.it\/prodotti\/riduttori-per-estrusori-bivite-controrotanti-paralleli\/","og_locale":"de_DE","og_type":"article","og_title":"Getriebe f\u00fcr gegenl\u00e4ufige parallele Doppelschneckenextruder - Zambello group","og_description":"[vc_row][vc_column width=&#8220;1\/3&#8243;][vc_empty_space][vc_empty_space][vc_widget_sidebar show_bg=&#8220;false&#8220; sidebar_id=&#8220;sidebar_3&#8243;][\/vc_column][vc_column width=&#8220;2\/3&#8243;][vc_empty_space][vc_column_text] Getriebe f\u00fcr gegenl\u00e4ufige parallele Doppelschneckenextruder [\/vc_column_text][vc_empty_space][vc_column_text] Obwohl bereits eine sehr umfangreiche Palette an Getrieben f\u00fcr gegenl\u00e4ufige Extruder mit mittleren, hohen und sehr hohen Drehmomenten existiert, werden diese Baureihen von Zambello st\u00e4ndig aktualisiert, sowohl mit neuen Standardgr\u00f6\u00dfen als auch mit Getrieben, die nach den Anforderungen der Kunden konstruiert werden. BAUREIHE NRB&hellip;","og_url":"https:\/\/zambello.it\/prodotti\/riduttori-per-estrusori-bivite-controrotanti-paralleli\/","og_site_name":"Zambello group","article_modified_time":"2026-01-22T16:00:17+00:00","twitter_card":"summary_large_image","twitter_misc":{"Gesch\u00e4tzte Lesezeit":"6\u00a0Minuten"},"schema":{"@context":"https:\/\/schema.org","@graph":[{"@type":"WebPage","@id":"https:\/\/zambello.it\/prodotti\/riduttori-per-estrusori-bivite-controrotanti-paralleli\/","url":"https:\/\/zambello.it\/prodotti\/riduttori-per-estrusori-bivite-controrotanti-paralleli\/","name":"Getriebe f\u00fcr gegenl\u00e4ufige parallele Doppelschneckenextruder - Zambello group","isPartOf":{"@id":"https:\/\/zambello.it\/#website"},"datePublished":"2019-01-15T15:13:37+00:00","dateModified":"2026-01-22T16:00:17+00:00","breadcrumb":{"@id":"https:\/\/zambello.it\/prodotti\/riduttori-per-estrusori-bivite-controrotanti-paralleli\/#breadcrumb"},"inLanguage":"de","potentialAction":[{"@type":"ReadAction","target":["https:\/\/zambello.it\/prodotti\/riduttori-per-estrusori-bivite-controrotanti-paralleli\/"]}]},{"@type":"BreadcrumbList","@id":"https:\/\/zambello.it\/prodotti\/riduttori-per-estrusori-bivite-controrotanti-paralleli\/#breadcrumb","itemListElement":[{"@type":"ListItem","position":1,"name":"Home","item":"https:\/\/zambello.it\/"},{"@type":"ListItem","position":2,"name":"Prodotti","item":"https:\/\/zambello.it\/prodotti\/"},{"@type":"ListItem","position":3,"name":"Riduttori per estrusori bivite controrotanti paralleli"}]},{"@type":"WebSite","@id":"https:\/\/zambello.it\/#website","url":"https:\/\/zambello.it\/","name":"Zambello group","description":"Advanced technology for extruders","publisher":{"@id":"https:\/\/zambello.it\/#organization"},"potentialAction":[{"@type":"SearchAction","target":{"@type":"EntryPoint","urlTemplate":"https:\/\/zambello.it\/?s={search_term_string}"},"query-input":{"@type":"PropertyValueSpecification","valueRequired":true,"valueName":"search_term_string"}}],"inLanguage":"de"},{"@type":"Organization","@id":"https:\/\/zambello.it\/#organization","name":"Zambello Group","url":"https:\/\/zambello.it\/","logo":{"@type":"ImageObject","inLanguage":"de","@id":"https:\/\/zambello.it\/#\/schema\/logo\/image\/","url":"https:\/\/zambello.it\/wp-content\/uploads\/2018\/11\/LOGO28XI_350.png","contentUrl":"https:\/\/zambello.it\/wp-content\/uploads\/2018\/11\/LOGO28XI_350.png","width":350,"height":64,"caption":"Zambello Group"},"image":{"@id":"https:\/\/zambello.it\/#\/schema\/logo\/image\/"}}]}},"_links":{"self":[{"href":"https:\/\/zambello.it\/de\/wp-json\/wp\/v2\/pages\/36149","targetHints":{"allow":["GET"]}}],"collection":[{"href":"https:\/\/zambello.it\/de\/wp-json\/wp\/v2\/pages"}],"about":[{"href":"https:\/\/zambello.it\/de\/wp-json\/wp\/v2\/types\/page"}],"author":[{"embeddable":true,"href":"https:\/\/zambello.it\/de\/wp-json\/wp\/v2\/users\/1"}],"replies":[{"embeddable":true,"href":"https:\/\/zambello.it\/de\/wp-json\/wp\/v2\/comments?post=36149"}],"version-history":[{"count":41,"href":"https:\/\/zambello.it\/de\/wp-json\/wp\/v2\/pages\/36149\/revisions"}],"predecessor-version":[{"id":38169,"href":"https:\/\/zambello.it\/de\/wp-json\/wp\/v2\/pages\/36149\/revisions\/38169"}],"up":[{"embeddable":true,"href":"https:\/\/zambello.it\/de\/wp-json\/wp\/v2\/pages\/1169"}],"wp:attachment":[{"href":"https:\/\/zambello.it\/de\/wp-json\/wp\/v2\/media?parent=36149"}],"curies":[{"name":"wp","href":"https:\/\/api.w.org\/{rel}","templated":true}]}}