{"id":36015,"date":"2018-11-30T23:36:54","date_gmt":"2018-11-30T22:36:54","guid":{"rendered":"https:\/\/zambello.it\/?page_id=36015"},"modified":"2021-10-07T23:24:59","modified_gmt":"2021-10-07T21:24:59","slug":"zambello-production-systems","status":"publish","type":"page","link":"https:\/\/zambello.it\/de\/industry-4-0\/zambello-production-systems\/","title":{"rendered":"Zambello Produktions System"},"content":{"rendered":"<p>[vc_row][vc_column width=&#8220;1\/4&#8243;][vc_empty_space][vc_empty_space][vc_widget_sidebar show_bg=&#8220;false&#8220; sidebar_id=&#8220;sidebar_7&#8243;][\/vc_column][vc_column width=&#8220;3\/4&#8243;][vc_empty_space][vc_column_text]<\/p>\n<h2 style=\"text-align: right;\">Zambello Produktions System<\/h2>\n<p>[\/vc_column_text][vc_empty_space][vc_column_text]<\/p>\n<p style=\"text-align: right;\">Zur Herstellung der weltweit leistungsst\u00e4rksten Getriebe mit Schr\u00e4gverzahnung<br \/>\nsetzt die Zambello-Gruppe derzeit <b>Hightech-Fertigungssysteme ein<\/b>.<\/p>\n<p>[\/vc_column_text][vc_column_text]<\/p>\n<p style=\"text-align: right;\">Im Zuge einer dauernden Weiterentwicklung erweitert Zambello seine Fertigungsprozesse st\u00e4ndig mit neuen ma\u00dfgeschneiderten Maschinen, sowohl f\u00fcr die Produktion als auch f\u00fcr die Qualit\u00e4tssicherung.<\/p>\n<p>[\/vc_column_text][vc_column_text]<\/p>\n<p style=\"text-align: right;\">Damit verbessert sich nicht nur die Produktionskapazit\u00e4t, sondern auch die Produktqualit\u00e4t insgesamt.<\/p>\n<p>[\/vc_column_text][vc_column_text]<\/p>\n<p style=\"text-align: right;\">Durch das kontinuierliche Wachstum der Zambello-Gruppe in der Produktion von Extrudergetrieben wird<br \/>\neine <b>einzigartige Spezialisierung in dieser Branche<\/b> erreicht, mit kontinuierlichen Verbesserungen in jeder<br \/>\nHinsicht:\u00a0 Technologie, Leistung, Qualit\u00e4t, Zuverl\u00e4ssigkeit, Service<\/p>\n<p style=\"text-align: right;\">Die fortschreitende Automatisierung in den Fabriken der Gruppe machen Zambello-Produkte immer wettbewerbsf\u00e4higer und ihre Lieferung zuverl\u00e4ssig und schnell.<\/p>\n<p style=\"text-align: right;\">Das vollautomatische Hochregallager mit \u00fcber 50.000 Einzelteilen garantiert eine einfache Verf\u00fcgbarkeit aller Komponenten und einen schnellen weltweiten Versand.<\/p>\n<p>[\/vc_column_text][vc_empty_space][\/vc_column][\/vc_row][vc_row][vc_column][vc_single_image image=&#8220;37141&#8243; img_size=&#8220;full&#8220; alignment=&#8220;center&#8220; css_animation=&#8220;zoomIn&#8220;][vc_empty_space][vc_column_text]<\/p>\n<p style=\"text-align: right;\">Die Komponenten (Geh\u00e4use, Verzahnungen etc.), die zur Herstellung der Getriebe verwendet werden, werden alle intern auf fortschrittlichsten CNC-Bearbeitungsmaschinen hergestellt, die ein exzellentes Fertigungsniveau auf top Qualit\u00e4t garantieren.<\/p>\n<p style=\"text-align: right;\">Die neuen Multi Pallet-Bearbeitungszentren (bis zu 64 Paletten und \u00fcber 1.200 Werkzeuge) gew\u00e4hrleisten h\u00f6chste Pr\u00e4zision bei der Geh\u00e4usebearbeitung. Die Schr\u00e4gverzahnungen werden unter Ber\u00fccksichtigung der sehr strengen Norm AGMA 2101 C95 (American Gear Manufacturer Association) ausgelegt. Aus verg\u00fctetem Stahl 18NiCrMo5 gefertigt so geschliffen, dass ein h\u00f6chstes Qualit\u00e4tsniveau erreicht wird (AGMA 11, entsprechend DIN 3)<br \/>\nZambello-Verzahnungen garantieren dadurch hohe Betriebsgeschwindigkeiten in Kombination bei gleichzeitig maximaler Effizienz und tiefem Ger\u00e4uschniveau.<\/p>\n<p>[\/vc_column_text][vc_column_text]<\/p>\n<p style=\"text-align: right;\">Alle von Zambello produzierten Getriebe durchlaufen eine Endpr\u00fcfung auf speziellen Pr\u00fcfst\u00e4nden und erhalten anschlie\u00dfend ein &#8222;Pr\u00fcfprotokoll&#8220;. Um die hohe Qualit\u00e4t zu gew\u00e4hrleisten, sind beide Produktionsstandorte der Gruppe nach UNI EN ISO 9001 zertifiziert.<\/p>\n<p>[\/vc_column_text][vc_column_text]<\/p>\n<p style=\"text-align: right;\"><b>Die st\u00e4ndig wachsende<\/b> Zambello-Gruppe ist dauernd auf der Suche nach neuen Partnerschaften und arbeitet \u00fcber ein effektives Vertriebs- und Servicenetz mit Standorten in <b>allen wichtigen L\u00e4ndern<\/b> der Welt.<\/p>\n<p>[\/vc_column_text][vc_empty_space][\/vc_column][\/vc_row][vc_row][vc_column][vc_column_text]<\/p>\n<p>[\/vc_column_text][\/vc_column][\/vc_row]<\/p>","protected":false},"excerpt":{"rendered":"<p>[vc_row][vc_column width=&#8220;1\/4&#8243;][vc_empty_space][vc_empty_space][vc_widget_sidebar show_bg=&#8220;false&#8220; sidebar_id=&#8220;sidebar_7&#8243;][\/vc_column][vc_column width=&#8220;3\/4&#8243;][vc_empty_space][vc_column_text] Zambello Produktions System [\/vc_column_text][vc_empty_space][vc_column_text] Zur Herstellung der weltweit leistungsst\u00e4rksten Getriebe mit Schr\u00e4gverzahnung setzt die Zambello-Gruppe derzeit Hightech-Fertigungssysteme ein. [\/vc_column_text][vc_column_text] Im Zuge einer dauernden Weiterentwicklung erweitert Zambello seine Fertigungsprozesse st\u00e4ndig mit neuen ma\u00dfgeschneiderten Maschinen, sowohl f\u00fcr die Produktion als auch f\u00fcr die Qualit\u00e4tssicherung. [\/vc_column_text][vc_column_text] Damit verbessert sich nicht nur die Produktionskapazit\u00e4t,&hellip;<\/p>\n","protected":false},"author":1,"featured_media":0,"parent":37332,"menu_order":0,"comment_status":"closed","ping_status":"closed","template":"","meta":[],"class_list":["post-36015","page","type-page","status-publish","hentry","description-off"],"yoast_head":"<!-- This site is optimized with the Yoast SEO plugin v27.2 - https:\/\/yoast.com\/product\/yoast-seo-wordpress\/ -->\n<title>Zambello Produktions System - Zambello group<\/title>\n<meta name=\"robots\" content=\"index, follow, max-snippet:-1, max-image-preview:large, max-video-preview:-1\" \/>\n<link rel=\"canonical\" href=\"https:\/\/zambello.it\/industry-4-0\/zambello-production-systems\/\" \/>\n<meta property=\"og:locale\" content=\"de_DE\" \/>\n<meta property=\"og:type\" content=\"article\" \/>\n<meta property=\"og:title\" content=\"Zambello Produktions System - Zambello group\" \/>\n<meta property=\"og:description\" content=\"[vc_row][vc_column width=&#8220;1\/4&#8243;][vc_empty_space][vc_empty_space][vc_widget_sidebar show_bg=&#8220;false&#8220; sidebar_id=&#8220;sidebar_7&#8243;][\/vc_column][vc_column width=&#8220;3\/4&#8243;][vc_empty_space][vc_column_text] Zambello Produktions System [\/vc_column_text][vc_empty_space][vc_column_text] Zur Herstellung der weltweit leistungsst\u00e4rksten Getriebe mit Schr\u00e4gverzahnung setzt die Zambello-Gruppe derzeit Hightech-Fertigungssysteme ein. [\/vc_column_text][vc_column_text] Im Zuge einer dauernden Weiterentwicklung erweitert Zambello seine Fertigungsprozesse st\u00e4ndig mit neuen ma\u00dfgeschneiderten Maschinen, sowohl f\u00fcr die Produktion als auch f\u00fcr die Qualit\u00e4tssicherung. [\/vc_column_text][vc_column_text] Damit verbessert sich nicht nur die Produktionskapazit\u00e4t,&hellip;\" \/>\n<meta property=\"og:url\" content=\"https:\/\/zambello.it\/industry-4-0\/zambello-production-systems\/\" \/>\n<meta property=\"og:site_name\" content=\"Zambello group\" \/>\n<meta property=\"article:modified_time\" content=\"2021-10-07T21:24:59+00:00\" \/>\n<meta name=\"twitter:card\" content=\"summary_large_image\" \/>\n<meta name=\"twitter:label1\" content=\"Gesch\u00e4tzte Lesezeit\" \/>\n\t<meta name=\"twitter:data1\" content=\"2\u00a0Minuten\" \/>\n<script type=\"application\/ld+json\" class=\"yoast-schema-graph\">{\"@context\":\"https:\/\/schema.org\",\"@graph\":[{\"@type\":\"WebPage\",\"@id\":\"https:\/\/zambello.it\/industry-4-0\/zambello-production-systems\/\",\"url\":\"https:\/\/zambello.it\/industry-4-0\/zambello-production-systems\/\",\"name\":\"Zambello Produktions System - Zambello group\",\"isPartOf\":{\"@id\":\"https:\/\/zambello.it\/#website\"},\"datePublished\":\"2018-11-30T22:36:54+00:00\",\"dateModified\":\"2021-10-07T21:24:59+00:00\",\"breadcrumb\":{\"@id\":\"https:\/\/zambello.it\/industry-4-0\/zambello-production-systems\/#breadcrumb\"},\"inLanguage\":\"de\",\"potentialAction\":[{\"@type\":\"ReadAction\",\"target\":[\"https:\/\/zambello.it\/industry-4-0\/zambello-production-systems\/\"]}]},{\"@type\":\"BreadcrumbList\",\"@id\":\"https:\/\/zambello.it\/industry-4-0\/zambello-production-systems\/#breadcrumb\",\"itemListElement\":[{\"@type\":\"ListItem\",\"position\":1,\"name\":\"Home\",\"item\":\"https:\/\/zambello.it\/\"},{\"@type\":\"ListItem\",\"position\":2,\"name\":\"Industry 4.0\",\"item\":\"https:\/\/zambello.it\/industry-4-0\/\"},{\"@type\":\"ListItem\",\"position\":3,\"name\":\"Zambello Production Systems\"}]},{\"@type\":\"WebSite\",\"@id\":\"https:\/\/zambello.it\/#website\",\"url\":\"https:\/\/zambello.it\/\",\"name\":\"Zambello group\",\"description\":\"Advanced technology for extruders\",\"publisher\":{\"@id\":\"https:\/\/zambello.it\/#organization\"},\"potentialAction\":[{\"@type\":\"SearchAction\",\"target\":{\"@type\":\"EntryPoint\",\"urlTemplate\":\"https:\/\/zambello.it\/?s={search_term_string}\"},\"query-input\":{\"@type\":\"PropertyValueSpecification\",\"valueRequired\":true,\"valueName\":\"search_term_string\"}}],\"inLanguage\":\"de\"},{\"@type\":\"Organization\",\"@id\":\"https:\/\/zambello.it\/#organization\",\"name\":\"Zambello Group\",\"url\":\"https:\/\/zambello.it\/\",\"logo\":{\"@type\":\"ImageObject\",\"inLanguage\":\"de\",\"@id\":\"https:\/\/zambello.it\/#\/schema\/logo\/image\/\",\"url\":\"https:\/\/zambello.it\/wp-content\/uploads\/2018\/11\/LOGO28XI_350.png\",\"contentUrl\":\"https:\/\/zambello.it\/wp-content\/uploads\/2018\/11\/LOGO28XI_350.png\",\"width\":350,\"height\":64,\"caption\":\"Zambello Group\"},\"image\":{\"@id\":\"https:\/\/zambello.it\/#\/schema\/logo\/image\/\"}}]}<\/script>\n<!-- \/ Yoast SEO plugin. -->","yoast_head_json":{"title":"Zambello Produktions System - Zambello group","robots":{"index":"index","follow":"follow","max-snippet":"max-snippet:-1","max-image-preview":"max-image-preview:large","max-video-preview":"max-video-preview:-1"},"canonical":"https:\/\/zambello.it\/industry-4-0\/zambello-production-systems\/","og_locale":"de_DE","og_type":"article","og_title":"Zambello Produktions System - Zambello group","og_description":"[vc_row][vc_column width=&#8220;1\/4&#8243;][vc_empty_space][vc_empty_space][vc_widget_sidebar show_bg=&#8220;false&#8220; sidebar_id=&#8220;sidebar_7&#8243;][\/vc_column][vc_column width=&#8220;3\/4&#8243;][vc_empty_space][vc_column_text] Zambello Produktions System [\/vc_column_text][vc_empty_space][vc_column_text] Zur Herstellung der weltweit leistungsst\u00e4rksten Getriebe mit Schr\u00e4gverzahnung setzt die Zambello-Gruppe derzeit Hightech-Fertigungssysteme ein. [\/vc_column_text][vc_column_text] Im Zuge einer dauernden Weiterentwicklung erweitert Zambello seine Fertigungsprozesse st\u00e4ndig mit neuen ma\u00dfgeschneiderten Maschinen, sowohl f\u00fcr die Produktion als auch f\u00fcr die Qualit\u00e4tssicherung. [\/vc_column_text][vc_column_text] Damit verbessert sich nicht nur die Produktionskapazit\u00e4t,&hellip;","og_url":"https:\/\/zambello.it\/industry-4-0\/zambello-production-systems\/","og_site_name":"Zambello group","article_modified_time":"2021-10-07T21:24:59+00:00","twitter_card":"summary_large_image","twitter_misc":{"Gesch\u00e4tzte Lesezeit":"2\u00a0Minuten"},"schema":{"@context":"https:\/\/schema.org","@graph":[{"@type":"WebPage","@id":"https:\/\/zambello.it\/industry-4-0\/zambello-production-systems\/","url":"https:\/\/zambello.it\/industry-4-0\/zambello-production-systems\/","name":"Zambello Produktions System - Zambello group","isPartOf":{"@id":"https:\/\/zambello.it\/#website"},"datePublished":"2018-11-30T22:36:54+00:00","dateModified":"2021-10-07T21:24:59+00:00","breadcrumb":{"@id":"https:\/\/zambello.it\/industry-4-0\/zambello-production-systems\/#breadcrumb"},"inLanguage":"de","potentialAction":[{"@type":"ReadAction","target":["https:\/\/zambello.it\/industry-4-0\/zambello-production-systems\/"]}]},{"@type":"BreadcrumbList","@id":"https:\/\/zambello.it\/industry-4-0\/zambello-production-systems\/#breadcrumb","itemListElement":[{"@type":"ListItem","position":1,"name":"Home","item":"https:\/\/zambello.it\/"},{"@type":"ListItem","position":2,"name":"Industry 4.0","item":"https:\/\/zambello.it\/industry-4-0\/"},{"@type":"ListItem","position":3,"name":"Zambello Production Systems"}]},{"@type":"WebSite","@id":"https:\/\/zambello.it\/#website","url":"https:\/\/zambello.it\/","name":"Zambello group","description":"Advanced technology for extruders","publisher":{"@id":"https:\/\/zambello.it\/#organization"},"potentialAction":[{"@type":"SearchAction","target":{"@type":"EntryPoint","urlTemplate":"https:\/\/zambello.it\/?s={search_term_string}"},"query-input":{"@type":"PropertyValueSpecification","valueRequired":true,"valueName":"search_term_string"}}],"inLanguage":"de"},{"@type":"Organization","@id":"https:\/\/zambello.it\/#organization","name":"Zambello Group","url":"https:\/\/zambello.it\/","logo":{"@type":"ImageObject","inLanguage":"de","@id":"https:\/\/zambello.it\/#\/schema\/logo\/image\/","url":"https:\/\/zambello.it\/wp-content\/uploads\/2018\/11\/LOGO28XI_350.png","contentUrl":"https:\/\/zambello.it\/wp-content\/uploads\/2018\/11\/LOGO28XI_350.png","width":350,"height":64,"caption":"Zambello Group"},"image":{"@id":"https:\/\/zambello.it\/#\/schema\/logo\/image\/"}}]}},"_links":{"self":[{"href":"https:\/\/zambello.it\/de\/wp-json\/wp\/v2\/pages\/36015","targetHints":{"allow":["GET"]}}],"collection":[{"href":"https:\/\/zambello.it\/de\/wp-json\/wp\/v2\/pages"}],"about":[{"href":"https:\/\/zambello.it\/de\/wp-json\/wp\/v2\/types\/page"}],"author":[{"embeddable":true,"href":"https:\/\/zambello.it\/de\/wp-json\/wp\/v2\/users\/1"}],"replies":[{"embeddable":true,"href":"https:\/\/zambello.it\/de\/wp-json\/wp\/v2\/comments?post=36015"}],"version-history":[{"count":68,"href":"https:\/\/zambello.it\/de\/wp-json\/wp\/v2\/pages\/36015\/revisions"}],"predecessor-version":[{"id":37419,"href":"https:\/\/zambello.it\/de\/wp-json\/wp\/v2\/pages\/36015\/revisions\/37419"}],"up":[{"embeddable":true,"href":"https:\/\/zambello.it\/de\/wp-json\/wp\/v2\/pages\/37332"}],"wp:attachment":[{"href":"https:\/\/zambello.it\/de\/wp-json\/wp\/v2\/media?parent=36015"}],"curies":[{"name":"wp","href":"https:\/\/api.w.org\/{rel}","templated":true}]}}