{"id":35993,"date":"2018-11-28T16:50:18","date_gmt":"2018-11-28T15:50:18","guid":{"rendered":"https:\/\/zambello.it\/?page_id=35993"},"modified":"2026-01-22T15:31:48","modified_gmt":"2026-01-22T14:31:48","slug":"aziende","status":"publish","type":"page","link":"https:\/\/zambello.it\/de\/aziende\/","title":{"rendered":"Unternehmen"},"content":{"rendered":"<p>[vc_row][vc_column width=&#8220;1\/4&#8243;][vc_empty_space][vc_empty_space][vc_widget_sidebar show_bg=&#8220;false&#8220; sidebar_id=&#8220;sidebar_6&#8243;][\/vc_column][vc_column width=&#8220;3\/4&#8243;][vc_empty_space][vc_column_text]<\/p>\n<h2 style=\"text-align: right;\">Zambello Group<\/h2>\n<p>[\/vc_column_text][vc_empty_space][vc_column_text]<\/p>\n<p style=\"text-align: right;\">Die Zambello Group wurde 1957 von Zevio Zambello gegr\u00fcndet und ist spezialisiert auf die Entwicklung und Produktion von <strong>Getrieben f\u00fcr den Extrusionssektor<\/strong>, einem Bereich indem sie Weltmarktf\u00fchrer sind.<\/p>\n<p>[\/vc_column_text][vc_column_text]<\/p>\n<p style=\"text-align: right;\">Zambello Gruppe investiert st\u00e4ndig in die Forschung und Entwicklung von neuen Getrieben f\u00fcr den Extrusionssektor, ein wichtiges Engagement, um seine weltweite F\u00fchrungsrolle zu festigen.<\/p>\n<p>[\/vc_column_text][vc_column_text]<\/p>\n<p style=\"text-align: right;\">Die Produktion <strong>war schon immer ausschlie\u00dflich in Italien<\/strong>.<br \/>\nDer Hauptsitz der Gruppe befindet sich in <strong>Magnago <\/strong>in der Provinz Mailand, in der N\u00e4he des Flughafens Mailand Malpensa. Die Hauptproduktionsst\u00e4tte der Gruppe befindet sich in <strong>Lendinara<\/strong>, in der Provinz Rovigo.<\/p>\n<p>[\/vc_column_text][vc_empty_space][vc_empty_space][vc_column_text]<iframe loading=\"lazy\" src=\"https:\/\/www.youtube-nocookie.com\/embed\/At0OTgLp66o?showinfo=0&amp;modestbranding=0&amp;playlist=At0OTgLp66o\" width=\"900\" height=\"506\" frameborder=\"0\" align=\"right\" allowfullscreen=\"allowfullscreen\"><span style=\"display: inline-block; width: 0px; overflow: hidden; line-height: 0;\" data-mce-type=\"bookmark\" class=\"mce_SELRES_start\">\ufeff<\/span><span style=\"display: inline-block; width: 0px; overflow: hidden; line-height: 0;\" data-mce-type=\"bookmark\" class=\"mce_SELRES_start\">\ufeff<\/span><span data-mce-type=\"bookmark\" style=\"display: inline-block; width: 0px; overflow: hidden; line-height: 0;\" class=\"mce_SELRES_start\">\ufeff<\/span><\/iframe>[\/vc_column_text][vc_empty_space][vc_empty_space][vc_empty_space height=&#8220;16px&#8220;][vc_column_text]<\/p>\n<p style=\"text-align: right;\">Die Werke sind mit hochproduktiven Maschinen ausger\u00fcstet, sowie mit Steuerungs- und Kontrollsystemen auf <strong>hohem technologischem Niveau und von h\u00f6chster Pr\u00e4zision<\/strong>.<br \/>\nDas unvergleichliche Know-how und die Erfahrung der Gruppe tragen zur <strong>Qualit\u00e4t industrieller Prozesse bei<\/strong>.<\/p>\n<p>[\/vc_column_text][vc_empty_space][\/vc_column][\/vc_row][vc_row][vc_column][vc_empty_space][vc_media_grid element_width=&#8220;3&#8243; grid_id=&#8220;vc_gid:1769092164539-a9662991-6d7c-5&#8243; include=&#8220;38111,36899,38128,38126&#8243;][\/vc_column][\/vc_row][vc_row][vc_column][vc_empty_space][vc_empty_space][vc_empty_space][vc_empty_space][\/vc_column][\/vc_row]<\/p>","protected":false},"excerpt":{"rendered":"<p>[vc_row][vc_column width=&#8220;1\/4&#8243;][vc_empty_space][vc_empty_space][vc_widget_sidebar show_bg=&#8220;false&#8220; sidebar_id=&#8220;sidebar_6&#8243;][\/vc_column][vc_column width=&#8220;3\/4&#8243;][vc_empty_space][vc_column_text] Zambello Group [\/vc_column_text][vc_empty_space][vc_column_text] Die Zambello Group wurde 1957 von Zevio Zambello gegr\u00fcndet und ist spezialisiert auf die Entwicklung und Produktion von Getrieben f\u00fcr den Extrusionssektor, einem Bereich indem sie Weltmarktf\u00fchrer sind. [\/vc_column_text][vc_column_text] Zambello Gruppe investiert st\u00e4ndig in die Forschung und Entwicklung von neuen Getrieben f\u00fcr den Extrusionssektor, ein wichtiges Engagement,&hellip;<\/p>\n","protected":false},"author":1,"featured_media":0,"parent":0,"menu_order":0,"comment_status":"closed","ping_status":"closed","template":"","meta":[],"class_list":["post-35993","page","type-page","status-publish","hentry","description-off"],"yoast_head":"<!-- This site is optimized with the Yoast SEO plugin v27.2 - https:\/\/yoast.com\/product\/yoast-seo-wordpress\/ -->\n<title>Unternehmen - Zambello group<\/title>\n<meta name=\"robots\" content=\"index, follow, max-snippet:-1, max-image-preview:large, max-video-preview:-1\" \/>\n<link rel=\"canonical\" href=\"https:\/\/zambello.it\/aziende\/\" \/>\n<meta property=\"og:locale\" content=\"de_DE\" \/>\n<meta property=\"og:type\" content=\"article\" \/>\n<meta property=\"og:title\" content=\"Unternehmen - Zambello group\" \/>\n<meta property=\"og:description\" content=\"[vc_row][vc_column width=&#8220;1\/4&#8243;][vc_empty_space][vc_empty_space][vc_widget_sidebar show_bg=&#8220;false&#8220; sidebar_id=&#8220;sidebar_6&#8243;][\/vc_column][vc_column width=&#8220;3\/4&#8243;][vc_empty_space][vc_column_text] Zambello Group [\/vc_column_text][vc_empty_space][vc_column_text] Die Zambello Group wurde 1957 von Zevio Zambello gegr\u00fcndet und ist spezialisiert auf die Entwicklung und Produktion von Getrieben f\u00fcr den Extrusionssektor, einem Bereich indem sie Weltmarktf\u00fchrer sind. [\/vc_column_text][vc_column_text] Zambello Gruppe investiert st\u00e4ndig in die Forschung und Entwicklung von neuen Getrieben f\u00fcr den Extrusionssektor, ein wichtiges Engagement,&hellip;\" \/>\n<meta property=\"og:url\" content=\"https:\/\/zambello.it\/aziende\/\" \/>\n<meta property=\"og:site_name\" content=\"Zambello group\" \/>\n<meta property=\"article:modified_time\" content=\"2026-01-22T14:31:48+00:00\" \/>\n<meta name=\"twitter:card\" content=\"summary_large_image\" \/>\n<meta name=\"twitter:label1\" content=\"Gesch\u00e4tzte Lesezeit\" \/>\n\t<meta name=\"twitter:data1\" content=\"4\u00a0Minuten\" \/>\n<script type=\"application\/ld+json\" class=\"yoast-schema-graph\">{\"@context\":\"https:\/\/schema.org\",\"@graph\":[{\"@type\":\"WebPage\",\"@id\":\"https:\/\/zambello.it\/aziende\/\",\"url\":\"https:\/\/zambello.it\/aziende\/\",\"name\":\"Unternehmen - Zambello group\",\"isPartOf\":{\"@id\":\"https:\/\/zambello.it\/#website\"},\"datePublished\":\"2018-11-28T15:50:18+00:00\",\"dateModified\":\"2026-01-22T14:31:48+00:00\",\"breadcrumb\":{\"@id\":\"https:\/\/zambello.it\/aziende\/#breadcrumb\"},\"inLanguage\":\"de\",\"potentialAction\":[{\"@type\":\"ReadAction\",\"target\":[\"https:\/\/zambello.it\/aziende\/\"]}]},{\"@type\":\"BreadcrumbList\",\"@id\":\"https:\/\/zambello.it\/aziende\/#breadcrumb\",\"itemListElement\":[{\"@type\":\"ListItem\",\"position\":1,\"name\":\"Home\",\"item\":\"https:\/\/zambello.it\/\"},{\"@type\":\"ListItem\",\"position\":2,\"name\":\"Aziende\"}]},{\"@type\":\"WebSite\",\"@id\":\"https:\/\/zambello.it\/#website\",\"url\":\"https:\/\/zambello.it\/\",\"name\":\"Zambello group\",\"description\":\"Advanced technology for extruders\",\"publisher\":{\"@id\":\"https:\/\/zambello.it\/#organization\"},\"potentialAction\":[{\"@type\":\"SearchAction\",\"target\":{\"@type\":\"EntryPoint\",\"urlTemplate\":\"https:\/\/zambello.it\/?s={search_term_string}\"},\"query-input\":{\"@type\":\"PropertyValueSpecification\",\"valueRequired\":true,\"valueName\":\"search_term_string\"}}],\"inLanguage\":\"de\"},{\"@type\":\"Organization\",\"@id\":\"https:\/\/zambello.it\/#organization\",\"name\":\"Zambello Group\",\"url\":\"https:\/\/zambello.it\/\",\"logo\":{\"@type\":\"ImageObject\",\"inLanguage\":\"de\",\"@id\":\"https:\/\/zambello.it\/#\/schema\/logo\/image\/\",\"url\":\"https:\/\/zambello.it\/wp-content\/uploads\/2018\/11\/LOGO28XI_350.png\",\"contentUrl\":\"https:\/\/zambello.it\/wp-content\/uploads\/2018\/11\/LOGO28XI_350.png\",\"width\":350,\"height\":64,\"caption\":\"Zambello Group\"},\"image\":{\"@id\":\"https:\/\/zambello.it\/#\/schema\/logo\/image\/\"}}]}<\/script>\n<!-- \/ Yoast SEO plugin. -->","yoast_head_json":{"title":"Unternehmen - Zambello group","robots":{"index":"index","follow":"follow","max-snippet":"max-snippet:-1","max-image-preview":"max-image-preview:large","max-video-preview":"max-video-preview:-1"},"canonical":"https:\/\/zambello.it\/aziende\/","og_locale":"de_DE","og_type":"article","og_title":"Unternehmen - Zambello group","og_description":"[vc_row][vc_column width=&#8220;1\/4&#8243;][vc_empty_space][vc_empty_space][vc_widget_sidebar show_bg=&#8220;false&#8220; sidebar_id=&#8220;sidebar_6&#8243;][\/vc_column][vc_column width=&#8220;3\/4&#8243;][vc_empty_space][vc_column_text] Zambello Group [\/vc_column_text][vc_empty_space][vc_column_text] Die Zambello Group wurde 1957 von Zevio Zambello gegr\u00fcndet und ist spezialisiert auf die Entwicklung und Produktion von Getrieben f\u00fcr den Extrusionssektor, einem Bereich indem sie Weltmarktf\u00fchrer sind. [\/vc_column_text][vc_column_text] Zambello Gruppe investiert st\u00e4ndig in die Forschung und Entwicklung von neuen Getrieben f\u00fcr den Extrusionssektor, ein wichtiges Engagement,&hellip;","og_url":"https:\/\/zambello.it\/aziende\/","og_site_name":"Zambello group","article_modified_time":"2026-01-22T14:31:48+00:00","twitter_card":"summary_large_image","twitter_misc":{"Gesch\u00e4tzte Lesezeit":"4\u00a0Minuten"},"schema":{"@context":"https:\/\/schema.org","@graph":[{"@type":"WebPage","@id":"https:\/\/zambello.it\/aziende\/","url":"https:\/\/zambello.it\/aziende\/","name":"Unternehmen - Zambello group","isPartOf":{"@id":"https:\/\/zambello.it\/#website"},"datePublished":"2018-11-28T15:50:18+00:00","dateModified":"2026-01-22T14:31:48+00:00","breadcrumb":{"@id":"https:\/\/zambello.it\/aziende\/#breadcrumb"},"inLanguage":"de","potentialAction":[{"@type":"ReadAction","target":["https:\/\/zambello.it\/aziende\/"]}]},{"@type":"BreadcrumbList","@id":"https:\/\/zambello.it\/aziende\/#breadcrumb","itemListElement":[{"@type":"ListItem","position":1,"name":"Home","item":"https:\/\/zambello.it\/"},{"@type":"ListItem","position":2,"name":"Aziende"}]},{"@type":"WebSite","@id":"https:\/\/zambello.it\/#website","url":"https:\/\/zambello.it\/","name":"Zambello group","description":"Advanced technology for extruders","publisher":{"@id":"https:\/\/zambello.it\/#organization"},"potentialAction":[{"@type":"SearchAction","target":{"@type":"EntryPoint","urlTemplate":"https:\/\/zambello.it\/?s={search_term_string}"},"query-input":{"@type":"PropertyValueSpecification","valueRequired":true,"valueName":"search_term_string"}}],"inLanguage":"de"},{"@type":"Organization","@id":"https:\/\/zambello.it\/#organization","name":"Zambello Group","url":"https:\/\/zambello.it\/","logo":{"@type":"ImageObject","inLanguage":"de","@id":"https:\/\/zambello.it\/#\/schema\/logo\/image\/","url":"https:\/\/zambello.it\/wp-content\/uploads\/2018\/11\/LOGO28XI_350.png","contentUrl":"https:\/\/zambello.it\/wp-content\/uploads\/2018\/11\/LOGO28XI_350.png","width":350,"height":64,"caption":"Zambello Group"},"image":{"@id":"https:\/\/zambello.it\/#\/schema\/logo\/image\/"}}]}},"_links":{"self":[{"href":"https:\/\/zambello.it\/de\/wp-json\/wp\/v2\/pages\/35993","targetHints":{"allow":["GET"]}}],"collection":[{"href":"https:\/\/zambello.it\/de\/wp-json\/wp\/v2\/pages"}],"about":[{"href":"https:\/\/zambello.it\/de\/wp-json\/wp\/v2\/types\/page"}],"author":[{"embeddable":true,"href":"https:\/\/zambello.it\/de\/wp-json\/wp\/v2\/users\/1"}],"replies":[{"embeddable":true,"href":"https:\/\/zambello.it\/de\/wp-json\/wp\/v2\/comments?post=35993"}],"version-history":[{"count":133,"href":"https:\/\/zambello.it\/de\/wp-json\/wp\/v2\/pages\/35993\/revisions"}],"predecessor-version":[{"id":38130,"href":"https:\/\/zambello.it\/de\/wp-json\/wp\/v2\/pages\/35993\/revisions\/38130"}],"wp:attachment":[{"href":"https:\/\/zambello.it\/de\/wp-json\/wp\/v2\/media?parent=35993"}],"curies":[{"name":"wp","href":"https:\/\/api.w.org\/{rel}","templated":true}]}}