{"id":35931,"date":"2018-11-20T16:36:16","date_gmt":"2018-11-20T15:36:16","guid":{"rendered":"https:\/\/zambello.it\/?page_id=35931"},"modified":"2026-02-02T18:09:09","modified_gmt":"2026-02-02T17:09:09","slug":"riduttori-per-estrusori-bivite-corotanti","status":"publish","type":"page","link":"https:\/\/zambello.it\/de\/prodotti\/riduttori-per-estrusori-bivite-corotanti\/","title":{"rendered":"Getriebe f\u00fcr gleichlaufende Doppelschneckenextruder"},"content":{"rendered":"<p>[vc_row][vc_column width=&#8220;1\/3&#8243;][vc_empty_space][vc_empty_space][vc_widget_sidebar show_bg=&#8220;false&#8220; sidebar_id=&#8220;sidebar_3&#8243;][\/vc_column][vc_column width=&#8220;2\/3&#8243;][vc_empty_space][vc_column_text]<\/p>\n<h2 style=\"text-align: right;\">Getriebe f\u00fcr gleichlaufende<br \/>\nDoppelschneckenextruder<\/h2>\n<p>[\/vc_column_text][vc_empty_space][vc_column_text]<\/p>\n<p style=\"text-align: right;\"><b>Baureihe ZT<\/b> &#8211; <b>Mit \u00fcbertragbaren Drehmomentdichten von bis zu 14 Nm\/cm<\/b><span class=\"potenza\">3<\/span><b> pro Welle<\/b>,<br \/>\nist die Baureihe ZT Getriebe so konzipiert, dass sie den unterschiedlichsten Einsatzm\u00f6glichkeiten und Anforderungen<br \/>\nder typischen Anwendungen mit Geschwindigkeiten von 300 bis 900 Umdrehungen entspricht. Bis hin zu Anwendungen, bei denen niedrigere Geschwindigkeiten von 25 bis 200 Umdrehungen ben\u00f6tigt werden (<b>SERIE ZT2<\/b>, <b>ZT3<\/b>).<br \/>\nDas Baureihe ist mit Achsabst\u00e4nden von 24 mm bis 200 mm erh\u00e4ltlich.<br \/>\nAuf Anfrage sind auch gr\u00f6\u00dfere Achsabst\u00e4nde realisierbar.<\/p>\n<p style=\"text-align: right;\"><b>Baureihe TST<\/b> &#8211; ngesichts der Notwendigkeit der Hersteller, die Leistung ihrer gleichlaufenden Doppelschneckenextruder zu erh\u00f6hen, verf\u00fcgt die Baureihe TST (Twin Super Torque) \u00fcber ein Drehmomentverteilungssystem, das eine signifikante Erh\u00f6hung der Ausgangsdrehzahl<br \/>\nvon bis zu 1.800 U\/min zul\u00e4sst und eine <b>\u00fcbertragbare Drehmomentdichte von bis zu 16 Nm\/cm<span class=\"potenza\">3<\/span> pro Welle gew\u00e4hrleistet)<\/b>.<br \/>\nDie Baureihe TST Getriebe sind derzeit mit variablen Achsabst\u00e4nden von 20 mm bis 120 mm lieferbar, gr\u00f6\u00dfere Achsabst\u00e4nde sind bereits in Planung.<\/p>\n<p style=\"text-align: right;\"><b>SERIE TST &#8211; HD<\/b> (High Density) &#8211; <b>Drehmomentdichte von \u00fcber 18 Nm\/cm<span class=\"potenza\">3<\/span> pro Welle<\/b>,<br \/>\nDiese neue Baureihe ist in verschiedenen Gr\u00f6\u00dfen erh\u00e4ltlich mit Achsabst\u00e4nden auf Anfrage.<\/p>\n<p>[\/vc_column_text][vc_single_image image=&#8220;37038&#8243; img_size=&#8220;full&#8220; alignment=&#8220;right&#8220; onclick=&#8220;custom_link&#8220; css_animation=&#8220;zoomIn&#8220; link=&#8220;https:\/\/zambello.it\/form\/&#8220;][\/vc_column][\/vc_row][vc_row][vc_column][vc_empty_space][vc_empty_space][vc_media_grid element_width=&#8220;3&#8243; gap=&#8220;4&#8243; grid_id=&#8220;vc_gid:1721291847495-29570751-f464-4&#8243; include=&#8220;38157,37435,38158,38160,37640,37733,36376,36379&#8243;][vc_empty_space][vc_empty_space][\/vc_column][\/vc_row]<\/p>","protected":false},"excerpt":{"rendered":"<p>[vc_row][vc_column width=&#8220;1\/3&#8243;][vc_empty_space][vc_empty_space][vc_widget_sidebar show_bg=&#8220;false&#8220; sidebar_id=&#8220;sidebar_3&#8243;][\/vc_column][vc_column width=&#8220;2\/3&#8243;][vc_empty_space][vc_column_text] Getriebe f\u00fcr gleichlaufende Doppelschneckenextruder [\/vc_column_text][vc_empty_space][vc_column_text] Baureihe ZT &#8211; Mit \u00fcbertragbaren Drehmomentdichten von bis zu 14 Nm\/cm3 pro Welle, ist die Baureihe ZT Getriebe so konzipiert, dass sie den unterschiedlichsten Einsatzm\u00f6glichkeiten und Anforderungen der typischen Anwendungen mit Geschwindigkeiten von 300 bis 900 Umdrehungen entspricht. Bis hin zu Anwendungen, bei denen niedrigere&hellip;<\/p>\n","protected":false},"author":1,"featured_media":0,"parent":1169,"menu_order":0,"comment_status":"closed","ping_status":"closed","template":"","meta":[],"class_list":["post-35931","page","type-page","status-publish","hentry","description-off"],"yoast_head":"<!-- This site is optimized with the Yoast SEO plugin v27.2 - https:\/\/yoast.com\/product\/yoast-seo-wordpress\/ -->\n<title>Getriebe f\u00fcr gleichlaufende Doppelschneckenextruder - Zambello group<\/title>\n<meta name=\"robots\" content=\"index, follow, max-snippet:-1, max-image-preview:large, max-video-preview:-1\" \/>\n<link rel=\"canonical\" href=\"https:\/\/zambello.it\/prodotti\/riduttori-per-estrusori-bivite-corotanti\/\" \/>\n<meta property=\"og:locale\" content=\"de_DE\" \/>\n<meta property=\"og:type\" content=\"article\" \/>\n<meta property=\"og:title\" content=\"Getriebe f\u00fcr gleichlaufende Doppelschneckenextruder - Zambello group\" \/>\n<meta property=\"og:description\" content=\"[vc_row][vc_column width=&#8220;1\/3&#8243;][vc_empty_space][vc_empty_space][vc_widget_sidebar show_bg=&#8220;false&#8220; sidebar_id=&#8220;sidebar_3&#8243;][\/vc_column][vc_column width=&#8220;2\/3&#8243;][vc_empty_space][vc_column_text] Getriebe f\u00fcr gleichlaufende Doppelschneckenextruder [\/vc_column_text][vc_empty_space][vc_column_text] Baureihe ZT &#8211; Mit \u00fcbertragbaren Drehmomentdichten von bis zu 14 Nm\/cm3 pro Welle, ist die Baureihe ZT Getriebe so konzipiert, dass sie den unterschiedlichsten Einsatzm\u00f6glichkeiten und Anforderungen der typischen Anwendungen mit Geschwindigkeiten von 300 bis 900 Umdrehungen entspricht. Bis hin zu Anwendungen, bei denen niedrigere&hellip;\" \/>\n<meta property=\"og:url\" content=\"https:\/\/zambello.it\/prodotti\/riduttori-per-estrusori-bivite-corotanti\/\" \/>\n<meta property=\"og:site_name\" content=\"Zambello group\" \/>\n<meta property=\"article:modified_time\" content=\"2026-02-02T17:09:09+00:00\" \/>\n<meta name=\"twitter:card\" content=\"summary_large_image\" \/>\n<meta name=\"twitter:label1\" content=\"Gesch\u00e4tzte Lesezeit\" \/>\n\t<meta name=\"twitter:data1\" content=\"2\u00a0Minuten\" \/>\n<script type=\"application\/ld+json\" class=\"yoast-schema-graph\">{\"@context\":\"https:\/\/schema.org\",\"@graph\":[{\"@type\":\"WebPage\",\"@id\":\"https:\/\/zambello.it\/prodotti\/riduttori-per-estrusori-bivite-corotanti\/\",\"url\":\"https:\/\/zambello.it\/prodotti\/riduttori-per-estrusori-bivite-corotanti\/\",\"name\":\"Getriebe f\u00fcr gleichlaufende Doppelschneckenextruder - Zambello group\",\"isPartOf\":{\"@id\":\"https:\/\/zambello.it\/#website\"},\"datePublished\":\"2018-11-20T15:36:16+00:00\",\"dateModified\":\"2026-02-02T17:09:09+00:00\",\"breadcrumb\":{\"@id\":\"https:\/\/zambello.it\/prodotti\/riduttori-per-estrusori-bivite-corotanti\/#breadcrumb\"},\"inLanguage\":\"de\",\"potentialAction\":[{\"@type\":\"ReadAction\",\"target\":[\"https:\/\/zambello.it\/prodotti\/riduttori-per-estrusori-bivite-corotanti\/\"]}]},{\"@type\":\"BreadcrumbList\",\"@id\":\"https:\/\/zambello.it\/prodotti\/riduttori-per-estrusori-bivite-corotanti\/#breadcrumb\",\"itemListElement\":[{\"@type\":\"ListItem\",\"position\":1,\"name\":\"Home\",\"item\":\"https:\/\/zambello.it\/\"},{\"@type\":\"ListItem\",\"position\":2,\"name\":\"Prodotti\",\"item\":\"https:\/\/zambello.it\/prodotti\/\"},{\"@type\":\"ListItem\",\"position\":3,\"name\":\"Riduttori per estrusori bivite corotanti\"}]},{\"@type\":\"WebSite\",\"@id\":\"https:\/\/zambello.it\/#website\",\"url\":\"https:\/\/zambello.it\/\",\"name\":\"Zambello group\",\"description\":\"Advanced technology for extruders\",\"publisher\":{\"@id\":\"https:\/\/zambello.it\/#organization\"},\"potentialAction\":[{\"@type\":\"SearchAction\",\"target\":{\"@type\":\"EntryPoint\",\"urlTemplate\":\"https:\/\/zambello.it\/?s={search_term_string}\"},\"query-input\":{\"@type\":\"PropertyValueSpecification\",\"valueRequired\":true,\"valueName\":\"search_term_string\"}}],\"inLanguage\":\"de\"},{\"@type\":\"Organization\",\"@id\":\"https:\/\/zambello.it\/#organization\",\"name\":\"Zambello Group\",\"url\":\"https:\/\/zambello.it\/\",\"logo\":{\"@type\":\"ImageObject\",\"inLanguage\":\"de\",\"@id\":\"https:\/\/zambello.it\/#\/schema\/logo\/image\/\",\"url\":\"https:\/\/zambello.it\/wp-content\/uploads\/2018\/11\/LOGO28XI_350.png\",\"contentUrl\":\"https:\/\/zambello.it\/wp-content\/uploads\/2018\/11\/LOGO28XI_350.png\",\"width\":350,\"height\":64,\"caption\":\"Zambello Group\"},\"image\":{\"@id\":\"https:\/\/zambello.it\/#\/schema\/logo\/image\/\"}}]}<\/script>\n<!-- \/ Yoast SEO plugin. -->","yoast_head_json":{"title":"Getriebe f\u00fcr gleichlaufende Doppelschneckenextruder - Zambello group","robots":{"index":"index","follow":"follow","max-snippet":"max-snippet:-1","max-image-preview":"max-image-preview:large","max-video-preview":"max-video-preview:-1"},"canonical":"https:\/\/zambello.it\/prodotti\/riduttori-per-estrusori-bivite-corotanti\/","og_locale":"de_DE","og_type":"article","og_title":"Getriebe f\u00fcr gleichlaufende Doppelschneckenextruder - Zambello group","og_description":"[vc_row][vc_column width=&#8220;1\/3&#8243;][vc_empty_space][vc_empty_space][vc_widget_sidebar show_bg=&#8220;false&#8220; sidebar_id=&#8220;sidebar_3&#8243;][\/vc_column][vc_column width=&#8220;2\/3&#8243;][vc_empty_space][vc_column_text] Getriebe f\u00fcr gleichlaufende Doppelschneckenextruder [\/vc_column_text][vc_empty_space][vc_column_text] Baureihe ZT &#8211; Mit \u00fcbertragbaren Drehmomentdichten von bis zu 14 Nm\/cm3 pro Welle, ist die Baureihe ZT Getriebe so konzipiert, dass sie den unterschiedlichsten Einsatzm\u00f6glichkeiten und Anforderungen der typischen Anwendungen mit Geschwindigkeiten von 300 bis 900 Umdrehungen entspricht. Bis hin zu Anwendungen, bei denen niedrigere&hellip;","og_url":"https:\/\/zambello.it\/prodotti\/riduttori-per-estrusori-bivite-corotanti\/","og_site_name":"Zambello group","article_modified_time":"2026-02-02T17:09:09+00:00","twitter_card":"summary_large_image","twitter_misc":{"Gesch\u00e4tzte Lesezeit":"2\u00a0Minuten"},"schema":{"@context":"https:\/\/schema.org","@graph":[{"@type":"WebPage","@id":"https:\/\/zambello.it\/prodotti\/riduttori-per-estrusori-bivite-corotanti\/","url":"https:\/\/zambello.it\/prodotti\/riduttori-per-estrusori-bivite-corotanti\/","name":"Getriebe f\u00fcr gleichlaufende Doppelschneckenextruder - Zambello group","isPartOf":{"@id":"https:\/\/zambello.it\/#website"},"datePublished":"2018-11-20T15:36:16+00:00","dateModified":"2026-02-02T17:09:09+00:00","breadcrumb":{"@id":"https:\/\/zambello.it\/prodotti\/riduttori-per-estrusori-bivite-corotanti\/#breadcrumb"},"inLanguage":"de","potentialAction":[{"@type":"ReadAction","target":["https:\/\/zambello.it\/prodotti\/riduttori-per-estrusori-bivite-corotanti\/"]}]},{"@type":"BreadcrumbList","@id":"https:\/\/zambello.it\/prodotti\/riduttori-per-estrusori-bivite-corotanti\/#breadcrumb","itemListElement":[{"@type":"ListItem","position":1,"name":"Home","item":"https:\/\/zambello.it\/"},{"@type":"ListItem","position":2,"name":"Prodotti","item":"https:\/\/zambello.it\/prodotti\/"},{"@type":"ListItem","position":3,"name":"Riduttori per estrusori bivite corotanti"}]},{"@type":"WebSite","@id":"https:\/\/zambello.it\/#website","url":"https:\/\/zambello.it\/","name":"Zambello group","description":"Advanced technology for extruders","publisher":{"@id":"https:\/\/zambello.it\/#organization"},"potentialAction":[{"@type":"SearchAction","target":{"@type":"EntryPoint","urlTemplate":"https:\/\/zambello.it\/?s={search_term_string}"},"query-input":{"@type":"PropertyValueSpecification","valueRequired":true,"valueName":"search_term_string"}}],"inLanguage":"de"},{"@type":"Organization","@id":"https:\/\/zambello.it\/#organization","name":"Zambello Group","url":"https:\/\/zambello.it\/","logo":{"@type":"ImageObject","inLanguage":"de","@id":"https:\/\/zambello.it\/#\/schema\/logo\/image\/","url":"https:\/\/zambello.it\/wp-content\/uploads\/2018\/11\/LOGO28XI_350.png","contentUrl":"https:\/\/zambello.it\/wp-content\/uploads\/2018\/11\/LOGO28XI_350.png","width":350,"height":64,"caption":"Zambello Group"},"image":{"@id":"https:\/\/zambello.it\/#\/schema\/logo\/image\/"}}]}},"_links":{"self":[{"href":"https:\/\/zambello.it\/de\/wp-json\/wp\/v2\/pages\/35931","targetHints":{"allow":["GET"]}}],"collection":[{"href":"https:\/\/zambello.it\/de\/wp-json\/wp\/v2\/pages"}],"about":[{"href":"https:\/\/zambello.it\/de\/wp-json\/wp\/v2\/types\/page"}],"author":[{"embeddable":true,"href":"https:\/\/zambello.it\/de\/wp-json\/wp\/v2\/users\/1"}],"replies":[{"embeddable":true,"href":"https:\/\/zambello.it\/de\/wp-json\/wp\/v2\/comments?post=35931"}],"version-history":[{"count":46,"href":"https:\/\/zambello.it\/de\/wp-json\/wp\/v2\/pages\/35931\/revisions"}],"predecessor-version":[{"id":38163,"href":"https:\/\/zambello.it\/de\/wp-json\/wp\/v2\/pages\/35931\/revisions\/38163"}],"up":[{"embeddable":true,"href":"https:\/\/zambello.it\/de\/wp-json\/wp\/v2\/pages\/1169"}],"wp:attachment":[{"href":"https:\/\/zambello.it\/de\/wp-json\/wp\/v2\/media?parent=35931"}],"curies":[{"name":"wp","href":"https:\/\/api.w.org\/{rel}","templated":true}]}}