{"id":35900,"date":"2018-11-20T15:03:35","date_gmt":"2018-11-20T14:03:35","guid":{"rendered":"https:\/\/zambello.it\/?page_id=35900"},"modified":"2026-02-02T18:10:57","modified_gmt":"2026-02-02T17:10:57","slug":"riduttori-per-estrusori-monovite","status":"publish","type":"page","link":"https:\/\/zambello.it\/de\/prodotti\/riduttori-per-estrusori-monovite\/","title":{"rendered":"Getriebe f\u00fcr Einschnecken Extruder"},"content":{"rendered":"<p>[vc_row][vc_column width=&#8220;1\/3&#8243;][vc_empty_space][vc_empty_space][vc_widget_sidebar show_bg=&#8220;false&#8220; sidebar_id=&#8220;sidebar_3&#8243;][\/vc_column][vc_column width=&#8220;2\/3&#8243;][vc_empty_space][vc_column_text]<\/p>\n<h2 style=\"text-align: right;\">Getriebe f\u00fcr Einschnecken Extruder<\/h2>\n<p>[\/vc_column_text][vc_empty_space][vc_column_text]<\/p>\n<p style=\"text-align: right;\">Mit der <b>Baureihe ZPE<\/b> f\u00fcr Einschneckenextruder best\u00e4tigt Zambello seine weltweite Spitzenstellung was das \u00fcbertragbare Drehmoment im Verh\u00e4ltnis zu Gewicht und Gr\u00f6\u00dfe des Getriebes.<br \/>\nDie komplette Baureihe beginnt mit dem kleinsten Getriebe Baugr\u00f6\u00dfe<br \/>\n90 (f\u00fcr Extruder mit einem Schneckendurchmesser von 25\/30 mm), <b>bis zur Baugr\u00f6\u00dfe 630 (f\u00fcr gro\u00dfe<br \/>\nExtruder mit einem Schneckendurchmesser von 300\/400 mm)<\/b>.<\/p>\n<p style=\"text-align: right;\">Das ausgezeichnete Qualit\u00e4tsniveau dieser Baureihe beruht auf der Konstruktion und Ausf\u00fchrung der Zahnr\u00e4der,<br \/>\ndie vollst\u00e4ndig von Zambello hergestellt und getestet wurden, sowie auch den Komponenten, die von den namhaften europ\u00e4ischen Herstellern geliefert werden.<br \/>\nDank eines gro\u00dfz\u00fcgigen Ausbaus des Komponentenlagers<br \/>\nist Zambello in der Lage stabile und zuverl\u00e4ssige Lieferzeiten zu gew\u00e4hrleisten.<\/p>\n<p style=\"text-align: right;\">Der ZPE Baureihe hat drei verschiedene Serien:<br \/>\n<b>ZPE1<\/b> f\u00fcr hohe Geschwindigkeiten (Untersetzungsbereich von i-2 bis 5.6)<br \/>\n<b>ZPE2<\/b> f\u00fcr mittlere Geschwindigkeit (Untersetzungsbereich von i-6.3 zu i-28)<br \/>\n<b>ZPE3<\/b> f\u00fcr mittlere und tiefe Geschwindigkeit (Untersetzungsbereich von i-6.3 auf i-125).<\/p>\n<p>[\/vc_column_text][vc_single_image image=&#8220;37038&#8243; img_size=&#8220;full&#8220; alignment=&#8220;right&#8220; onclick=&#8220;custom_link&#8220; css_animation=&#8220;zoomIn&#8220; link=&#8220;https:\/\/zambello.it\/form\/&#8220;][\/vc_column][\/vc_row][vc_row][vc_column][vc_empty_space][vc_empty_space][\/vc_column][\/vc_row][vc_row][vc_column][vc_media_grid element_width=&#8220;3&#8243; gap=&#8220;4&#8243; grid_id=&#8220;vc_gid:1696408166403-cebdaae9-0c28-8&#8243; include=&#8220;37726,37727,37192,37728,38147,38145,38149,38151&#8243;][vc_empty_space][vc_empty_space][\/vc_column][\/vc_row]<\/p>","protected":false},"excerpt":{"rendered":"<p>[vc_row][vc_column width=&#8220;1\/3&#8243;][vc_empty_space][vc_empty_space][vc_widget_sidebar show_bg=&#8220;false&#8220; sidebar_id=&#8220;sidebar_3&#8243;][\/vc_column][vc_column width=&#8220;2\/3&#8243;][vc_empty_space][vc_column_text] Getriebe f\u00fcr Einschnecken Extruder [\/vc_column_text][vc_empty_space][vc_column_text] Mit der Baureihe ZPE f\u00fcr Einschneckenextruder best\u00e4tigt Zambello seine weltweite Spitzenstellung was das \u00fcbertragbare Drehmoment im Verh\u00e4ltnis zu Gewicht und Gr\u00f6\u00dfe des Getriebes. Die komplette Baureihe beginnt mit dem kleinsten Getriebe Baugr\u00f6\u00dfe 90 (f\u00fcr Extruder mit einem Schneckendurchmesser von 25\/30 mm), bis zur Baugr\u00f6\u00dfe 630&hellip;<\/p>\n","protected":false},"author":1,"featured_media":0,"parent":1169,"menu_order":0,"comment_status":"closed","ping_status":"closed","template":"","meta":[],"class_list":["post-35900","page","type-page","status-publish","hentry","description-off"],"yoast_head":"<!-- This site is optimized with the Yoast SEO plugin v27.2 - https:\/\/yoast.com\/product\/yoast-seo-wordpress\/ -->\n<title>Getriebe f\u00fcr Einschnecken Extruder - Zambello group<\/title>\n<meta name=\"description\" content=\"ZAMBELLO Getriebe f\u00fcr Einschnecken Extruder\" \/>\n<meta name=\"robots\" content=\"index, follow, max-snippet:-1, max-image-preview:large, max-video-preview:-1\" \/>\n<link rel=\"canonical\" href=\"https:\/\/zambello.it\/prodotti\/riduttori-per-estrusori-monovite\/\" \/>\n<meta property=\"og:locale\" content=\"de_DE\" \/>\n<meta property=\"og:type\" content=\"article\" \/>\n<meta property=\"og:title\" content=\"Getriebe f\u00fcr Einschnecken Extruder - Zambello group\" \/>\n<meta property=\"og:description\" content=\"{:it}Zambello produce riduttori per estrusori{:en}Zambello produces extruder gearboxes{:de}ZAMBELLO Getriebe f\u00fcr Einschnecken Extruder{:}\" \/>\n<meta property=\"og:url\" content=\"https:\/\/zambello.it\/prodotti\/riduttori-per-estrusori-monovite\/\" \/>\n<meta property=\"og:site_name\" content=\"Zambello group\" \/>\n<meta property=\"article:modified_time\" content=\"2026-02-02T17:10:57+00:00\" \/>\n<meta name=\"twitter:card\" content=\"summary_large_image\" \/>\n<meta name=\"twitter:label1\" content=\"Gesch\u00e4tzte Lesezeit\" \/>\n\t<meta name=\"twitter:data1\" content=\"1\u00a0Minute\" \/>\n<script type=\"application\/ld+json\" class=\"yoast-schema-graph\">{\"@context\":\"https:\/\/schema.org\",\"@graph\":[{\"@type\":\"WebPage\",\"@id\":\"https:\/\/zambello.it\/prodotti\/riduttori-per-estrusori-monovite\/\",\"url\":\"https:\/\/zambello.it\/prodotti\/riduttori-per-estrusori-monovite\/\",\"name\":\"Getriebe f\u00fcr Einschnecken Extruder - Zambello group\",\"isPartOf\":{\"@id\":\"https:\/\/zambello.it\/#website\"},\"datePublished\":\"2018-11-20T14:03:35+00:00\",\"dateModified\":\"2026-02-02T17:10:57+00:00\",\"description\":\"{:it}Zambello produce riduttori per estrusori{:en}Zambello produces extruder gearboxes{:de}ZAMBELLO Getriebe f\u00fcr Einschnecken Extruder{:}\",\"breadcrumb\":{\"@id\":\"https:\/\/zambello.it\/prodotti\/riduttori-per-estrusori-monovite\/#breadcrumb\"},\"inLanguage\":\"de\",\"potentialAction\":[{\"@type\":\"ReadAction\",\"target\":[\"https:\/\/zambello.it\/prodotti\/riduttori-per-estrusori-monovite\/\"]}]},{\"@type\":\"BreadcrumbList\",\"@id\":\"https:\/\/zambello.it\/prodotti\/riduttori-per-estrusori-monovite\/#breadcrumb\",\"itemListElement\":[{\"@type\":\"ListItem\",\"position\":1,\"name\":\"Home\",\"item\":\"https:\/\/zambello.it\/\"},{\"@type\":\"ListItem\",\"position\":2,\"name\":\"Prodotti\",\"item\":\"https:\/\/zambello.it\/prodotti\/\"},{\"@type\":\"ListItem\",\"position\":3,\"name\":\"Riduttori per estrusori monovite\"}]},{\"@type\":\"WebSite\",\"@id\":\"https:\/\/zambello.it\/#website\",\"url\":\"https:\/\/zambello.it\/\",\"name\":\"Zambello group\",\"description\":\"Advanced technology for extruders\",\"publisher\":{\"@id\":\"https:\/\/zambello.it\/#organization\"},\"potentialAction\":[{\"@type\":\"SearchAction\",\"target\":{\"@type\":\"EntryPoint\",\"urlTemplate\":\"https:\/\/zambello.it\/?s={search_term_string}\"},\"query-input\":{\"@type\":\"PropertyValueSpecification\",\"valueRequired\":true,\"valueName\":\"search_term_string\"}}],\"inLanguage\":\"de\"},{\"@type\":\"Organization\",\"@id\":\"https:\/\/zambello.it\/#organization\",\"name\":\"Zambello Group\",\"url\":\"https:\/\/zambello.it\/\",\"logo\":{\"@type\":\"ImageObject\",\"inLanguage\":\"de\",\"@id\":\"https:\/\/zambello.it\/#\/schema\/logo\/image\/\",\"url\":\"https:\/\/zambello.it\/wp-content\/uploads\/2018\/11\/LOGO28XI_350.png\",\"contentUrl\":\"https:\/\/zambello.it\/wp-content\/uploads\/2018\/11\/LOGO28XI_350.png\",\"width\":350,\"height\":64,\"caption\":\"Zambello Group\"},\"image\":{\"@id\":\"https:\/\/zambello.it\/#\/schema\/logo\/image\/\"}}]}<\/script>\n<!-- \/ Yoast SEO plugin. -->","yoast_head_json":{"title":"Getriebe f\u00fcr Einschnecken Extruder - Zambello group","description":"ZAMBELLO Getriebe f\u00fcr Einschnecken Extruder","robots":{"index":"index","follow":"follow","max-snippet":"max-snippet:-1","max-image-preview":"max-image-preview:large","max-video-preview":"max-video-preview:-1"},"canonical":"https:\/\/zambello.it\/prodotti\/riduttori-per-estrusori-monovite\/","og_locale":"de_DE","og_type":"article","og_title":"Getriebe f\u00fcr Einschnecken Extruder - Zambello group","og_description":"{:it}Zambello produce riduttori per estrusori{:en}Zambello produces extruder gearboxes{:de}ZAMBELLO Getriebe f\u00fcr Einschnecken Extruder{:}","og_url":"https:\/\/zambello.it\/prodotti\/riduttori-per-estrusori-monovite\/","og_site_name":"Zambello group","article_modified_time":"2026-02-02T17:10:57+00:00","twitter_card":"summary_large_image","twitter_misc":{"Gesch\u00e4tzte Lesezeit":"1\u00a0Minute"},"schema":{"@context":"https:\/\/schema.org","@graph":[{"@type":"WebPage","@id":"https:\/\/zambello.it\/prodotti\/riduttori-per-estrusori-monovite\/","url":"https:\/\/zambello.it\/prodotti\/riduttori-per-estrusori-monovite\/","name":"Getriebe f\u00fcr Einschnecken Extruder - Zambello group","isPartOf":{"@id":"https:\/\/zambello.it\/#website"},"datePublished":"2018-11-20T14:03:35+00:00","dateModified":"2026-02-02T17:10:57+00:00","description":"{:it}Zambello produce riduttori per estrusori{:en}Zambello produces extruder gearboxes{:de}ZAMBELLO Getriebe f\u00fcr Einschnecken Extruder{:}","breadcrumb":{"@id":"https:\/\/zambello.it\/prodotti\/riduttori-per-estrusori-monovite\/#breadcrumb"},"inLanguage":"de","potentialAction":[{"@type":"ReadAction","target":["https:\/\/zambello.it\/prodotti\/riduttori-per-estrusori-monovite\/"]}]},{"@type":"BreadcrumbList","@id":"https:\/\/zambello.it\/prodotti\/riduttori-per-estrusori-monovite\/#breadcrumb","itemListElement":[{"@type":"ListItem","position":1,"name":"Home","item":"https:\/\/zambello.it\/"},{"@type":"ListItem","position":2,"name":"Prodotti","item":"https:\/\/zambello.it\/prodotti\/"},{"@type":"ListItem","position":3,"name":"Riduttori per estrusori monovite"}]},{"@type":"WebSite","@id":"https:\/\/zambello.it\/#website","url":"https:\/\/zambello.it\/","name":"Zambello group","description":"Advanced technology for extruders","publisher":{"@id":"https:\/\/zambello.it\/#organization"},"potentialAction":[{"@type":"SearchAction","target":{"@type":"EntryPoint","urlTemplate":"https:\/\/zambello.it\/?s={search_term_string}"},"query-input":{"@type":"PropertyValueSpecification","valueRequired":true,"valueName":"search_term_string"}}],"inLanguage":"de"},{"@type":"Organization","@id":"https:\/\/zambello.it\/#organization","name":"Zambello Group","url":"https:\/\/zambello.it\/","logo":{"@type":"ImageObject","inLanguage":"de","@id":"https:\/\/zambello.it\/#\/schema\/logo\/image\/","url":"https:\/\/zambello.it\/wp-content\/uploads\/2018\/11\/LOGO28XI_350.png","contentUrl":"https:\/\/zambello.it\/wp-content\/uploads\/2018\/11\/LOGO28XI_350.png","width":350,"height":64,"caption":"Zambello Group"},"image":{"@id":"https:\/\/zambello.it\/#\/schema\/logo\/image\/"}}]}},"_links":{"self":[{"href":"https:\/\/zambello.it\/de\/wp-json\/wp\/v2\/pages\/35900","targetHints":{"allow":["GET"]}}],"collection":[{"href":"https:\/\/zambello.it\/de\/wp-json\/wp\/v2\/pages"}],"about":[{"href":"https:\/\/zambello.it\/de\/wp-json\/wp\/v2\/types\/page"}],"author":[{"embeddable":true,"href":"https:\/\/zambello.it\/de\/wp-json\/wp\/v2\/users\/1"}],"replies":[{"embeddable":true,"href":"https:\/\/zambello.it\/de\/wp-json\/wp\/v2\/comments?post=35900"}],"version-history":[{"count":63,"href":"https:\/\/zambello.it\/de\/wp-json\/wp\/v2\/pages\/35900\/revisions"}],"predecessor-version":[{"id":38153,"href":"https:\/\/zambello.it\/de\/wp-json\/wp\/v2\/pages\/35900\/revisions\/38153"}],"up":[{"embeddable":true,"href":"https:\/\/zambello.it\/de\/wp-json\/wp\/v2\/pages\/1169"}],"wp:attachment":[{"href":"https:\/\/zambello.it\/de\/wp-json\/wp\/v2\/media?parent=35900"}],"curies":[{"name":"wp","href":"https:\/\/api.w.org\/{rel}","templated":true}]}}