{"id":1169,"date":"2016-05-26T19:08:17","date_gmt":"2016-05-26T17:08:17","guid":{"rendered":"http:\/\/gig3.barikama.it\/?page_id=1169"},"modified":"2026-01-22T16:36:43","modified_gmt":"2026-01-22T15:36:43","slug":"prodotti","status":"publish","type":"page","link":"https:\/\/zambello.it\/de\/prodotti\/","title":{"rendered":"Produkte"},"content":{"rendered":"<p>[vc_row][vc_column width=&#8220;1\/3&#8243;][vc_empty_space][vc_empty_space][vc_widget_sidebar show_bg=&#8220;false&#8220; sidebar_id=&#8220;sidebar_3&#8243;][\/vc_column][vc_column width=&#8220;2\/3&#8243;][vc_empty_space][vc_column_text]<\/p>\n<h2 style=\"text-align: right;\">Produkte<\/h2>\n<p>[\/vc_column_text][vc_empty_space][vc_column_text]<\/p>\n<p style=\"text-align: right;\">Die kontinuierlichen Investitionen in Forschung und Entwicklung, das technologische Niveau der Produktionsanlagen, die sehr genaue Auswahl der Rohstoffe und aller verwendeten Komponenten, die extreme Aufmerksamkeit auf jeden Aspekt des gesamten industriellen Prozesses und vor allem die gro\u00dfe Erfahrung der verschiedenen Arbeitsgruppen erm\u00f6glicht es dem Unternehmen, seinen Kunden innovative Produkte und Dienstleistungen von absoluter Qualit\u00e4t zu bieten.<\/p>\n<p style=\"text-align: right;\">Das Angebot der Zambello-Gruppe umfasst folgende Baureihe:<br \/>\nGetriebe f\u00fcr <b>Einschnecken Extruder<\/b>,<br \/>\nGetriebe f\u00fcr <b>gleichlaufende Doppelschneckenextruder<\/b>,<br \/>\nGetriebe f\u00fcr <b>gegenl\u00e4ufige parallele Doppelschneckenextruder<\/b>,<br \/>\nGetriebe f\u00fcr <b>gegenl\u00e4ufige konische Doppelschneckenextruder<\/b>,<br \/>\nGetriebe f\u00fcr <b>Spritzgie\u00dfmaschinen<\/b> und<br \/>\n<strong>Sondergetriebe mit Schr\u00e4gverzahnung<\/strong>, f\u00fcr Anwendungen im <strong>Bereich der Extrusion und der Mischer<\/strong>.<\/p>\n<p>[\/vc_column_text][vc_column_text]<\/p>\n<p style=\"text-align: right;\">Um das Leistungsspektrum kontinuierlich zu verbessern, werden st\u00e4ndig neue Modelle und Gr\u00f6\u00dfen zu den verschiedenen Getriebebaureihen hinzugef\u00fcgt.<\/p>\n<p>[\/vc_column_text][\/vc_column][\/vc_row][vc_row][vc_column][vc_empty_space][vc_empty_space][vc_media_grid element_width=&#8220;3&#8243; grid_id=&#8220;vc_gid:1561642215880-96144c55-b3f3-0&#8243; include=&#8220;36634,36637,36757,36755&#8243;][vc_empty_space][vc_empty_space][\/vc_column][\/vc_row]<\/p>","protected":false},"excerpt":{"rendered":"<p>[vc_row][vc_column width=&#8220;1\/3&#8243;][vc_empty_space][vc_empty_space][vc_widget_sidebar show_bg=&#8220;false&#8220; sidebar_id=&#8220;sidebar_3&#8243;][\/vc_column][vc_column width=&#8220;2\/3&#8243;][vc_empty_space][vc_column_text] Produkte [\/vc_column_text][vc_empty_space][vc_column_text] Die kontinuierlichen Investitionen in Forschung und Entwicklung, das technologische Niveau der Produktionsanlagen, die sehr genaue Auswahl der Rohstoffe und aller verwendeten Komponenten, die extreme Aufmerksamkeit auf jeden Aspekt des gesamten industriellen Prozesses und vor allem die gro\u00dfe Erfahrung der verschiedenen Arbeitsgruppen erm\u00f6glicht es dem Unternehmen, seinen Kunden innovative&hellip;<\/p>\n","protected":false},"author":1,"featured_media":0,"parent":0,"menu_order":0,"comment_status":"closed","ping_status":"closed","template":"","meta":[],"class_list":["post-1169","page","type-page","status-publish","hentry","description-off"],"yoast_head":"<!-- This site is optimized with the Yoast SEO plugin v27.2 - https:\/\/yoast.com\/product\/yoast-seo-wordpress\/ -->\n<title>Zambello riduttori per estrusori corotanti, controrotanti, bivite, monoviteZambello riduttori per estrusori corotanti, controrotanti, bivite, monoviteriduttori per estrusori corotanti, controrotanti, bivite, monoviteZambello riduttori per estrusori corotanti, controrotanti, bivite, monovite<\/title>\n<meta name=\"robots\" content=\"index, follow, max-snippet:-1, max-image-preview:large, max-video-preview:-1\" \/>\n<link rel=\"canonical\" href=\"https:\/\/zambello.it\/prodotti\/\" \/>\n<meta property=\"og:locale\" content=\"de_DE\" \/>\n<meta property=\"og:type\" content=\"article\" \/>\n<meta property=\"og:title\" content=\"[:it]Zambello group Produkte [:en]Zambello riduttori per estrusori corotanti, controrotanti, bivite, monoviteZambello riduttori per estrusori corotanti, controrotanti, bivite, monoviteriduttori per estrusori corotanti, controrotanti, bivite, monoviteZambello riduttori per estrusori corotanti, controrotanti, bivite, monovite[:de]Zambello riduttori per estrusori corotanti, controrotanti, bivite, monoviteZambello riduttori per estrusori corotanti, controrotanti, bivite, monoviteriduttori per estrusori corotanti, controrotanti, bivite, monoviteZambello riduttori per estrusori corotanti, controrotanti, bivite, monovite[:]\" \/>\n<meta property=\"og:description\" content=\"[vc_row][vc_column width=&#8220;1\/3&#8243;][vc_empty_space][vc_empty_space][vc_widget_sidebar show_bg=&#8220;false&#8220; sidebar_id=&#8220;sidebar_3&#8243;][\/vc_column][vc_column width=&#8220;2\/3&#8243;][vc_empty_space][vc_column_text] Produkte [\/vc_column_text][vc_empty_space][vc_column_text] Die kontinuierlichen Investitionen in Forschung und Entwicklung, das technologische Niveau der Produktionsanlagen, die sehr genaue Auswahl der Rohstoffe und aller verwendeten Komponenten, die extreme Aufmerksamkeit auf jeden Aspekt des gesamten industriellen Prozesses und vor allem die gro\u00dfe Erfahrung der verschiedenen Arbeitsgruppen erm\u00f6glicht es dem Unternehmen, seinen Kunden innovative&hellip;\" \/>\n<meta property=\"og:url\" content=\"https:\/\/zambello.it\/prodotti\/\" \/>\n<meta property=\"og:site_name\" content=\"Zambello group\" \/>\n<meta property=\"article:modified_time\" content=\"2026-01-22T15:36:43+00:00\" \/>\n<meta name=\"twitter:card\" content=\"summary_large_image\" \/>\n<meta name=\"twitter:label1\" content=\"Gesch\u00e4tzte Lesezeit\" \/>\n\t<meta name=\"twitter:data1\" content=\"1\u00a0Minute\" \/>\n<script type=\"application\/ld+json\" class=\"yoast-schema-graph\">{\"@context\":\"https:\/\/schema.org\",\"@graph\":[{\"@type\":\"WebPage\",\"@id\":\"https:\/\/zambello.it\/prodotti\/\",\"url\":\"https:\/\/zambello.it\/prodotti\/\",\"name\":\"[:it]Zambello group Produkte [:en]Zambello riduttori per estrusori corotanti, controrotanti, bivite, monoviteZambello riduttori per estrusori corotanti, controrotanti, bivite, monoviteriduttori per estrusori corotanti, controrotanti, bivite, monoviteZambello riduttori per estrusori corotanti, controrotanti, bivite, monovite[:de]Zambello riduttori per estrusori corotanti, controrotanti, bivite, monoviteZambello riduttori per estrusori corotanti, controrotanti, bivite, monoviteriduttori per estrusori corotanti, controrotanti, bivite, monoviteZambello riduttori per estrusori corotanti, controrotanti, bivite, monovite[:]\",\"isPartOf\":{\"@id\":\"https:\/\/zambello.it\/#website\"},\"datePublished\":\"2016-05-26T17:08:17+00:00\",\"dateModified\":\"2026-01-22T15:36:43+00:00\",\"breadcrumb\":{\"@id\":\"https:\/\/zambello.it\/prodotti\/#breadcrumb\"},\"inLanguage\":\"de\",\"potentialAction\":[{\"@type\":\"ReadAction\",\"target\":[\"https:\/\/zambello.it\/prodotti\/\"]}]},{\"@type\":\"BreadcrumbList\",\"@id\":\"https:\/\/zambello.it\/prodotti\/#breadcrumb\",\"itemListElement\":[{\"@type\":\"ListItem\",\"position\":1,\"name\":\"Home\",\"item\":\"https:\/\/zambello.it\/\"},{\"@type\":\"ListItem\",\"position\":2,\"name\":\"Prodotti\"}]},{\"@type\":\"WebSite\",\"@id\":\"https:\/\/zambello.it\/#website\",\"url\":\"https:\/\/zambello.it\/\",\"name\":\"Zambello group\",\"description\":\"Advanced technology for extruders\",\"publisher\":{\"@id\":\"https:\/\/zambello.it\/#organization\"},\"potentialAction\":[{\"@type\":\"SearchAction\",\"target\":{\"@type\":\"EntryPoint\",\"urlTemplate\":\"https:\/\/zambello.it\/?s={search_term_string}\"},\"query-input\":{\"@type\":\"PropertyValueSpecification\",\"valueRequired\":true,\"valueName\":\"search_term_string\"}}],\"inLanguage\":\"de\"},{\"@type\":\"Organization\",\"@id\":\"https:\/\/zambello.it\/#organization\",\"name\":\"Zambello Group\",\"url\":\"https:\/\/zambello.it\/\",\"logo\":{\"@type\":\"ImageObject\",\"inLanguage\":\"de\",\"@id\":\"https:\/\/zambello.it\/#\/schema\/logo\/image\/\",\"url\":\"https:\/\/zambello.it\/wp-content\/uploads\/2018\/11\/LOGO28XI_350.png\",\"contentUrl\":\"https:\/\/zambello.it\/wp-content\/uploads\/2018\/11\/LOGO28XI_350.png\",\"width\":350,\"height\":64,\"caption\":\"Zambello Group\"},\"image\":{\"@id\":\"https:\/\/zambello.it\/#\/schema\/logo\/image\/\"}}]}<\/script>\n<!-- \/ Yoast SEO plugin. -->","yoast_head_json":{"title":"Zambello riduttori per estrusori corotanti, controrotanti, bivite, monoviteZambello riduttori per estrusori corotanti, controrotanti, bivite, monoviteriduttori per estrusori corotanti, controrotanti, bivite, monoviteZambello riduttori per estrusori corotanti, controrotanti, bivite, monovite","robots":{"index":"index","follow":"follow","max-snippet":"max-snippet:-1","max-image-preview":"max-image-preview:large","max-video-preview":"max-video-preview:-1"},"canonical":"https:\/\/zambello.it\/prodotti\/","og_locale":"de_DE","og_type":"article","og_title":"[:it]Zambello group Produkte [:en]Zambello riduttori per estrusori corotanti, controrotanti, bivite, monoviteZambello riduttori per estrusori corotanti, controrotanti, bivite, monoviteriduttori per estrusori corotanti, controrotanti, bivite, monoviteZambello riduttori per estrusori corotanti, controrotanti, bivite, monovite[:de]Zambello riduttori per estrusori corotanti, controrotanti, bivite, monoviteZambello riduttori per estrusori corotanti, controrotanti, bivite, monoviteriduttori per estrusori corotanti, controrotanti, bivite, monoviteZambello riduttori per estrusori corotanti, controrotanti, bivite, monovite[:]","og_description":"[vc_row][vc_column width=&#8220;1\/3&#8243;][vc_empty_space][vc_empty_space][vc_widget_sidebar show_bg=&#8220;false&#8220; sidebar_id=&#8220;sidebar_3&#8243;][\/vc_column][vc_column width=&#8220;2\/3&#8243;][vc_empty_space][vc_column_text] Produkte [\/vc_column_text][vc_empty_space][vc_column_text] Die kontinuierlichen Investitionen in Forschung und Entwicklung, das technologische Niveau der Produktionsanlagen, die sehr genaue Auswahl der Rohstoffe und aller verwendeten Komponenten, die extreme Aufmerksamkeit auf jeden Aspekt des gesamten industriellen Prozesses und vor allem die gro\u00dfe Erfahrung der verschiedenen Arbeitsgruppen erm\u00f6glicht es dem Unternehmen, seinen Kunden innovative&hellip;","og_url":"https:\/\/zambello.it\/prodotti\/","og_site_name":"Zambello group","article_modified_time":"2026-01-22T15:36:43+00:00","twitter_card":"summary_large_image","twitter_misc":{"Gesch\u00e4tzte Lesezeit":"1\u00a0Minute"},"schema":{"@context":"https:\/\/schema.org","@graph":[{"@type":"WebPage","@id":"https:\/\/zambello.it\/prodotti\/","url":"https:\/\/zambello.it\/prodotti\/","name":"[:it]Zambello group Produkte [:en]Zambello riduttori per estrusori corotanti, controrotanti, bivite, monoviteZambello riduttori per estrusori corotanti, controrotanti, bivite, monoviteriduttori per estrusori corotanti, controrotanti, bivite, monoviteZambello riduttori per estrusori corotanti, controrotanti, bivite, monovite[:de]Zambello riduttori per estrusori corotanti, controrotanti, bivite, monoviteZambello riduttori per estrusori corotanti, controrotanti, bivite, monoviteriduttori per estrusori corotanti, controrotanti, bivite, monoviteZambello riduttori per estrusori corotanti, controrotanti, bivite, monovite[:]","isPartOf":{"@id":"https:\/\/zambello.it\/#website"},"datePublished":"2016-05-26T17:08:17+00:00","dateModified":"2026-01-22T15:36:43+00:00","breadcrumb":{"@id":"https:\/\/zambello.it\/prodotti\/#breadcrumb"},"inLanguage":"de","potentialAction":[{"@type":"ReadAction","target":["https:\/\/zambello.it\/prodotti\/"]}]},{"@type":"BreadcrumbList","@id":"https:\/\/zambello.it\/prodotti\/#breadcrumb","itemListElement":[{"@type":"ListItem","position":1,"name":"Home","item":"https:\/\/zambello.it\/"},{"@type":"ListItem","position":2,"name":"Prodotti"}]},{"@type":"WebSite","@id":"https:\/\/zambello.it\/#website","url":"https:\/\/zambello.it\/","name":"Zambello group","description":"Advanced technology for extruders","publisher":{"@id":"https:\/\/zambello.it\/#organization"},"potentialAction":[{"@type":"SearchAction","target":{"@type":"EntryPoint","urlTemplate":"https:\/\/zambello.it\/?s={search_term_string}"},"query-input":{"@type":"PropertyValueSpecification","valueRequired":true,"valueName":"search_term_string"}}],"inLanguage":"de"},{"@type":"Organization","@id":"https:\/\/zambello.it\/#organization","name":"Zambello Group","url":"https:\/\/zambello.it\/","logo":{"@type":"ImageObject","inLanguage":"de","@id":"https:\/\/zambello.it\/#\/schema\/logo\/image\/","url":"https:\/\/zambello.it\/wp-content\/uploads\/2018\/11\/LOGO28XI_350.png","contentUrl":"https:\/\/zambello.it\/wp-content\/uploads\/2018\/11\/LOGO28XI_350.png","width":350,"height":64,"caption":"Zambello Group"},"image":{"@id":"https:\/\/zambello.it\/#\/schema\/logo\/image\/"}}]}},"_links":{"self":[{"href":"https:\/\/zambello.it\/de\/wp-json\/wp\/v2\/pages\/1169","targetHints":{"allow":["GET"]}}],"collection":[{"href":"https:\/\/zambello.it\/de\/wp-json\/wp\/v2\/pages"}],"about":[{"href":"https:\/\/zambello.it\/de\/wp-json\/wp\/v2\/types\/page"}],"author":[{"embeddable":true,"href":"https:\/\/zambello.it\/de\/wp-json\/wp\/v2\/users\/1"}],"replies":[{"embeddable":true,"href":"https:\/\/zambello.it\/de\/wp-json\/wp\/v2\/comments?post=1169"}],"version-history":[{"count":37,"href":"https:\/\/zambello.it\/de\/wp-json\/wp\/v2\/pages\/1169\/revisions"}],"predecessor-version":[{"id":38155,"href":"https:\/\/zambello.it\/de\/wp-json\/wp\/v2\/pages\/1169\/revisions\/38155"}],"wp:attachment":[{"href":"https:\/\/zambello.it\/de\/wp-json\/wp\/v2\/media?parent=1169"}],"curies":[{"name":"wp","href":"https:\/\/api.w.org\/{rel}","templated":true}]}}