{"id":1150,"date":"2016-05-26T15:28:23","date_gmt":"2016-05-26T13:28:23","guid":{"rendered":"http:\/\/gig3.barikama.it\/?page_id=1150"},"modified":"2025-10-01T16:40:05","modified_gmt":"2025-10-01T14:40:05","slug":"riduttori-per-estrusori","status":"publish","type":"page","link":"https:\/\/zambello.it\/de\/","title":{"rendered":"Zambello Group &#8211; Getriebe f\u00fcr Extruder"},"content":{"rendered":"<p><\/p>\n<p>[vc_row][vc_column][vc_empty_space][vc_column_text]<\/p>\n<h4 style=\"text-align: center; color: #777777;\">Zambello fertigt Getriebe in hervorragender Qualit\u00e4t und Zuverl\u00e4ssigkeit f\u00fcr Einschneckenextruder, gleich- und gegenl\u00e4ufige Doppelschnecken (parallele und konische) und Spritzgie\u00dfmaschinen<\/h4>\n<p>[\/vc_column_text][vc_empty_space][vc_column_text]<\/p>\n<h1 style=\"text-align: center;\">Ein Familienunternehmen,<\/h1>\n<h2 style=\"text-align: center;\">seit 1957 made in Italy<\/h2>\n<p>[\/vc_column_text][vc_empty_space][vc_column_text]<\/p>\n<h4 style=\"text-align: center; color: #777777;\">Seit 1957 werden die weltweit besten Getriebe vollst\u00e4ndig in Italien produziert f\u00fcr den Extrusionsbereich<br \/>\nHightech und unvergleichliche Erfahrung f\u00fcr Produkte und Dienstleistungen in absolut bester Qualit\u00e4t<\/h4>\n<p>[\/vc_column_text][vc_column_text]<\/p>\n<p style=\"text-align: center;\">Gegr\u00fcndet von Zevio Zambello \u2013 dem Vater von Elio und Alessandro, den aktuellen Eigent\u00fcmern der Gruppe \u2013 hat sich das Unternehmen immer auf die Konstruktion und Produktion von Zahnradgetrieben mit h\u00f6chstem technologischem Anspruch spezialisiert. Ein Gesch\u00e4ft, das in den letzten Jahrzehnten im Kunststoff- und Extrusionsbereich sein ureigenes Ziel gefunden hat.<\/p>\n<p>[\/vc_column_text][vc_empty_space][vc_empty_space][vc_single_image image=&#8220;35850&#8243; img_size=&#8220;full&#8220; alignment=&#8220;center&#8220; css_animation=&#8220;zoomIn&#8220;][vc_empty_space][\/vc_column][\/vc_row][vc_row full_width=&#8220;stretch_row&#8220; video_bg=&#8220;yes&#8220; video_bg_parallax=&#8220;content-moving&#8220; css=&#8220;.vc_custom_1434538448279{padding-top: 250px !important;padding-bottom: 35px !important;}&#8220;][vc_column width=&#8220;1\/3&#8243;][vc_icon icon_fontawesome=&#8220;fa fa-lightbulb-o&#8220; color=&#8220;white&#8220; background_style=&#8220;rounded&#8220; background_color=&#8220;custom&#8220; size=&#8220;xl&#8220; align=&#8220;center&#8220; custom_background_color=&#8220;#00aeef&#8220;][vc_custom_heading text=&#8220;Projektierung&#8220; font_container=&#8220;tag:h4|text_align:center|color:%23000000&#8243; use_theme_fonts=&#8220;yes&#8220; css=&#8220;.vc_custom_1567611092395{padding-bottom: 10px !important;}&#8220;][vc_column_text]Als Unternehmen, das sich seit jeher darum bem\u00fcht, marktrelevante Innovationen hervor zu bringen und den Wert seiner Produktion st\u00e4ndig zu verbessern, widmet sich Zambello der Entwicklung und Konstruktion seiner Getriebe einer ganz besonderen Aufmerksamkeit. Besonders dort, wo die Beziehung zu Partnern und Kunden sehr oft die entscheidende Rolle spielt.<br \/>\nF\u00fcr die wichtigsten ma\u00dfgeschneiderten Produkte bis hin zu Produkten in Serienproduktion besch\u00e4ftigt Zambello ein Entwicklungsteam mit beispielloser Engineering Erfahrung, das sich sorgf\u00e4ltig auf Kundenbed\u00fcrfnisse und Hinweise aus dem eigenen Vertriebsnetz abstimmt. [\/vc_column_text][\/vc_column][vc_column width=&#8220;1\/3&#8243;][vc_icon icon_fontawesome=&#8220;fa fa-pencil-square-o&#8220; color=&#8220;white&#8220; background_style=&#8220;rounded&#8220; background_color=&#8220;custom&#8220; size=&#8220;xl&#8220; align=&#8220;center&#8220; custom_background_color=&#8220;#00aeef&#8220;][vc_custom_heading text=&#8220;Beratung&#8220; font_container=&#8220;tag:h4|text_align:center|color:%23000000&#8243; use_theme_fonts=&#8220;yes&#8220; css=&#8220;.vc_custom_1567611125076{padding-bottom: 10px !important;}&#8220;][vc_column_text]In der Geschichte der Zambello-Gruppe nimmt der Wert der Menschen eine grundlegende Bedeutung an. Die Herausforderung sich auf Innovation und die Entwicklung technologischer Prozesse in jeder Phase des Produktionsprozesses zu konzentrieren wurde immer auch mit der Ausbildung der Mitarbeiter, insbesondere derer im Kundenkontakt kombiniert.<br \/>\nDie Beratung wird als die 2. S\u00e4ule des Verkaufs angesehen und ist deshalb von strategischem Wert f\u00fcr Zambello. Eine spezifische technische Ausbildung, Freundlichkeit, Seriosit\u00e4t und die Bereitschaft dem Kunden zuzuh\u00f6ren, sind die gro\u00dfen Eigenschaften, die es dem Unternehmen erm\u00f6glichen, Hinweise und Vorschl\u00e4ge im Interesse seiner Gespr\u00e4chspartner anzubieten.[\/vc_column_text][\/vc_column][vc_column width=&#8220;1\/3&#8243;][vc_icon icon_fontawesome=&#8220;fa fa-thumbs-o-up&#8220; color=&#8220;white&#8220; background_style=&#8220;rounded&#8220; background_color=&#8220;custom&#8220; size=&#8220;xl&#8220; align=&#8220;center&#8220; custom_background_color=&#8220;#00aeef&#8220;][vc_custom_heading text=&#8220;Dienstleistungen&#8220; font_container=&#8220;tag:h4|text_align:center|color:%23000000&#8243; use_theme_fonts=&#8220;yes&#8220; css=&#8220;.vc_custom_1567611155776{padding-bottom: 10px !important;}&#8220;][vc_column_text]Alle wichtigen Komponenten, die ein Getriebe als Ganzes ausmachen, werden in den Werken der Gruppe hergestellt. Aus diesem Grund ist Zambello in der Lage, allen seinen Kunden einen exzellenten Service in Bezug auf Qualit\u00e4t, Verf\u00fcgbarkeit und Liefertreue zu garantieren. Das neue automatische Hochregallager verf\u00fcgt \u00fcber Zehntausende von Komponenten, einsatz- und lieferbereit f\u00fcr den weltweiten Versand.[\/vc_column_text][\/vc_column][\/vc_row][vc_row full_width_row=&#8220;true&#8220;][vc_column][vc_empty_space][\/vc_column][\/vc_row]<\/p>\n<p><\/p>","protected":false},"excerpt":{"rendered":"<p>[vc_row][vc_column][vc_empty_space][vc_column_text] Zambello fertigt Getriebe in hervorragender Qualit\u00e4t und Zuverl\u00e4ssigkeit f\u00fcr Einschneckenextruder, gleich- und gegenl\u00e4ufige Doppelschnecken (parallele und konische) und Spritzgie\u00dfmaschinen [\/vc_column_text][vc_empty_space][vc_column_text] Ein Familienunternehmen, seit 1957 made in Italy [\/vc_column_text][vc_empty_space][vc_column_text] Seit 1957 werden die weltweit besten Getriebe vollst\u00e4ndig in Italien produziert f\u00fcr den Extrusionsbereich Hightech und unvergleichliche Erfahrung f\u00fcr Produkte und Dienstleistungen in absolut bester Qualit\u00e4t&hellip;<\/p>\n","protected":false},"author":1,"featured_media":0,"parent":0,"menu_order":0,"comment_status":"closed","ping_status":"closed","template":"","meta":[],"class_list":["post-1150","page","type-page","status-publish","hentry","description-off"],"yoast_head":"<!-- This site is optimized with the Yoast SEO plugin v27.2 - https:\/\/yoast.com\/product\/yoast-seo-wordpress\/ -->\n<title>Zambello Group - Getriebe f\u00fcr Extruder - Zambello group<\/title>\n<meta name=\"description\" content=\"(Italiano) Azienda da sempre specializzata nella progettazione e nella produzione di riduttori a ingranaggi elicoidali di elevatissima tecnologia\" \/>\n<meta name=\"robots\" content=\"index, follow, max-snippet:-1, max-image-preview:large, max-video-preview:-1\" \/>\n<link rel=\"canonical\" href=\"https:\/\/zambello.it\/\" \/>\n<meta property=\"og:locale\" content=\"de_DE\" \/>\n<meta property=\"og:type\" content=\"article\" \/>\n<meta property=\"og:title\" content=\"Zambello Group - Getriebe f\u00fcr Extruder - Zambello group\" \/>\n<meta property=\"og:description\" content=\"{:it}Azienda da sempre specializzata nella progettazione e nella produzione di riduttori a ingranaggi elicoidali di elevatissima tecnologia{:}\" \/>\n<meta property=\"og:url\" content=\"https:\/\/zambello.it\/\" \/>\n<meta property=\"og:site_name\" content=\"Zambello group\" \/>\n<meta property=\"article:modified_time\" content=\"2025-10-01T14:40:05+00:00\" \/>\n<meta name=\"twitter:card\" content=\"summary_large_image\" \/>\n<meta name=\"twitter:label1\" content=\"Gesch\u00e4tzte Lesezeit\" \/>\n\t<meta name=\"twitter:data1\" content=\"3\u00a0Minuten\" \/>\n<script type=\"application\/ld+json\" class=\"yoast-schema-graph\">{\"@context\":\"https:\/\/schema.org\",\"@graph\":[{\"@type\":\"WebPage\",\"@id\":\"https:\/\/zambello.it\/\",\"url\":\"https:\/\/zambello.it\/\",\"name\":\"Zambello Group - Getriebe f\u00fcr Extruder - Zambello group\",\"isPartOf\":{\"@id\":\"https:\/\/zambello.it\/#website\"},\"datePublished\":\"2016-05-26T13:28:23+00:00\",\"dateModified\":\"2025-10-01T14:40:05+00:00\",\"description\":\"{:it}Azienda da sempre specializzata nella progettazione e nella produzione di riduttori a ingranaggi elicoidali di elevatissima tecnologia{:}\",\"breadcrumb\":{\"@id\":\"https:\/\/zambello.it\/#breadcrumb\"},\"inLanguage\":\"de\",\"potentialAction\":[{\"@type\":\"ReadAction\",\"target\":[\"https:\/\/zambello.it\/\"]}]},{\"@type\":\"BreadcrumbList\",\"@id\":\"https:\/\/zambello.it\/#breadcrumb\",\"itemListElement\":[{\"@type\":\"ListItem\",\"position\":1,\"name\":\"Home\",\"item\":\"https:\/\/zambello.it\/\"},{\"@type\":\"ListItem\",\"position\":2,\"name\":\"Zambello Group &#8211; riduttori per estrusori\"}]},{\"@type\":\"WebSite\",\"@id\":\"https:\/\/zambello.it\/#website\",\"url\":\"https:\/\/zambello.it\/\",\"name\":\"Zambello group\",\"description\":\"Advanced technology for extruders\",\"publisher\":{\"@id\":\"https:\/\/zambello.it\/#organization\"},\"potentialAction\":[{\"@type\":\"SearchAction\",\"target\":{\"@type\":\"EntryPoint\",\"urlTemplate\":\"https:\/\/zambello.it\/?s={search_term_string}\"},\"query-input\":{\"@type\":\"PropertyValueSpecification\",\"valueRequired\":true,\"valueName\":\"search_term_string\"}}],\"inLanguage\":\"de\"},{\"@type\":\"Organization\",\"@id\":\"https:\/\/zambello.it\/#organization\",\"name\":\"Zambello Group\",\"url\":\"https:\/\/zambello.it\/\",\"logo\":{\"@type\":\"ImageObject\",\"inLanguage\":\"de\",\"@id\":\"https:\/\/zambello.it\/#\/schema\/logo\/image\/\",\"url\":\"https:\/\/zambello.it\/wp-content\/uploads\/2018\/11\/LOGO28XI_350.png\",\"contentUrl\":\"https:\/\/zambello.it\/wp-content\/uploads\/2018\/11\/LOGO28XI_350.png\",\"width\":350,\"height\":64,\"caption\":\"Zambello Group\"},\"image\":{\"@id\":\"https:\/\/zambello.it\/#\/schema\/logo\/image\/\"}}]}<\/script>\n<!-- \/ Yoast SEO plugin. -->","yoast_head_json":{"title":"Zambello Group - Getriebe f\u00fcr Extruder - Zambello group","description":"(Italiano) Azienda da sempre specializzata nella progettazione e nella produzione di riduttori a ingranaggi elicoidali di elevatissima tecnologia","robots":{"index":"index","follow":"follow","max-snippet":"max-snippet:-1","max-image-preview":"max-image-preview:large","max-video-preview":"max-video-preview:-1"},"canonical":"https:\/\/zambello.it\/","og_locale":"de_DE","og_type":"article","og_title":"Zambello Group - Getriebe f\u00fcr Extruder - Zambello group","og_description":"{:it}Azienda da sempre specializzata nella progettazione e nella produzione di riduttori a ingranaggi elicoidali di elevatissima tecnologia{:}","og_url":"https:\/\/zambello.it\/","og_site_name":"Zambello group","article_modified_time":"2025-10-01T14:40:05+00:00","twitter_card":"summary_large_image","twitter_misc":{"Gesch\u00e4tzte Lesezeit":"3\u00a0Minuten"},"schema":{"@context":"https:\/\/schema.org","@graph":[{"@type":"WebPage","@id":"https:\/\/zambello.it\/","url":"https:\/\/zambello.it\/","name":"Zambello Group - Getriebe f\u00fcr Extruder - Zambello group","isPartOf":{"@id":"https:\/\/zambello.it\/#website"},"datePublished":"2016-05-26T13:28:23+00:00","dateModified":"2025-10-01T14:40:05+00:00","description":"{:it}Azienda da sempre specializzata nella progettazione e nella produzione di riduttori a ingranaggi elicoidali di elevatissima tecnologia{:}","breadcrumb":{"@id":"https:\/\/zambello.it\/#breadcrumb"},"inLanguage":"de","potentialAction":[{"@type":"ReadAction","target":["https:\/\/zambello.it\/"]}]},{"@type":"BreadcrumbList","@id":"https:\/\/zambello.it\/#breadcrumb","itemListElement":[{"@type":"ListItem","position":1,"name":"Home","item":"https:\/\/zambello.it\/"},{"@type":"ListItem","position":2,"name":"Zambello Group &#8211; riduttori per estrusori"}]},{"@type":"WebSite","@id":"https:\/\/zambello.it\/#website","url":"https:\/\/zambello.it\/","name":"Zambello group","description":"Advanced technology for extruders","publisher":{"@id":"https:\/\/zambello.it\/#organization"},"potentialAction":[{"@type":"SearchAction","target":{"@type":"EntryPoint","urlTemplate":"https:\/\/zambello.it\/?s={search_term_string}"},"query-input":{"@type":"PropertyValueSpecification","valueRequired":true,"valueName":"search_term_string"}}],"inLanguage":"de"},{"@type":"Organization","@id":"https:\/\/zambello.it\/#organization","name":"Zambello Group","url":"https:\/\/zambello.it\/","logo":{"@type":"ImageObject","inLanguage":"de","@id":"https:\/\/zambello.it\/#\/schema\/logo\/image\/","url":"https:\/\/zambello.it\/wp-content\/uploads\/2018\/11\/LOGO28XI_350.png","contentUrl":"https:\/\/zambello.it\/wp-content\/uploads\/2018\/11\/LOGO28XI_350.png","width":350,"height":64,"caption":"Zambello Group"},"image":{"@id":"https:\/\/zambello.it\/#\/schema\/logo\/image\/"}}]}},"_links":{"self":[{"href":"https:\/\/zambello.it\/de\/wp-json\/wp\/v2\/pages\/1150","targetHints":{"allow":["GET"]}}],"collection":[{"href":"https:\/\/zambello.it\/de\/wp-json\/wp\/v2\/pages"}],"about":[{"href":"https:\/\/zambello.it\/de\/wp-json\/wp\/v2\/types\/page"}],"author":[{"embeddable":true,"href":"https:\/\/zambello.it\/de\/wp-json\/wp\/v2\/users\/1"}],"replies":[{"embeddable":true,"href":"https:\/\/zambello.it\/de\/wp-json\/wp\/v2\/comments?post=1150"}],"version-history":[{"count":82,"href":"https:\/\/zambello.it\/de\/wp-json\/wp\/v2\/pages\/1150\/revisions"}],"predecessor-version":[{"id":38040,"href":"https:\/\/zambello.it\/de\/wp-json\/wp\/v2\/pages\/1150\/revisions\/38040"}],"wp:attachment":[{"href":"https:\/\/zambello.it\/de\/wp-json\/wp\/v2\/media?parent=1150"}],"curies":[{"name":"wp","href":"https:\/\/api.w.org\/{rel}","templated":true}]}}